{"id":10668,"date":"2024-01-29T09:06:56","date_gmt":"2024-01-29T09:06:56","guid":{"rendered":"https:\/\/rental.digitalazul.pt\/?post_type=product&#038;p=10668"},"modified":"2025-06-16T16:03:41","modified_gmt":"2025-06-16T15:03:41","slug":"vizrt-tricaster-mini-4k","status":"publish","type":"product","link":"https:\/\/rental.digitalazul.pt\/en\/produto\/vizrt-tricaster-mini-4k\/","title":{"rendered":"VIZRT TRICASTER MINI 4K"},"content":{"rendered":"","protected":false},"excerpt":{"rendered":"","protected":false},"featured_media":10674,"template":"","meta":[],"product_cat":[79],"product_tag":[94],"class_list":{"0":"post-10668","1":"product","2":"type-product","3":"status-publish","4":"has-post-thumbnail","6":"product_cat-multi-camera-service-for-rent-hire-in-lisbon-portugal-at-digital-azul","7":"product_tag-digital-azul-en","9":"first","10":"instock","11":"taxable","12":"shipping-taxable","13":"product-type-simple"},"acf":[],"yoast_head":"<!-- This site is optimized with the Yoast SEO plugin v23.2 - https:\/\/yoast.com\/wordpress\/plugins\/seo\/ -->\n<title>VIZRT TRICASTER MINI 4K<\/title>\n<meta name=\"description\" content=\"O sistema Multiview permite ligar 4 sinais sdi e pode ser utilizado para monitorizar at\u00e9 4 c\u00e2maras. Dispon\u00edvel para aluguer na Digital Azul.\" \/>\n<meta name=\"robots\" content=\"index, follow, max-snippet:-1, max-image-preview:large, max-video-preview:-1\" \/>\n<link rel=\"canonical\" href=\"https:\/\/rental.digitalazul.pt\/en\/produto\/vizrt-tricaster-mini-4k\/\" \/>\n<meta property=\"og:locale\" content=\"en_US\" \/>\n<meta property=\"og:type\" content=\"article\" \/>\n<meta property=\"og:title\" content=\"VIZRT TRICASTER MINI 4K\" \/>\n<meta property=\"og:description\" content=\"O sistema Multiview permite ligar 4 sinais sdi e pode ser utilizado para monitorizar at\u00e9 4 c\u00e2maras. Dispon\u00edvel para aluguer na Digital Azul.\" \/>\n<meta property=\"og:url\" content=\"https:\/\/rental.digitalazul.pt\/en\/produto\/vizrt-tricaster-mini-4k\/\" \/>\n<meta property=\"og:site_name\" content=\"Digital Azul\" \/>\n<meta property=\"article:publisher\" content=\"https:\/\/www.facebook.com\/DigitalAzul\" \/>\n<meta property=\"article:modified_time\" content=\"2025-06-16T15:03:41+00:00\" \/>\n<meta property=\"og:image\" content=\"https:\/\/rental.digitalazul.pt\/wp-content\/uploads\/2024\/01\/tc-mini-shot.png.webp\" \/>\n\t<meta property=\"og:image:width\" content=\"474\" \/>\n\t<meta property=\"og:image:height\" content=\"579\" \/>\n\t<meta property=\"og:image:type\" content=\"image\/webp\" \/>\n<meta name=\"twitter:card\" content=\"summary_large_image\" \/>\n<meta name=\"twitter:label1\" content=\"Est. reading time\" \/>\n\t<meta name=\"twitter:data1\" content=\"1 minute\" \/>\n<script type=\"application\/ld+json\" class=\"yoast-schema-graph\">{\"@context\":\"https:\/\/schema.org\",\"@graph\":[{\"@type\":\"WebPage\",\"@id\":\"https:\/\/rental.digitalazul.pt\/en\/produto\/vizrt-tricaster-mini-4k\/\",\"url\":\"https:\/\/rental.digitalazul.pt\/en\/produto\/vizrt-tricaster-mini-4k\/\",\"name\":\"VIZRT TRICASTER MINI 4K\",\"isPartOf\":{\"@id\":\"https:\/\/rental.digitalazul.pt\/en\/#website\"},\"primaryImageOfPage\":{\"@id\":\"https:\/\/rental.digitalazul.pt\/en\/produto\/vizrt-tricaster-mini-4k\/#primaryimage\"},\"image\":{\"@id\":\"https:\/\/rental.digitalazul.pt\/en\/produto\/vizrt-tricaster-mini-4k\/#primaryimage\"},\"thumbnailUrl\":\"https:\/\/rental.digitalazul.pt\/wp-content\/uploads\/2024\/01\/tc-mini-shot.png.webp\",\"datePublished\":\"2024-01-29T09:06:56+00:00\",\"dateModified\":\"2025-06-16T15:03:41+00:00\",\"description\":\"O sistema Multiview permite ligar 4 sinais sdi e pode ser utilizado para monitorizar at\u00e9 4 c\u00e2maras. Dispon\u00edvel para aluguer na Digital Azul.\",\"breadcrumb\":{\"@id\":\"https:\/\/rental.digitalazul.pt\/en\/produto\/vizrt-tricaster-mini-4k\/#breadcrumb\"},\"inLanguage\":\"en-US\",\"potentialAction\":[{\"@type\":\"ReadAction\",\"target\":[\"https:\/\/rental.digitalazul.pt\/en\/produto\/vizrt-tricaster-mini-4k\/\"]}]},{\"@type\":\"ImageObject\",\"inLanguage\":\"en-US\",\"@id\":\"https:\/\/rental.digitalazul.pt\/en\/produto\/vizrt-tricaster-mini-4k\/#primaryimage\",\"url\":\"https:\/\/rental.digitalazul.pt\/wp-content\/uploads\/2024\/01\/tc-mini-shot.png.webp\",\"contentUrl\":\"https:\/\/rental.digitalazul.pt\/wp-content\/uploads\/2024\/01\/tc-mini-shot.png.webp\",\"width\":474,\"height\":579},{\"@type\":\"BreadcrumbList\",\"@id\":\"https:\/\/rental.digitalazul.pt\/en\/produto\/vizrt-tricaster-mini-4k\/#breadcrumb\",\"itemListElement\":[{\"@type\":\"ListItem\",\"position\":1,\"name\":\"Home\",\"item\":\"https:\/\/rental.digitalazul.pt\/en\/\"},{\"@type\":\"ListItem\",\"position\":2,\"name\":\"Categories\",\"item\":\"https:\/\/rental.digitalazul.pt\/en\/categories\/\"},{\"@type\":\"ListItem\",\"position\":3,\"name\":\"VIZRT TRICASTER MINI 4K\"}]},{\"@type\":\"WebSite\",\"@id\":\"https:\/\/rental.digitalazul.pt\/en\/#website\",\"url\":\"https:\/\/rental.digitalazul.pt\/en\/\",\"name\":\"Digital Azul\",\"description\":\"Rental Catalogue\",\"potentialAction\":[{\"@type\":\"SearchAction\",\"target\":{\"@type\":\"EntryPoint\",\"urlTemplate\":\"https:\/\/rental.digitalazul.pt\/en\/?s={search_term_string}\"},\"query-input\":\"required name=search_term_string\"}],\"inLanguage\":\"en-US\"}]}<\/script>\n<!-- \/ Yoast SEO plugin. -->","yoast_head_json":{"title":"VIZRT TRICASTER MINI 4K","description":"O sistema Multiview permite ligar 4 sinais sdi e pode ser utilizado para monitorizar at\u00e9 4 c\u00e2maras. Dispon\u00edvel para aluguer na Digital Azul.","robots":{"index":"index","follow":"follow","max-snippet":"max-snippet:-1","max-image-preview":"max-image-preview:large","max-video-preview":"max-video-preview:-1"},"canonical":"https:\/\/rental.digitalazul.pt\/en\/produto\/vizrt-tricaster-mini-4k\/","og_locale":"en_US","og_type":"article","og_title":"VIZRT TRICASTER MINI 4K","og_description":"O sistema Multiview permite ligar 4 sinais sdi e pode ser utilizado para monitorizar at\u00e9 4 c\u00e2maras. Dispon\u00edvel para aluguer na Digital Azul.","og_url":"https:\/\/rental.digitalazul.pt\/en\/produto\/vizrt-tricaster-mini-4k\/","og_site_name":"Digital Azul","article_publisher":"https:\/\/www.facebook.com\/DigitalAzul","article_modified_time":"2025-06-16T15:03:41+00:00","og_image":[{"width":474,"height":579,"url":"https:\/\/rental.digitalazul.pt\/wp-content\/uploads\/2024\/01\/tc-mini-shot.png.webp","type":"image\/webp"}],"twitter_card":"summary_large_image","twitter_misc":{"Est. reading time":"1 minute"},"schema":{"@context":"https:\/\/schema.org","@graph":[{"@type":"WebPage","@id":"https:\/\/rental.digitalazul.pt\/en\/produto\/vizrt-tricaster-mini-4k\/","url":"https:\/\/rental.digitalazul.pt\/en\/produto\/vizrt-tricaster-mini-4k\/","name":"VIZRT TRICASTER MINI 4K","isPartOf":{"@id":"https:\/\/rental.digitalazul.pt\/en\/#website"},"primaryImageOfPage":{"@id":"https:\/\/rental.digitalazul.pt\/en\/produto\/vizrt-tricaster-mini-4k\/#primaryimage"},"image":{"@id":"https:\/\/rental.digitalazul.pt\/en\/produto\/vizrt-tricaster-mini-4k\/#primaryimage"},"thumbnailUrl":"https:\/\/rental.digitalazul.pt\/wp-content\/uploads\/2024\/01\/tc-mini-shot.png.webp","datePublished":"2024-01-29T09:06:56+00:00","dateModified":"2025-06-16T15:03:41+00:00","description":"O sistema Multiview permite ligar 4 sinais sdi e pode ser utilizado para monitorizar at\u00e9 4 c\u00e2maras. Dispon\u00edvel para aluguer na Digital Azul.","breadcrumb":{"@id":"https:\/\/rental.digitalazul.pt\/en\/produto\/vizrt-tricaster-mini-4k\/#breadcrumb"},"inLanguage":"en-US","potentialAction":[{"@type":"ReadAction","target":["https:\/\/rental.digitalazul.pt\/en\/produto\/vizrt-tricaster-mini-4k\/"]}]},{"@type":"ImageObject","inLanguage":"en-US","@id":"https:\/\/rental.digitalazul.pt\/en\/produto\/vizrt-tricaster-mini-4k\/#primaryimage","url":"https:\/\/rental.digitalazul.pt\/wp-content\/uploads\/2024\/01\/tc-mini-shot.png.webp","contentUrl":"https:\/\/rental.digitalazul.pt\/wp-content\/uploads\/2024\/01\/tc-mini-shot.png.webp","width":474,"height":579},{"@type":"BreadcrumbList","@id":"https:\/\/rental.digitalazul.pt\/en\/produto\/vizrt-tricaster-mini-4k\/#breadcrumb","itemListElement":[{"@type":"ListItem","position":1,"name":"Home","item":"https:\/\/rental.digitalazul.pt\/en\/"},{"@type":"ListItem","position":2,"name":"Categories","item":"https:\/\/rental.digitalazul.pt\/en\/categories\/"},{"@type":"ListItem","position":3,"name":"VIZRT TRICASTER MINI 4K"}]},{"@type":"WebSite","@id":"https:\/\/rental.digitalazul.pt\/en\/#website","url":"https:\/\/rental.digitalazul.pt\/en\/","name":"Digital Azul","description":"Rental Catalogue","potentialAction":[{"@type":"SearchAction","target":{"@type":"EntryPoint","urlTemplate":"https:\/\/rental.digitalazul.pt\/en\/?s={search_term_string}"},"query-input":"required name=search_term_string"}],"inLanguage":"en-US"}]}},"_links":{"self":[{"href":"https:\/\/rental.digitalazul.pt\/en\/wp-json\/wp\/v2\/product\/10668"}],"collection":[{"href":"https:\/\/rental.digitalazul.pt\/en\/wp-json\/wp\/v2\/product"}],"about":[{"href":"https:\/\/rental.digitalazul.pt\/en\/wp-json\/wp\/v2\/types\/product"}],"wp:featuredmedia":[{"embeddable":true,"href":"https:\/\/rental.digitalazul.pt\/en\/wp-json\/wp\/v2\/media\/10674"}],"wp:attachment":[{"href":"https:\/\/rental.digitalazul.pt\/en\/wp-json\/wp\/v2\/media?parent=10668"}],"wp:term":[{"taxonomy":"product_cat","embeddable":true,"href":"https:\/\/rental.digitalazul.pt\/en\/wp-json\/wp\/v2\/product_cat?post=10668"},{"taxonomy":"product_tag","embeddable":true,"href":"https:\/\/rental.digitalazul.pt\/en\/wp-json\/wp\/v2\/product_tag?post=10668"}],"curies":[{"name":"wp","href":"https:\/\/api.w.org\/{rel}","templated":true}]}}