{"id":11167,"date":"2024-06-24T14:49:44","date_gmt":"2024-06-24T13:49:44","guid":{"rendered":"https:\/\/rental.digitalazul.pt\/?post_type=product&#038;p=11167"},"modified":"2025-03-13T16:21:46","modified_gmt":"2025-03-13T16:21:46","slug":"sennheiser-sistema-in-ear-wireless-1-transmissor-2-receptores-50mw","status":"publish","type":"product","link":"https:\/\/rental.digitalazul.pt\/en\/produto\/sennheiser-sistema-in-ear-wireless-1-transmissor-2-receptores-50mw\/","title":{"rendered":"Sennheiser Sistema In-Ear Wireless 1 Transmissor + 2 Receptores &#8211; 50mW"},"content":{"rendered":"","protected":false},"excerpt":{"rendered":"<p>Sistema de in-ear da Wisycom \u00e9 uma solu\u00e7\u00e3o ideal para transmiss\u00f5es televisivas e outras produ\u00e7\u00f5es que exigem \u00e1udio de alta qualidade e alcance de longa dist\u00e2ncia. Composto por um transmissor Wisycom MTP60, quatro receptores Wisycom MPR50-IEM, um amplificador de 1 watt e uma antena, este conjunto garante uma performance excepcional em qualquer ambiente de produ\u00e7\u00e3o.<\/p>\n","protected":false},"featured_media":11840,"template":"","meta":[],"product_cat":[79,67,68],"product_tag":[],"class_list":{"0":"post-11167","1":"product","2":"type-product","3":"status-publish","4":"has-post-thumbnail","6":"product_cat-multi-camera-service-for-rent-hire-in-lisbon-portugal-at-digital-azul","7":"product_cat-audio-en","8":"product_cat-communications","10":"first","11":"instock","12":"taxable","13":"shipping-taxable","14":"purchasable","15":"product-type-simple"},"acf":[],"yoast_head":"<!-- This site is optimized with the Yoast SEO plugin v23.2 - https:\/\/yoast.com\/wordpress\/plugins\/seo\/ -->\n<title>Sennheiser Sistema In-Ear Wireless 1 Transmissor + 2 Receptores - 50mW &#8212; Digital Azul<\/title>\n<meta name=\"robots\" content=\"index, follow, max-snippet:-1, max-image-preview:large, max-video-preview:-1\" \/>\n<link rel=\"canonical\" href=\"https:\/\/rental.digitalazul.pt\/en\/produto\/sennheiser-sistema-in-ear-wireless-1-transmissor-2-receptores-50mw\/\" \/>\n<meta property=\"og:locale\" content=\"en_US\" \/>\n<meta property=\"og:type\" content=\"article\" \/>\n<meta property=\"og:title\" content=\"Sennheiser Sistema In-Ear Wireless 1 Transmissor + 2 Receptores - 50mW &#8212; Digital Azul\" \/>\n<meta property=\"og:description\" content=\"Sistema de in-ear da Wisycom \u00e9 uma solu\u00e7\u00e3o ideal para transmiss\u00f5es televisivas e outras produ\u00e7\u00f5es que exigem \u00e1udio de alta qualidade e alcance de longa dist\u00e2ncia. Composto por um transmissor Wisycom MTP60, quatro receptores Wisycom MPR50-IEM, um amplificador de 1 watt e uma antena, este conjunto garante uma performance excepcional em qualquer ambiente de produ\u00e7\u00e3o.\" \/>\n<meta property=\"og:url\" content=\"https:\/\/rental.digitalazul.pt\/en\/produto\/sennheiser-sistema-in-ear-wireless-1-transmissor-2-receptores-50mw\/\" \/>\n<meta property=\"og:site_name\" content=\"Digital Azul\" \/>\n<meta property=\"article:publisher\" content=\"https:\/\/www.facebook.com\/DigitalAzul\" \/>\n<meta property=\"article:modified_time\" content=\"2025-03-13T16:21:46+00:00\" \/>\n<meta property=\"og:image\" content=\"https:\/\/rental.digitalazul.pt\/wp-content\/uploads\/2024\/06\/EW_G4_IEM_2RX_500.jpg\" \/>\n\t<meta property=\"og:image:width\" content=\"500\" \/>\n\t<meta property=\"og:image:height\" content=\"500\" \/>\n\t<meta property=\"og:image:type\" content=\"image\/jpeg\" \/>\n<meta name=\"twitter:card\" content=\"summary_large_image\" \/>\n<meta name=\"twitter:label1\" content=\"Est. reading time\" \/>\n\t<meta name=\"twitter:data1\" content=\"1 minute\" \/>\n<script type=\"application\/ld+json\" class=\"yoast-schema-graph\">{\"@context\":\"https:\/\/schema.org\",\"@graph\":[{\"@type\":\"WebPage\",\"@id\":\"https:\/\/rental.digitalazul.pt\/en\/produto\/sennheiser-sistema-in-ear-wireless-1-transmissor-2-receptores-50mw\/\",\"url\":\"https:\/\/rental.digitalazul.pt\/en\/produto\/sennheiser-sistema-in-ear-wireless-1-transmissor-2-receptores-50mw\/\",\"name\":\"Sennheiser Sistema In-Ear Wireless 1 Transmissor + 2 Receptores - 50mW &#8212; Digital Azul\",\"isPartOf\":{\"@id\":\"https:\/\/rental.digitalazul.pt\/en\/#website\"},\"primaryImageOfPage\":{\"@id\":\"https:\/\/rental.digitalazul.pt\/en\/produto\/sennheiser-sistema-in-ear-wireless-1-transmissor-2-receptores-50mw\/#primaryimage\"},\"image\":{\"@id\":\"https:\/\/rental.digitalazul.pt\/en\/produto\/sennheiser-sistema-in-ear-wireless-1-transmissor-2-receptores-50mw\/#primaryimage\"},\"thumbnailUrl\":\"https:\/\/rental.digitalazul.pt\/wp-content\/uploads\/2024\/06\/EW_G4_IEM_2RX_500.jpg\",\"datePublished\":\"2024-06-24T13:49:44+00:00\",\"dateModified\":\"2025-03-13T16:21:46+00:00\",\"breadcrumb\":{\"@id\":\"https:\/\/rental.digitalazul.pt\/en\/produto\/sennheiser-sistema-in-ear-wireless-1-transmissor-2-receptores-50mw\/#breadcrumb\"},\"inLanguage\":\"en-US\",\"potentialAction\":[{\"@type\":\"ReadAction\",\"target\":[\"https:\/\/rental.digitalazul.pt\/en\/produto\/sennheiser-sistema-in-ear-wireless-1-transmissor-2-receptores-50mw\/\"]}]},{\"@type\":\"ImageObject\",\"inLanguage\":\"en-US\",\"@id\":\"https:\/\/rental.digitalazul.pt\/en\/produto\/sennheiser-sistema-in-ear-wireless-1-transmissor-2-receptores-50mw\/#primaryimage\",\"url\":\"https:\/\/rental.digitalazul.pt\/wp-content\/uploads\/2024\/06\/EW_G4_IEM_2RX_500.jpg\",\"contentUrl\":\"https:\/\/rental.digitalazul.pt\/wp-content\/uploads\/2024\/06\/EW_G4_IEM_2RX_500.jpg\",\"width\":500,\"height\":500},{\"@type\":\"BreadcrumbList\",\"@id\":\"https:\/\/rental.digitalazul.pt\/en\/produto\/sennheiser-sistema-in-ear-wireless-1-transmissor-2-receptores-50mw\/#breadcrumb\",\"itemListElement\":[{\"@type\":\"ListItem\",\"position\":1,\"name\":\"Home\",\"item\":\"https:\/\/rental.digitalazul.pt\/en\/\"},{\"@type\":\"ListItem\",\"position\":2,\"name\":\"Categories\",\"item\":\"https:\/\/rental.digitalazul.pt\/en\/categories\/\"},{\"@type\":\"ListItem\",\"position\":3,\"name\":\"Sennheiser Sistema In-Ear Wireless 1 Transmissor + 2 Receptores &#8211; 50mW\"}]},{\"@type\":\"WebSite\",\"@id\":\"https:\/\/rental.digitalazul.pt\/en\/#website\",\"url\":\"https:\/\/rental.digitalazul.pt\/en\/\",\"name\":\"Digital Azul\",\"description\":\"Rental Catalogue\",\"potentialAction\":[{\"@type\":\"SearchAction\",\"target\":{\"@type\":\"EntryPoint\",\"urlTemplate\":\"https:\/\/rental.digitalazul.pt\/en\/?s={search_term_string}\"},\"query-input\":\"required name=search_term_string\"}],\"inLanguage\":\"en-US\"}]}<\/script>\n<!-- \/ Yoast SEO plugin. -->","yoast_head_json":{"title":"Sennheiser Sistema In-Ear Wireless 1 Transmissor + 2 Receptores - 50mW &#8212; Digital Azul","robots":{"index":"index","follow":"follow","max-snippet":"max-snippet:-1","max-image-preview":"max-image-preview:large","max-video-preview":"max-video-preview:-1"},"canonical":"https:\/\/rental.digitalazul.pt\/en\/produto\/sennheiser-sistema-in-ear-wireless-1-transmissor-2-receptores-50mw\/","og_locale":"en_US","og_type":"article","og_title":"Sennheiser Sistema In-Ear Wireless 1 Transmissor + 2 Receptores - 50mW &#8212; Digital Azul","og_description":"Sistema de in-ear da Wisycom \u00e9 uma solu\u00e7\u00e3o ideal para transmiss\u00f5es televisivas e outras produ\u00e7\u00f5es que exigem \u00e1udio de alta qualidade e alcance de longa dist\u00e2ncia. Composto por um transmissor Wisycom MTP60, quatro receptores Wisycom MPR50-IEM, um amplificador de 1 watt e uma antena, este conjunto garante uma performance excepcional em qualquer ambiente de produ\u00e7\u00e3o.","og_url":"https:\/\/rental.digitalazul.pt\/en\/produto\/sennheiser-sistema-in-ear-wireless-1-transmissor-2-receptores-50mw\/","og_site_name":"Digital Azul","article_publisher":"https:\/\/www.facebook.com\/DigitalAzul","article_modified_time":"2025-03-13T16:21:46+00:00","og_image":[{"width":500,"height":500,"url":"https:\/\/rental.digitalazul.pt\/wp-content\/uploads\/2024\/06\/EW_G4_IEM_2RX_500.jpg","type":"image\/jpeg"}],"twitter_card":"summary_large_image","twitter_misc":{"Est. reading time":"1 minute"},"schema":{"@context":"https:\/\/schema.org","@graph":[{"@type":"WebPage","@id":"https:\/\/rental.digitalazul.pt\/en\/produto\/sennheiser-sistema-in-ear-wireless-1-transmissor-2-receptores-50mw\/","url":"https:\/\/rental.digitalazul.pt\/en\/produto\/sennheiser-sistema-in-ear-wireless-1-transmissor-2-receptores-50mw\/","name":"Sennheiser Sistema In-Ear Wireless 1 Transmissor + 2 Receptores - 50mW &#8212; Digital Azul","isPartOf":{"@id":"https:\/\/rental.digitalazul.pt\/en\/#website"},"primaryImageOfPage":{"@id":"https:\/\/rental.digitalazul.pt\/en\/produto\/sennheiser-sistema-in-ear-wireless-1-transmissor-2-receptores-50mw\/#primaryimage"},"image":{"@id":"https:\/\/rental.digitalazul.pt\/en\/produto\/sennheiser-sistema-in-ear-wireless-1-transmissor-2-receptores-50mw\/#primaryimage"},"thumbnailUrl":"https:\/\/rental.digitalazul.pt\/wp-content\/uploads\/2024\/06\/EW_G4_IEM_2RX_500.jpg","datePublished":"2024-06-24T13:49:44+00:00","dateModified":"2025-03-13T16:21:46+00:00","breadcrumb":{"@id":"https:\/\/rental.digitalazul.pt\/en\/produto\/sennheiser-sistema-in-ear-wireless-1-transmissor-2-receptores-50mw\/#breadcrumb"},"inLanguage":"en-US","potentialAction":[{"@type":"ReadAction","target":["https:\/\/rental.digitalazul.pt\/en\/produto\/sennheiser-sistema-in-ear-wireless-1-transmissor-2-receptores-50mw\/"]}]},{"@type":"ImageObject","inLanguage":"en-US","@id":"https:\/\/rental.digitalazul.pt\/en\/produto\/sennheiser-sistema-in-ear-wireless-1-transmissor-2-receptores-50mw\/#primaryimage","url":"https:\/\/rental.digitalazul.pt\/wp-content\/uploads\/2024\/06\/EW_G4_IEM_2RX_500.jpg","contentUrl":"https:\/\/rental.digitalazul.pt\/wp-content\/uploads\/2024\/06\/EW_G4_IEM_2RX_500.jpg","width":500,"height":500},{"@type":"BreadcrumbList","@id":"https:\/\/rental.digitalazul.pt\/en\/produto\/sennheiser-sistema-in-ear-wireless-1-transmissor-2-receptores-50mw\/#breadcrumb","itemListElement":[{"@type":"ListItem","position":1,"name":"Home","item":"https:\/\/rental.digitalazul.pt\/en\/"},{"@type":"ListItem","position":2,"name":"Categories","item":"https:\/\/rental.digitalazul.pt\/en\/categories\/"},{"@type":"ListItem","position":3,"name":"Sennheiser Sistema In-Ear Wireless 1 Transmissor + 2 Receptores &#8211; 50mW"}]},{"@type":"WebSite","@id":"https:\/\/rental.digitalazul.pt\/en\/#website","url":"https:\/\/rental.digitalazul.pt\/en\/","name":"Digital Azul","description":"Rental Catalogue","potentialAction":[{"@type":"SearchAction","target":{"@type":"EntryPoint","urlTemplate":"https:\/\/rental.digitalazul.pt\/en\/?s={search_term_string}"},"query-input":"required name=search_term_string"}],"inLanguage":"en-US"}]}},"_links":{"self":[{"href":"https:\/\/rental.digitalazul.pt\/en\/wp-json\/wp\/v2\/product\/11167"}],"collection":[{"href":"https:\/\/rental.digitalazul.pt\/en\/wp-json\/wp\/v2\/product"}],"about":[{"href":"https:\/\/rental.digitalazul.pt\/en\/wp-json\/wp\/v2\/types\/product"}],"wp:featuredmedia":[{"embeddable":true,"href":"https:\/\/rental.digitalazul.pt\/en\/wp-json\/wp\/v2\/media\/11840"}],"wp:attachment":[{"href":"https:\/\/rental.digitalazul.pt\/en\/wp-json\/wp\/v2\/media?parent=11167"}],"wp:term":[{"taxonomy":"product_cat","embeddable":true,"href":"https:\/\/rental.digitalazul.pt\/en\/wp-json\/wp\/v2\/product_cat?post=11167"},{"taxonomy":"product_tag","embeddable":true,"href":"https:\/\/rental.digitalazul.pt\/en\/wp-json\/wp\/v2\/product_tag?post=11167"}],"curies":[{"name":"wp","href":"https:\/\/api.w.org\/{rel}","templated":true}]}}