{"id":11289,"date":"2024-09-01T07:45:15","date_gmt":"2024-09-01T06:45:15","guid":{"rendered":"https:\/\/rental.digitalazul.pt\/?post_type=product&#038;p=11289"},"modified":"2025-11-20T14:56:45","modified_gmt":"2025-11-20T14:56:45","slug":"atlas-slider-motion-control-com-calha-ate-20-metros","status":"publish","type":"product","link":"https:\/\/rental.digitalazul.pt\/en\/produto\/atlas-slider-motion-control-com-calha-ate-20-metros\/","title":{"rendered":"ATLAS SLIDER &#8211; Motion Control com calha at\u00e9 20 metros"},"content":{"rendered":"","protected":false},"excerpt":{"rendered":"<p>Conjunto de alto desempenho composto por um slider modular com comprimento ajust\u00e1vel entre 2 a 20 metros e uma cabe\u00e7a remota de 2 eixos, acionado por potentes motores servo. Projetado para suportar c\u00e2maras de broadcast e cine at\u00e9 20kg.<\/p>\n","protected":false},"featured_media":11291,"template":"","meta":[],"product_cat":[586,71,65,75],"product_tag":[],"class_list":{"0":"post-11289","1":"product","2":"type-product","3":"status-publish","4":"has-post-thumbnail","6":"product_cat-obotics-and-motion-control","7":"product_cat-high-speed-cameras","8":"product_cat-camera-accessories","9":"product_cat-machinery","11":"first","12":"instock","13":"taxable","14":"shipping-taxable","15":"product-type-simple"},"acf":[],"yoast_head":"<!-- This site is optimized with the Yoast SEO plugin v23.2 - https:\/\/yoast.com\/wordpress\/plugins\/seo\/ -->\n<title>Aluguer - ATLAS SLIDER MOTION CONTROL - Digital Azul<\/title>\n<meta name=\"description\" content=\"Indicado para produ\u00e7\u00f5es de cinema, publicidade e broadcast. Slider com calha de 2 a 20 metros, cabe\u00e7a remota de 2 eixos, movidos por motores servo de alta precis\u00e3o. Suporta c\u00e2maras at\u00e9 20kg. Movimentos din\u00e2micos, suaves ou r\u00e1pidos.\" \/>\n<meta name=\"robots\" content=\"index, follow, max-snippet:-1, max-image-preview:large, max-video-preview:-1\" \/>\n<link rel=\"canonical\" href=\"https:\/\/rental.digitalazul.pt\/en\/produto\/atlas-slider-motion-control-com-calha-ate-20-metros\/\" \/>\n<meta property=\"og:locale\" content=\"en_US\" \/>\n<meta property=\"og:type\" content=\"article\" \/>\n<meta property=\"og:title\" content=\"Aluguer - ATLAS SLIDER MOTION CONTROL - Digital Azul\" \/>\n<meta property=\"og:description\" content=\"Indicado para produ\u00e7\u00f5es de cinema, publicidade e broadcast. Slider com calha de 2 a 20 metros, cabe\u00e7a remota de 2 eixos, movidos por motores servo de alta precis\u00e3o. Suporta c\u00e2maras at\u00e9 20kg. Movimentos din\u00e2micos, suaves ou r\u00e1pidos.\" \/>\n<meta property=\"og:url\" content=\"https:\/\/rental.digitalazul.pt\/en\/produto\/atlas-slider-motion-control-com-calha-ate-20-metros\/\" \/>\n<meta property=\"og:site_name\" content=\"Digital Azul\" \/>\n<meta property=\"article:publisher\" content=\"https:\/\/www.facebook.com\/DigitalAzul\" \/>\n<meta property=\"article:modified_time\" content=\"2025-11-20T14:56:45+00:00\" \/>\n<meta property=\"og:image\" content=\"https:\/\/rental.digitalazul.pt\/wp-content\/uploads\/2024\/09\/Atlas-Servo-001.jpg\" \/>\n\t<meta property=\"og:image:width\" content=\"1200\" \/>\n\t<meta property=\"og:image:height\" content=\"1200\" \/>\n\t<meta property=\"og:image:type\" content=\"image\/jpeg\" \/>\n<meta name=\"twitter:card\" content=\"summary_large_image\" \/>\n<meta name=\"twitter:label1\" content=\"Est. reading time\" \/>\n\t<meta name=\"twitter:data1\" content=\"1 minute\" \/>\n<script type=\"application\/ld+json\" class=\"yoast-schema-graph\">{\"@context\":\"https:\/\/schema.org\",\"@graph\":[{\"@type\":\"WebPage\",\"@id\":\"https:\/\/rental.digitalazul.pt\/en\/produto\/atlas-slider-motion-control-com-calha-ate-20-metros\/\",\"url\":\"https:\/\/rental.digitalazul.pt\/en\/produto\/atlas-slider-motion-control-com-calha-ate-20-metros\/\",\"name\":\"Aluguer - ATLAS SLIDER MOTION CONTROL - Digital Azul\",\"isPartOf\":{\"@id\":\"https:\/\/rental.digitalazul.pt\/en\/#website\"},\"primaryImageOfPage\":{\"@id\":\"https:\/\/rental.digitalazul.pt\/en\/produto\/atlas-slider-motion-control-com-calha-ate-20-metros\/#primaryimage\"},\"image\":{\"@id\":\"https:\/\/rental.digitalazul.pt\/en\/produto\/atlas-slider-motion-control-com-calha-ate-20-metros\/#primaryimage\"},\"thumbnailUrl\":\"https:\/\/rental.digitalazul.pt\/wp-content\/uploads\/2024\/09\/Atlas-Servo-001.jpg\",\"datePublished\":\"2024-09-01T06:45:15+00:00\",\"dateModified\":\"2025-11-20T14:56:45+00:00\",\"description\":\"Indicado para produ\u00e7\u00f5es de cinema, publicidade e broadcast. Slider com calha de 2 a 20 metros, cabe\u00e7a remota de 2 eixos, movidos por motores servo de alta precis\u00e3o. Suporta c\u00e2maras at\u00e9 20kg. Movimentos din\u00e2micos, suaves ou r\u00e1pidos.\",\"breadcrumb\":{\"@id\":\"https:\/\/rental.digitalazul.pt\/en\/produto\/atlas-slider-motion-control-com-calha-ate-20-metros\/#breadcrumb\"},\"inLanguage\":\"en-US\",\"potentialAction\":[{\"@type\":\"ReadAction\",\"target\":[\"https:\/\/rental.digitalazul.pt\/en\/produto\/atlas-slider-motion-control-com-calha-ate-20-metros\/\"]}]},{\"@type\":\"ImageObject\",\"inLanguage\":\"en-US\",\"@id\":\"https:\/\/rental.digitalazul.pt\/en\/produto\/atlas-slider-motion-control-com-calha-ate-20-metros\/#primaryimage\",\"url\":\"https:\/\/rental.digitalazul.pt\/wp-content\/uploads\/2024\/09\/Atlas-Servo-001.jpg\",\"contentUrl\":\"https:\/\/rental.digitalazul.pt\/wp-content\/uploads\/2024\/09\/Atlas-Servo-001.jpg\",\"width\":1200,\"height\":1200},{\"@type\":\"BreadcrumbList\",\"@id\":\"https:\/\/rental.digitalazul.pt\/en\/produto\/atlas-slider-motion-control-com-calha-ate-20-metros\/#breadcrumb\",\"itemListElement\":[{\"@type\":\"ListItem\",\"position\":1,\"name\":\"Home\",\"item\":\"https:\/\/rental.digitalazul.pt\/en\/\"},{\"@type\":\"ListItem\",\"position\":2,\"name\":\"Categories\",\"item\":\"https:\/\/rental.digitalazul.pt\/en\/categories\/\"},{\"@type\":\"ListItem\",\"position\":3,\"name\":\"ATLAS SLIDER &#8211; Motion Control com calha at\u00e9 20 metros\"}]},{\"@type\":\"WebSite\",\"@id\":\"https:\/\/rental.digitalazul.pt\/en\/#website\",\"url\":\"https:\/\/rental.digitalazul.pt\/en\/\",\"name\":\"Digital Azul\",\"description\":\"Rental Catalogue\",\"potentialAction\":[{\"@type\":\"SearchAction\",\"target\":{\"@type\":\"EntryPoint\",\"urlTemplate\":\"https:\/\/rental.digitalazul.pt\/en\/?s={search_term_string}\"},\"query-input\":\"required name=search_term_string\"}],\"inLanguage\":\"en-US\"}]}<\/script>\n<!-- \/ Yoast SEO plugin. -->","yoast_head_json":{"title":"Aluguer - ATLAS SLIDER MOTION CONTROL - Digital Azul","description":"Indicado para produ\u00e7\u00f5es de cinema, publicidade e broadcast. Slider com calha de 2 a 20 metros, cabe\u00e7a remota de 2 eixos, movidos por motores servo de alta precis\u00e3o. Suporta c\u00e2maras at\u00e9 20kg. Movimentos din\u00e2micos, suaves ou r\u00e1pidos.","robots":{"index":"index","follow":"follow","max-snippet":"max-snippet:-1","max-image-preview":"max-image-preview:large","max-video-preview":"max-video-preview:-1"},"canonical":"https:\/\/rental.digitalazul.pt\/en\/produto\/atlas-slider-motion-control-com-calha-ate-20-metros\/","og_locale":"en_US","og_type":"article","og_title":"Aluguer - ATLAS SLIDER MOTION CONTROL - Digital Azul","og_description":"Indicado para produ\u00e7\u00f5es de cinema, publicidade e broadcast. Slider com calha de 2 a 20 metros, cabe\u00e7a remota de 2 eixos, movidos por motores servo de alta precis\u00e3o. Suporta c\u00e2maras at\u00e9 20kg. Movimentos din\u00e2micos, suaves ou r\u00e1pidos.","og_url":"https:\/\/rental.digitalazul.pt\/en\/produto\/atlas-slider-motion-control-com-calha-ate-20-metros\/","og_site_name":"Digital Azul","article_publisher":"https:\/\/www.facebook.com\/DigitalAzul","article_modified_time":"2025-11-20T14:56:45+00:00","og_image":[{"width":1200,"height":1200,"url":"https:\/\/rental.digitalazul.pt\/wp-content\/uploads\/2024\/09\/Atlas-Servo-001.jpg","type":"image\/jpeg"}],"twitter_card":"summary_large_image","twitter_misc":{"Est. reading time":"1 minute"},"schema":{"@context":"https:\/\/schema.org","@graph":[{"@type":"WebPage","@id":"https:\/\/rental.digitalazul.pt\/en\/produto\/atlas-slider-motion-control-com-calha-ate-20-metros\/","url":"https:\/\/rental.digitalazul.pt\/en\/produto\/atlas-slider-motion-control-com-calha-ate-20-metros\/","name":"Aluguer - ATLAS SLIDER MOTION CONTROL - Digital Azul","isPartOf":{"@id":"https:\/\/rental.digitalazul.pt\/en\/#website"},"primaryImageOfPage":{"@id":"https:\/\/rental.digitalazul.pt\/en\/produto\/atlas-slider-motion-control-com-calha-ate-20-metros\/#primaryimage"},"image":{"@id":"https:\/\/rental.digitalazul.pt\/en\/produto\/atlas-slider-motion-control-com-calha-ate-20-metros\/#primaryimage"},"thumbnailUrl":"https:\/\/rental.digitalazul.pt\/wp-content\/uploads\/2024\/09\/Atlas-Servo-001.jpg","datePublished":"2024-09-01T06:45:15+00:00","dateModified":"2025-11-20T14:56:45+00:00","description":"Indicado para produ\u00e7\u00f5es de cinema, publicidade e broadcast. Slider com calha de 2 a 20 metros, cabe\u00e7a remota de 2 eixos, movidos por motores servo de alta precis\u00e3o. Suporta c\u00e2maras at\u00e9 20kg. Movimentos din\u00e2micos, suaves ou r\u00e1pidos.","breadcrumb":{"@id":"https:\/\/rental.digitalazul.pt\/en\/produto\/atlas-slider-motion-control-com-calha-ate-20-metros\/#breadcrumb"},"inLanguage":"en-US","potentialAction":[{"@type":"ReadAction","target":["https:\/\/rental.digitalazul.pt\/en\/produto\/atlas-slider-motion-control-com-calha-ate-20-metros\/"]}]},{"@type":"ImageObject","inLanguage":"en-US","@id":"https:\/\/rental.digitalazul.pt\/en\/produto\/atlas-slider-motion-control-com-calha-ate-20-metros\/#primaryimage","url":"https:\/\/rental.digitalazul.pt\/wp-content\/uploads\/2024\/09\/Atlas-Servo-001.jpg","contentUrl":"https:\/\/rental.digitalazul.pt\/wp-content\/uploads\/2024\/09\/Atlas-Servo-001.jpg","width":1200,"height":1200},{"@type":"BreadcrumbList","@id":"https:\/\/rental.digitalazul.pt\/en\/produto\/atlas-slider-motion-control-com-calha-ate-20-metros\/#breadcrumb","itemListElement":[{"@type":"ListItem","position":1,"name":"Home","item":"https:\/\/rental.digitalazul.pt\/en\/"},{"@type":"ListItem","position":2,"name":"Categories","item":"https:\/\/rental.digitalazul.pt\/en\/categories\/"},{"@type":"ListItem","position":3,"name":"ATLAS SLIDER &#8211; Motion Control com calha at\u00e9 20 metros"}]},{"@type":"WebSite","@id":"https:\/\/rental.digitalazul.pt\/en\/#website","url":"https:\/\/rental.digitalazul.pt\/en\/","name":"Digital Azul","description":"Rental Catalogue","potentialAction":[{"@type":"SearchAction","target":{"@type":"EntryPoint","urlTemplate":"https:\/\/rental.digitalazul.pt\/en\/?s={search_term_string}"},"query-input":"required name=search_term_string"}],"inLanguage":"en-US"}]}},"_links":{"self":[{"href":"https:\/\/rental.digitalazul.pt\/en\/wp-json\/wp\/v2\/product\/11289"}],"collection":[{"href":"https:\/\/rental.digitalazul.pt\/en\/wp-json\/wp\/v2\/product"}],"about":[{"href":"https:\/\/rental.digitalazul.pt\/en\/wp-json\/wp\/v2\/types\/product"}],"wp:featuredmedia":[{"embeddable":true,"href":"https:\/\/rental.digitalazul.pt\/en\/wp-json\/wp\/v2\/media\/11291"}],"wp:attachment":[{"href":"https:\/\/rental.digitalazul.pt\/en\/wp-json\/wp\/v2\/media?parent=11289"}],"wp:term":[{"taxonomy":"product_cat","embeddable":true,"href":"https:\/\/rental.digitalazul.pt\/en\/wp-json\/wp\/v2\/product_cat?post=11289"},{"taxonomy":"product_tag","embeddable":true,"href":"https:\/\/rental.digitalazul.pt\/en\/wp-json\/wp\/v2\/product_tag?post=11289"}],"curies":[{"name":"wp","href":"https:\/\/api.w.org\/{rel}","templated":true}]}}