{"id":1585,"date":"2017-05-12T16:52:11","date_gmt":"2017-05-12T16:52:11","guid":{"rendered":"https:\/\/rental.digitalazul.pt\/en\/category\/camera-lens-packs\/pack-sony-pxw-fs7-2-objetivas-sony-gm\/"},"modified":"2025-05-12T17:11:05","modified_gmt":"2025-05-12T16:11:05","slug":"pack-sony-pxw-fs7-3-objetivas-sony-gm","status":"publish","type":"product","link":"https:\/\/rental.digitalazul.pt\/en\/produto\/pack-sony-pxw-fs7-3-objetivas-sony-gm\/","title":{"rendered":"Kit Sony PXW-FS7 + 3 Sony GM Lenses"},"content":{"rendered":"","protected":false},"excerpt":{"rendered":"","protected":false},"featured_media":2096,"template":"","meta":[],"product_cat":[529],"product_tag":[116],"class_list":{"0":"post-1585","1":"product","2":"type-product","3":"status-publish","4":"has-post-thumbnail","6":"product_cat-kits-en","7":"product_tag-sony-en","9":"first","10":"instock","11":"featured","12":"taxable","13":"shipping-taxable","14":"purchasable","15":"product-type-simple"},"acf":[],"yoast_head":"<!-- This site is optimized with the Yoast SEO plugin v23.2 - https:\/\/yoast.com\/wordpress\/plugins\/seo\/ -->\n<title>Aluguer Sony PXW-FS7 + 3 Objetivas Sony GM - Digital Azul<\/title>\n<meta name=\"description\" content=\"A Sony PXW-FS7 \u00e9 a c\u00e2mara ideal para document\u00e1rios, publicidade e institucionais dispon\u00edvel para aluguer na Digital Azul com 3 objetivas Sony G Master.\" \/>\n<meta name=\"robots\" content=\"index, follow, max-snippet:-1, max-image-preview:large, max-video-preview:-1\" \/>\n<link rel=\"canonical\" href=\"https:\/\/rental.digitalazul.pt\/en\/produto\/pack-sony-pxw-fs7-3-objetivas-sony-gm\/\" \/>\n<meta property=\"og:locale\" content=\"en_US\" \/>\n<meta property=\"og:type\" content=\"article\" \/>\n<meta property=\"og:title\" content=\"Aluguer Sony PXW-FS7 + 3 Objetivas Sony GM - Digital Azul\" \/>\n<meta property=\"og:description\" content=\"A Sony PXW-FS7 \u00e9 a c\u00e2mara ideal para document\u00e1rios, publicidade e institucionais dispon\u00edvel para aluguer na Digital Azul com 3 objetivas Sony G Master.\" \/>\n<meta property=\"og:url\" content=\"https:\/\/rental.digitalazul.pt\/en\/produto\/pack-sony-pxw-fs7-3-objetivas-sony-gm\/\" \/>\n<meta property=\"og:site_name\" content=\"Digital Azul\" \/>\n<meta property=\"article:publisher\" content=\"https:\/\/www.facebook.com\/DigitalAzul\" \/>\n<meta property=\"article:modified_time\" content=\"2025-05-12T16:11:05+00:00\" \/>\n<meta property=\"og:image\" content=\"https:\/\/rental.digitalazul.pt\/wp-content\/uploads\/2017\/05\/Sony-FS7-3-GM-THUMB.jpg\" \/>\n\t<meta property=\"og:image:width\" content=\"1200\" \/>\n\t<meta property=\"og:image:height\" content=\"1200\" \/>\n\t<meta property=\"og:image:type\" content=\"image\/jpeg\" \/>\n<meta name=\"twitter:card\" content=\"summary_large_image\" \/>\n<meta name=\"twitter:label1\" content=\"Est. reading time\" \/>\n\t<meta name=\"twitter:data1\" content=\"1 minute\" \/>\n<script type=\"application\/ld+json\" class=\"yoast-schema-graph\">{\"@context\":\"https:\/\/schema.org\",\"@graph\":[{\"@type\":\"WebPage\",\"@id\":\"https:\/\/rental.digitalazul.pt\/en\/produto\/pack-sony-pxw-fs7-3-objetivas-sony-gm\/\",\"url\":\"https:\/\/rental.digitalazul.pt\/en\/produto\/pack-sony-pxw-fs7-3-objetivas-sony-gm\/\",\"name\":\"Aluguer Sony PXW-FS7 + 3 Objetivas Sony GM - Digital Azul\",\"isPartOf\":{\"@id\":\"https:\/\/rental.digitalazul.pt\/en\/#website\"},\"primaryImageOfPage\":{\"@id\":\"https:\/\/rental.digitalazul.pt\/en\/produto\/pack-sony-pxw-fs7-3-objetivas-sony-gm\/#primaryimage\"},\"image\":{\"@id\":\"https:\/\/rental.digitalazul.pt\/en\/produto\/pack-sony-pxw-fs7-3-objetivas-sony-gm\/#primaryimage\"},\"thumbnailUrl\":\"https:\/\/rental.digitalazul.pt\/wp-content\/uploads\/2017\/05\/Sony-FS7-3-GM-THUMB.jpg\",\"datePublished\":\"2017-05-12T16:52:11+00:00\",\"dateModified\":\"2025-05-12T16:11:05+00:00\",\"description\":\"A Sony PXW-FS7 \u00e9 a c\u00e2mara ideal para document\u00e1rios, publicidade e institucionais dispon\u00edvel para aluguer na Digital Azul com 3 objetivas Sony G Master.\",\"breadcrumb\":{\"@id\":\"https:\/\/rental.digitalazul.pt\/en\/produto\/pack-sony-pxw-fs7-3-objetivas-sony-gm\/#breadcrumb\"},\"inLanguage\":\"en-US\",\"potentialAction\":[{\"@type\":\"ReadAction\",\"target\":[\"https:\/\/rental.digitalazul.pt\/en\/produto\/pack-sony-pxw-fs7-3-objetivas-sony-gm\/\"]}]},{\"@type\":\"ImageObject\",\"inLanguage\":\"en-US\",\"@id\":\"https:\/\/rental.digitalazul.pt\/en\/produto\/pack-sony-pxw-fs7-3-objetivas-sony-gm\/#primaryimage\",\"url\":\"https:\/\/rental.digitalazul.pt\/wp-content\/uploads\/2017\/05\/Sony-FS7-3-GM-THUMB.jpg\",\"contentUrl\":\"https:\/\/rental.digitalazul.pt\/wp-content\/uploads\/2017\/05\/Sony-FS7-3-GM-THUMB.jpg\",\"width\":1200,\"height\":1200},{\"@type\":\"BreadcrumbList\",\"@id\":\"https:\/\/rental.digitalazul.pt\/en\/produto\/pack-sony-pxw-fs7-3-objetivas-sony-gm\/#breadcrumb\",\"itemListElement\":[{\"@type\":\"ListItem\",\"position\":1,\"name\":\"Home\",\"item\":\"https:\/\/rental.digitalazul.pt\/en\/\"},{\"@type\":\"ListItem\",\"position\":2,\"name\":\"Categories\",\"item\":\"https:\/\/rental.digitalazul.pt\/en\/categories\/\"},{\"@type\":\"ListItem\",\"position\":3,\"name\":\"Kit Sony PXW-FS7 + 3 Sony GM Lenses\"}]},{\"@type\":\"WebSite\",\"@id\":\"https:\/\/rental.digitalazul.pt\/en\/#website\",\"url\":\"https:\/\/rental.digitalazul.pt\/en\/\",\"name\":\"Digital Azul\",\"description\":\"Rental Catalogue\",\"potentialAction\":[{\"@type\":\"SearchAction\",\"target\":{\"@type\":\"EntryPoint\",\"urlTemplate\":\"https:\/\/rental.digitalazul.pt\/en\/?s={search_term_string}\"},\"query-input\":\"required name=search_term_string\"}],\"inLanguage\":\"en-US\"}]}<\/script>\n<!-- \/ Yoast SEO plugin. -->","yoast_head_json":{"title":"Aluguer Sony PXW-FS7 + 3 Objetivas Sony GM - Digital Azul","description":"A Sony PXW-FS7 \u00e9 a c\u00e2mara ideal para document\u00e1rios, publicidade e institucionais dispon\u00edvel para aluguer na Digital Azul com 3 objetivas Sony G Master.","robots":{"index":"index","follow":"follow","max-snippet":"max-snippet:-1","max-image-preview":"max-image-preview:large","max-video-preview":"max-video-preview:-1"},"canonical":"https:\/\/rental.digitalazul.pt\/en\/produto\/pack-sony-pxw-fs7-3-objetivas-sony-gm\/","og_locale":"en_US","og_type":"article","og_title":"Aluguer Sony PXW-FS7 + 3 Objetivas Sony GM - Digital Azul","og_description":"A Sony PXW-FS7 \u00e9 a c\u00e2mara ideal para document\u00e1rios, publicidade e institucionais dispon\u00edvel para aluguer na Digital Azul com 3 objetivas Sony G Master.","og_url":"https:\/\/rental.digitalazul.pt\/en\/produto\/pack-sony-pxw-fs7-3-objetivas-sony-gm\/","og_site_name":"Digital Azul","article_publisher":"https:\/\/www.facebook.com\/DigitalAzul","article_modified_time":"2025-05-12T16:11:05+00:00","og_image":[{"width":1200,"height":1200,"url":"https:\/\/rental.digitalazul.pt\/wp-content\/uploads\/2017\/05\/Sony-FS7-3-GM-THUMB.jpg","type":"image\/jpeg"}],"twitter_card":"summary_large_image","twitter_misc":{"Est. reading time":"1 minute"},"schema":{"@context":"https:\/\/schema.org","@graph":[{"@type":"WebPage","@id":"https:\/\/rental.digitalazul.pt\/en\/produto\/pack-sony-pxw-fs7-3-objetivas-sony-gm\/","url":"https:\/\/rental.digitalazul.pt\/en\/produto\/pack-sony-pxw-fs7-3-objetivas-sony-gm\/","name":"Aluguer Sony PXW-FS7 + 3 Objetivas Sony GM - Digital Azul","isPartOf":{"@id":"https:\/\/rental.digitalazul.pt\/en\/#website"},"primaryImageOfPage":{"@id":"https:\/\/rental.digitalazul.pt\/en\/produto\/pack-sony-pxw-fs7-3-objetivas-sony-gm\/#primaryimage"},"image":{"@id":"https:\/\/rental.digitalazul.pt\/en\/produto\/pack-sony-pxw-fs7-3-objetivas-sony-gm\/#primaryimage"},"thumbnailUrl":"https:\/\/rental.digitalazul.pt\/wp-content\/uploads\/2017\/05\/Sony-FS7-3-GM-THUMB.jpg","datePublished":"2017-05-12T16:52:11+00:00","dateModified":"2025-05-12T16:11:05+00:00","description":"A Sony PXW-FS7 \u00e9 a c\u00e2mara ideal para document\u00e1rios, publicidade e institucionais dispon\u00edvel para aluguer na Digital Azul com 3 objetivas Sony G Master.","breadcrumb":{"@id":"https:\/\/rental.digitalazul.pt\/en\/produto\/pack-sony-pxw-fs7-3-objetivas-sony-gm\/#breadcrumb"},"inLanguage":"en-US","potentialAction":[{"@type":"ReadAction","target":["https:\/\/rental.digitalazul.pt\/en\/produto\/pack-sony-pxw-fs7-3-objetivas-sony-gm\/"]}]},{"@type":"ImageObject","inLanguage":"en-US","@id":"https:\/\/rental.digitalazul.pt\/en\/produto\/pack-sony-pxw-fs7-3-objetivas-sony-gm\/#primaryimage","url":"https:\/\/rental.digitalazul.pt\/wp-content\/uploads\/2017\/05\/Sony-FS7-3-GM-THUMB.jpg","contentUrl":"https:\/\/rental.digitalazul.pt\/wp-content\/uploads\/2017\/05\/Sony-FS7-3-GM-THUMB.jpg","width":1200,"height":1200},{"@type":"BreadcrumbList","@id":"https:\/\/rental.digitalazul.pt\/en\/produto\/pack-sony-pxw-fs7-3-objetivas-sony-gm\/#breadcrumb","itemListElement":[{"@type":"ListItem","position":1,"name":"Home","item":"https:\/\/rental.digitalazul.pt\/en\/"},{"@type":"ListItem","position":2,"name":"Categories","item":"https:\/\/rental.digitalazul.pt\/en\/categories\/"},{"@type":"ListItem","position":3,"name":"Kit Sony PXW-FS7 + 3 Sony GM Lenses"}]},{"@type":"WebSite","@id":"https:\/\/rental.digitalazul.pt\/en\/#website","url":"https:\/\/rental.digitalazul.pt\/en\/","name":"Digital Azul","description":"Rental Catalogue","potentialAction":[{"@type":"SearchAction","target":{"@type":"EntryPoint","urlTemplate":"https:\/\/rental.digitalazul.pt\/en\/?s={search_term_string}"},"query-input":"required name=search_term_string"}],"inLanguage":"en-US"}]}},"_links":{"self":[{"href":"https:\/\/rental.digitalazul.pt\/en\/wp-json\/wp\/v2\/product\/1585"}],"collection":[{"href":"https:\/\/rental.digitalazul.pt\/en\/wp-json\/wp\/v2\/product"}],"about":[{"href":"https:\/\/rental.digitalazul.pt\/en\/wp-json\/wp\/v2\/types\/product"}],"wp:featuredmedia":[{"embeddable":true,"href":"https:\/\/rental.digitalazul.pt\/en\/wp-json\/wp\/v2\/media\/2096"}],"wp:attachment":[{"href":"https:\/\/rental.digitalazul.pt\/en\/wp-json\/wp\/v2\/media?parent=1585"}],"wp:term":[{"taxonomy":"product_cat","embeddable":true,"href":"https:\/\/rental.digitalazul.pt\/en\/wp-json\/wp\/v2\/product_cat?post=1585"},{"taxonomy":"product_tag","embeddable":true,"href":"https:\/\/rental.digitalazul.pt\/en\/wp-json\/wp\/v2\/product_tag?post=1585"}],"curies":[{"name":"wp","href":"https:\/\/api.w.org\/{rel}","templated":true}]}}