{"id":1738,"date":"2017-05-22T15:59:19","date_gmt":"2017-05-22T15:59:19","guid":{"rendered":"https:\/\/rental.digitalazul.pt\/en\/category\/monitors\/blackmagic-smartview-4k-ultra-hd-broadcast-monitor\/"},"modified":"2025-05-09T10:38:13","modified_gmt":"2025-05-09T09:38:13","slug":"blackmagic-smartview-4k-ultra-hd-broadcast-monitor","status":"publish","type":"product","link":"https:\/\/rental.digitalazul.pt\/en\/produto\/blackmagic-smartview-4k-ultra-hd-broadcast-monitor\/","title":{"rendered":"Blackmagic SmartView 4K Ultra HD Broadcast Monitor c\/ Flight Case"},"content":{"rendered":"","protected":false},"excerpt":{"rendered":"","protected":false},"featured_media":1740,"template":"","meta":[],"product_cat":[216],"product_tag":[90],"class_list":{"0":"post-1738","1":"product","2":"type-product","3":"status-publish","4":"has-post-thumbnail","6":"product_cat-monitors-recorders-for-rent-hire-in-lisbon-portugal-at-digital-azul","7":"product_tag-blackmagic-en","9":"first","10":"instock","11":"taxable","12":"shipping-taxable","13":"purchasable","14":"product-type-simple"},"acf":[],"yoast_head":"<!-- This site is optimized with the Yoast SEO plugin v23.2 - https:\/\/yoast.com\/wordpress\/plugins\/seo\/ -->\n<title>Blackmagic SmartView 4K Ultra HD Broadcast Monitor<\/title>\n<meta name=\"description\" content=\"O Blackmagic SmartView 4K Ultra HD \u00e9 um monitor de refer\u00eancia fiel \u00e0 resolu\u00e7\u00e3o e profundidade de cor da filmagem, dispon\u00edvel para aluguer na Digital Azul\" \/>\n<meta name=\"robots\" content=\"index, follow, max-snippet:-1, max-image-preview:large, max-video-preview:-1\" \/>\n<link rel=\"canonical\" href=\"https:\/\/rental.digitalazul.pt\/en\/produto\/blackmagic-smartview-4k-ultra-hd-broadcast-monitor\/\" \/>\n<meta property=\"og:locale\" content=\"en_US\" \/>\n<meta property=\"og:type\" content=\"article\" \/>\n<meta property=\"og:title\" content=\"Blackmagic SmartView 4K Ultra HD Broadcast Monitor\" \/>\n<meta property=\"og:description\" content=\"O Blackmagic SmartView 4K Ultra HD \u00e9 um monitor de refer\u00eancia fiel \u00e0 resolu\u00e7\u00e3o e profundidade de cor da filmagem, dispon\u00edvel para aluguer na Digital Azul\" \/>\n<meta property=\"og:url\" content=\"https:\/\/rental.digitalazul.pt\/en\/produto\/blackmagic-smartview-4k-ultra-hd-broadcast-monitor\/\" \/>\n<meta property=\"og:site_name\" content=\"Digital Azul\" \/>\n<meta property=\"article:publisher\" content=\"https:\/\/www.facebook.com\/DigitalAzul\" \/>\n<meta property=\"article:modified_time\" content=\"2025-05-09T09:38:13+00:00\" \/>\n<meta property=\"og:image\" content=\"https:\/\/rental.digitalazul.pt\/wp-content\/uploads\/2017\/05\/Blackmagic-SmartView-4K-THUMB-Digital-Azul.jpg\" \/>\n\t<meta property=\"og:image:width\" content=\"1200\" \/>\n\t<meta property=\"og:image:height\" content=\"1200\" \/>\n\t<meta property=\"og:image:type\" content=\"image\/jpeg\" \/>\n<meta name=\"twitter:card\" content=\"summary_large_image\" \/>\n<meta name=\"twitter:label1\" content=\"Est. reading time\" \/>\n\t<meta name=\"twitter:data1\" content=\"1 minute\" \/>\n<script type=\"application\/ld+json\" class=\"yoast-schema-graph\">{\"@context\":\"https:\/\/schema.org\",\"@graph\":[{\"@type\":\"WebPage\",\"@id\":\"https:\/\/rental.digitalazul.pt\/en\/produto\/blackmagic-smartview-4k-ultra-hd-broadcast-monitor\/\",\"url\":\"https:\/\/rental.digitalazul.pt\/en\/produto\/blackmagic-smartview-4k-ultra-hd-broadcast-monitor\/\",\"name\":\"Blackmagic SmartView 4K Ultra HD Broadcast Monitor\",\"isPartOf\":{\"@id\":\"https:\/\/rental.digitalazul.pt\/en\/#website\"},\"primaryImageOfPage\":{\"@id\":\"https:\/\/rental.digitalazul.pt\/en\/produto\/blackmagic-smartview-4k-ultra-hd-broadcast-monitor\/#primaryimage\"},\"image\":{\"@id\":\"https:\/\/rental.digitalazul.pt\/en\/produto\/blackmagic-smartview-4k-ultra-hd-broadcast-monitor\/#primaryimage\"},\"thumbnailUrl\":\"https:\/\/rental.digitalazul.pt\/wp-content\/uploads\/2017\/05\/Blackmagic-SmartView-4K-THUMB-Digital-Azul.jpg\",\"datePublished\":\"2017-05-22T15:59:19+00:00\",\"dateModified\":\"2025-05-09T09:38:13+00:00\",\"description\":\"O Blackmagic SmartView 4K Ultra HD \u00e9 um monitor de refer\u00eancia fiel \u00e0 resolu\u00e7\u00e3o e profundidade de cor da filmagem, dispon\u00edvel para aluguer na Digital Azul\",\"breadcrumb\":{\"@id\":\"https:\/\/rental.digitalazul.pt\/en\/produto\/blackmagic-smartview-4k-ultra-hd-broadcast-monitor\/#breadcrumb\"},\"inLanguage\":\"en-US\",\"potentialAction\":[{\"@type\":\"ReadAction\",\"target\":[\"https:\/\/rental.digitalazul.pt\/en\/produto\/blackmagic-smartview-4k-ultra-hd-broadcast-monitor\/\"]}]},{\"@type\":\"ImageObject\",\"inLanguage\":\"en-US\",\"@id\":\"https:\/\/rental.digitalazul.pt\/en\/produto\/blackmagic-smartview-4k-ultra-hd-broadcast-monitor\/#primaryimage\",\"url\":\"https:\/\/rental.digitalazul.pt\/wp-content\/uploads\/2017\/05\/Blackmagic-SmartView-4K-THUMB-Digital-Azul.jpg\",\"contentUrl\":\"https:\/\/rental.digitalazul.pt\/wp-content\/uploads\/2017\/05\/Blackmagic-SmartView-4K-THUMB-Digital-Azul.jpg\",\"width\":1200,\"height\":1200},{\"@type\":\"BreadcrumbList\",\"@id\":\"https:\/\/rental.digitalazul.pt\/en\/produto\/blackmagic-smartview-4k-ultra-hd-broadcast-monitor\/#breadcrumb\",\"itemListElement\":[{\"@type\":\"ListItem\",\"position\":1,\"name\":\"Home\",\"item\":\"https:\/\/rental.digitalazul.pt\/en\/\"},{\"@type\":\"ListItem\",\"position\":2,\"name\":\"Categories\",\"item\":\"https:\/\/rental.digitalazul.pt\/en\/categories\/\"},{\"@type\":\"ListItem\",\"position\":3,\"name\":\"Blackmagic SmartView 4K Ultra HD Broadcast Monitor c\/ Flight Case\"}]},{\"@type\":\"WebSite\",\"@id\":\"https:\/\/rental.digitalazul.pt\/en\/#website\",\"url\":\"https:\/\/rental.digitalazul.pt\/en\/\",\"name\":\"Digital Azul\",\"description\":\"Rental Catalogue\",\"potentialAction\":[{\"@type\":\"SearchAction\",\"target\":{\"@type\":\"EntryPoint\",\"urlTemplate\":\"https:\/\/rental.digitalazul.pt\/en\/?s={search_term_string}\"},\"query-input\":\"required name=search_term_string\"}],\"inLanguage\":\"en-US\"}]}<\/script>\n<!-- \/ Yoast SEO plugin. -->","yoast_head_json":{"title":"Blackmagic SmartView 4K Ultra HD Broadcast Monitor","description":"O Blackmagic SmartView 4K Ultra HD \u00e9 um monitor de refer\u00eancia fiel \u00e0 resolu\u00e7\u00e3o e profundidade de cor da filmagem, dispon\u00edvel para aluguer na Digital Azul","robots":{"index":"index","follow":"follow","max-snippet":"max-snippet:-1","max-image-preview":"max-image-preview:large","max-video-preview":"max-video-preview:-1"},"canonical":"https:\/\/rental.digitalazul.pt\/en\/produto\/blackmagic-smartview-4k-ultra-hd-broadcast-monitor\/","og_locale":"en_US","og_type":"article","og_title":"Blackmagic SmartView 4K Ultra HD Broadcast Monitor","og_description":"O Blackmagic SmartView 4K Ultra HD \u00e9 um monitor de refer\u00eancia fiel \u00e0 resolu\u00e7\u00e3o e profundidade de cor da filmagem, dispon\u00edvel para aluguer na Digital Azul","og_url":"https:\/\/rental.digitalazul.pt\/en\/produto\/blackmagic-smartview-4k-ultra-hd-broadcast-monitor\/","og_site_name":"Digital Azul","article_publisher":"https:\/\/www.facebook.com\/DigitalAzul","article_modified_time":"2025-05-09T09:38:13+00:00","og_image":[{"width":1200,"height":1200,"url":"https:\/\/rental.digitalazul.pt\/wp-content\/uploads\/2017\/05\/Blackmagic-SmartView-4K-THUMB-Digital-Azul.jpg","type":"image\/jpeg"}],"twitter_card":"summary_large_image","twitter_misc":{"Est. reading time":"1 minute"},"schema":{"@context":"https:\/\/schema.org","@graph":[{"@type":"WebPage","@id":"https:\/\/rental.digitalazul.pt\/en\/produto\/blackmagic-smartview-4k-ultra-hd-broadcast-monitor\/","url":"https:\/\/rental.digitalazul.pt\/en\/produto\/blackmagic-smartview-4k-ultra-hd-broadcast-monitor\/","name":"Blackmagic SmartView 4K Ultra HD Broadcast Monitor","isPartOf":{"@id":"https:\/\/rental.digitalazul.pt\/en\/#website"},"primaryImageOfPage":{"@id":"https:\/\/rental.digitalazul.pt\/en\/produto\/blackmagic-smartview-4k-ultra-hd-broadcast-monitor\/#primaryimage"},"image":{"@id":"https:\/\/rental.digitalazul.pt\/en\/produto\/blackmagic-smartview-4k-ultra-hd-broadcast-monitor\/#primaryimage"},"thumbnailUrl":"https:\/\/rental.digitalazul.pt\/wp-content\/uploads\/2017\/05\/Blackmagic-SmartView-4K-THUMB-Digital-Azul.jpg","datePublished":"2017-05-22T15:59:19+00:00","dateModified":"2025-05-09T09:38:13+00:00","description":"O Blackmagic SmartView 4K Ultra HD \u00e9 um monitor de refer\u00eancia fiel \u00e0 resolu\u00e7\u00e3o e profundidade de cor da filmagem, dispon\u00edvel para aluguer na Digital Azul","breadcrumb":{"@id":"https:\/\/rental.digitalazul.pt\/en\/produto\/blackmagic-smartview-4k-ultra-hd-broadcast-monitor\/#breadcrumb"},"inLanguage":"en-US","potentialAction":[{"@type":"ReadAction","target":["https:\/\/rental.digitalazul.pt\/en\/produto\/blackmagic-smartview-4k-ultra-hd-broadcast-monitor\/"]}]},{"@type":"ImageObject","inLanguage":"en-US","@id":"https:\/\/rental.digitalazul.pt\/en\/produto\/blackmagic-smartview-4k-ultra-hd-broadcast-monitor\/#primaryimage","url":"https:\/\/rental.digitalazul.pt\/wp-content\/uploads\/2017\/05\/Blackmagic-SmartView-4K-THUMB-Digital-Azul.jpg","contentUrl":"https:\/\/rental.digitalazul.pt\/wp-content\/uploads\/2017\/05\/Blackmagic-SmartView-4K-THUMB-Digital-Azul.jpg","width":1200,"height":1200},{"@type":"BreadcrumbList","@id":"https:\/\/rental.digitalazul.pt\/en\/produto\/blackmagic-smartview-4k-ultra-hd-broadcast-monitor\/#breadcrumb","itemListElement":[{"@type":"ListItem","position":1,"name":"Home","item":"https:\/\/rental.digitalazul.pt\/en\/"},{"@type":"ListItem","position":2,"name":"Categories","item":"https:\/\/rental.digitalazul.pt\/en\/categories\/"},{"@type":"ListItem","position":3,"name":"Blackmagic SmartView 4K Ultra HD Broadcast Monitor c\/ Flight Case"}]},{"@type":"WebSite","@id":"https:\/\/rental.digitalazul.pt\/en\/#website","url":"https:\/\/rental.digitalazul.pt\/en\/","name":"Digital Azul","description":"Rental Catalogue","potentialAction":[{"@type":"SearchAction","target":{"@type":"EntryPoint","urlTemplate":"https:\/\/rental.digitalazul.pt\/en\/?s={search_term_string}"},"query-input":"required name=search_term_string"}],"inLanguage":"en-US"}]}},"_links":{"self":[{"href":"https:\/\/rental.digitalazul.pt\/en\/wp-json\/wp\/v2\/product\/1738"}],"collection":[{"href":"https:\/\/rental.digitalazul.pt\/en\/wp-json\/wp\/v2\/product"}],"about":[{"href":"https:\/\/rental.digitalazul.pt\/en\/wp-json\/wp\/v2\/types\/product"}],"wp:featuredmedia":[{"embeddable":true,"href":"https:\/\/rental.digitalazul.pt\/en\/wp-json\/wp\/v2\/media\/1740"}],"wp:attachment":[{"href":"https:\/\/rental.digitalazul.pt\/en\/wp-json\/wp\/v2\/media?parent=1738"}],"wp:term":[{"taxonomy":"product_cat","embeddable":true,"href":"https:\/\/rental.digitalazul.pt\/en\/wp-json\/wp\/v2\/product_cat?post=1738"},{"taxonomy":"product_tag","embeddable":true,"href":"https:\/\/rental.digitalazul.pt\/en\/wp-json\/wp\/v2\/product_tag?post=1738"}],"curies":[{"name":"wp","href":"https:\/\/api.w.org\/{rel}","templated":true}]}}