{"id":1976,"date":"2017-07-20T11:01:45","date_gmt":"2017-07-20T11:01:45","guid":{"rendered":"https:\/\/rental.digitalazul.pt\/en\/category\/audio-en\/kit-microfone-lapela-wireless-sennheiser\/"},"modified":"2025-05-13T11:08:07","modified_gmt":"2025-05-13T10:08:07","slug":"kit-microfone-lapela-wireless-sennheiser","status":"publish","type":"product","link":"https:\/\/rental.digitalazul.pt\/en\/produto\/kit-microfone-lapela-wireless-sennheiser\/","title":{"rendered":"KIT Microphone Lapela Wireless Sennheiser"},"content":{"rendered":"","protected":false},"excerpt":{"rendered":"<p>Este Kit de microfone de lapela Sennheiser EW 100 G3 \u00e9 uma solu\u00e7\u00e3o fi\u00e1vel e port\u00e1til para profissionais de \u00e1udio e transmiss\u00e3o. Compacto e discreto, \u00e9 facilmente preso \u00e0 roupa, constituindo uma \u00f3ptima solu\u00e7\u00e3o para formadores, professores, artistas e oradores. Tem 12 mem\u00f3rias predefinidas de frequ\u00eancia, a indica\u00e7\u00e3o de status da bateria no transmissor e receptor, a fun\u00e7\u00e3o de elimina\u00e7\u00e3o autom\u00e1tica de interfer\u00eancias de RF e analisa automaticamente a frequ\u00eancia.<\/p>\n","protected":false},"featured_media":1978,"template":"","meta":[],"product_cat":[67],"product_tag":[],"class_list":{"0":"post-1976","1":"product","2":"type-product","3":"status-publish","4":"has-post-thumbnail","6":"product_cat-audio-en","8":"first","9":"instock","10":"taxable","11":"shipping-taxable","12":"purchasable","13":"product-type-simple"},"acf":[],"yoast_head":"<!-- This site is optimized with the Yoast SEO plugin v23.2 - https:\/\/yoast.com\/wordpress\/plugins\/seo\/ -->\n<title>KIT Microfone de Lapela Wireless Sennheiser<\/title>\n<meta name=\"description\" content=\"KIT Microfone de Lapela Wireless Sennheiser dispon\u00edvel para aluguer na Digital Azul.\" \/>\n<meta name=\"robots\" content=\"index, follow, max-snippet:-1, max-image-preview:large, max-video-preview:-1\" \/>\n<link rel=\"canonical\" href=\"https:\/\/rental.digitalazul.pt\/en\/produto\/kit-microfone-lapela-wireless-sennheiser\/\" \/>\n<meta property=\"og:locale\" content=\"en_US\" \/>\n<meta property=\"og:type\" content=\"article\" \/>\n<meta property=\"og:title\" content=\"KIT Microfone de Lapela Wireless Sennheiser\" \/>\n<meta property=\"og:description\" content=\"KIT Microfone de Lapela Wireless Sennheiser dispon\u00edvel para aluguer na Digital Azul.\" \/>\n<meta property=\"og:url\" content=\"https:\/\/rental.digitalazul.pt\/en\/produto\/kit-microfone-lapela-wireless-sennheiser\/\" \/>\n<meta property=\"og:site_name\" content=\"Digital Azul\" \/>\n<meta property=\"article:publisher\" content=\"https:\/\/www.facebook.com\/DigitalAzul\" \/>\n<meta property=\"article:modified_time\" content=\"2025-05-13T10:08:07+00:00\" \/>\n<meta property=\"og:image\" content=\"https:\/\/rental.digitalazul.pt\/wp-content\/uploads\/2017\/07\/Sennheiser-ew100-g3-Thumb-Digital-Azul.jpg\" \/>\n\t<meta property=\"og:image:width\" content=\"1700\" \/>\n\t<meta property=\"og:image:height\" content=\"1700\" \/>\n\t<meta property=\"og:image:type\" content=\"image\/jpeg\" \/>\n<meta name=\"twitter:card\" content=\"summary_large_image\" \/>\n<meta name=\"twitter:label1\" content=\"Est. reading time\" \/>\n\t<meta name=\"twitter:data1\" content=\"1 minute\" \/>\n<script type=\"application\/ld+json\" class=\"yoast-schema-graph\">{\"@context\":\"https:\/\/schema.org\",\"@graph\":[{\"@type\":\"WebPage\",\"@id\":\"https:\/\/rental.digitalazul.pt\/en\/produto\/kit-microfone-lapela-wireless-sennheiser\/\",\"url\":\"https:\/\/rental.digitalazul.pt\/en\/produto\/kit-microfone-lapela-wireless-sennheiser\/\",\"name\":\"KIT Microfone de Lapela Wireless Sennheiser\",\"isPartOf\":{\"@id\":\"https:\/\/rental.digitalazul.pt\/en\/#website\"},\"primaryImageOfPage\":{\"@id\":\"https:\/\/rental.digitalazul.pt\/en\/produto\/kit-microfone-lapela-wireless-sennheiser\/#primaryimage\"},\"image\":{\"@id\":\"https:\/\/rental.digitalazul.pt\/en\/produto\/kit-microfone-lapela-wireless-sennheiser\/#primaryimage\"},\"thumbnailUrl\":\"https:\/\/rental.digitalazul.pt\/wp-content\/uploads\/2017\/07\/Sennheiser-ew100-g3-Thumb-Digital-Azul.jpg\",\"datePublished\":\"2017-07-20T11:01:45+00:00\",\"dateModified\":\"2025-05-13T10:08:07+00:00\",\"description\":\"KIT Microfone de Lapela Wireless Sennheiser dispon\u00edvel para aluguer na Digital Azul.\",\"breadcrumb\":{\"@id\":\"https:\/\/rental.digitalazul.pt\/en\/produto\/kit-microfone-lapela-wireless-sennheiser\/#breadcrumb\"},\"inLanguage\":\"en-US\",\"potentialAction\":[{\"@type\":\"ReadAction\",\"target\":[\"https:\/\/rental.digitalazul.pt\/en\/produto\/kit-microfone-lapela-wireless-sennheiser\/\"]}]},{\"@type\":\"ImageObject\",\"inLanguage\":\"en-US\",\"@id\":\"https:\/\/rental.digitalazul.pt\/en\/produto\/kit-microfone-lapela-wireless-sennheiser\/#primaryimage\",\"url\":\"https:\/\/rental.digitalazul.pt\/wp-content\/uploads\/2017\/07\/Sennheiser-ew100-g3-Thumb-Digital-Azul.jpg\",\"contentUrl\":\"https:\/\/rental.digitalazul.pt\/wp-content\/uploads\/2017\/07\/Sennheiser-ew100-g3-Thumb-Digital-Azul.jpg\",\"width\":1700,\"height\":1700},{\"@type\":\"BreadcrumbList\",\"@id\":\"https:\/\/rental.digitalazul.pt\/en\/produto\/kit-microfone-lapela-wireless-sennheiser\/#breadcrumb\",\"itemListElement\":[{\"@type\":\"ListItem\",\"position\":1,\"name\":\"Home\",\"item\":\"https:\/\/rental.digitalazul.pt\/en\/\"},{\"@type\":\"ListItem\",\"position\":2,\"name\":\"Categories\",\"item\":\"https:\/\/rental.digitalazul.pt\/en\/categories\/\"},{\"@type\":\"ListItem\",\"position\":3,\"name\":\"KIT Microphone Lapela Wireless Sennheiser\"}]},{\"@type\":\"WebSite\",\"@id\":\"https:\/\/rental.digitalazul.pt\/en\/#website\",\"url\":\"https:\/\/rental.digitalazul.pt\/en\/\",\"name\":\"Digital Azul\",\"description\":\"Rental Catalogue\",\"potentialAction\":[{\"@type\":\"SearchAction\",\"target\":{\"@type\":\"EntryPoint\",\"urlTemplate\":\"https:\/\/rental.digitalazul.pt\/en\/?s={search_term_string}\"},\"query-input\":\"required name=search_term_string\"}],\"inLanguage\":\"en-US\"}]}<\/script>\n<!-- \/ Yoast SEO plugin. -->","yoast_head_json":{"title":"KIT Microfone de Lapela Wireless Sennheiser","description":"KIT Microfone de Lapela Wireless Sennheiser dispon\u00edvel para aluguer na Digital Azul.","robots":{"index":"index","follow":"follow","max-snippet":"max-snippet:-1","max-image-preview":"max-image-preview:large","max-video-preview":"max-video-preview:-1"},"canonical":"https:\/\/rental.digitalazul.pt\/en\/produto\/kit-microfone-lapela-wireless-sennheiser\/","og_locale":"en_US","og_type":"article","og_title":"KIT Microfone de Lapela Wireless Sennheiser","og_description":"KIT Microfone de Lapela Wireless Sennheiser dispon\u00edvel para aluguer na Digital Azul.","og_url":"https:\/\/rental.digitalazul.pt\/en\/produto\/kit-microfone-lapela-wireless-sennheiser\/","og_site_name":"Digital Azul","article_publisher":"https:\/\/www.facebook.com\/DigitalAzul","article_modified_time":"2025-05-13T10:08:07+00:00","og_image":[{"width":1700,"height":1700,"url":"https:\/\/rental.digitalazul.pt\/wp-content\/uploads\/2017\/07\/Sennheiser-ew100-g3-Thumb-Digital-Azul.jpg","type":"image\/jpeg"}],"twitter_card":"summary_large_image","twitter_misc":{"Est. reading time":"1 minute"},"schema":{"@context":"https:\/\/schema.org","@graph":[{"@type":"WebPage","@id":"https:\/\/rental.digitalazul.pt\/en\/produto\/kit-microfone-lapela-wireless-sennheiser\/","url":"https:\/\/rental.digitalazul.pt\/en\/produto\/kit-microfone-lapela-wireless-sennheiser\/","name":"KIT Microfone de Lapela Wireless Sennheiser","isPartOf":{"@id":"https:\/\/rental.digitalazul.pt\/en\/#website"},"primaryImageOfPage":{"@id":"https:\/\/rental.digitalazul.pt\/en\/produto\/kit-microfone-lapela-wireless-sennheiser\/#primaryimage"},"image":{"@id":"https:\/\/rental.digitalazul.pt\/en\/produto\/kit-microfone-lapela-wireless-sennheiser\/#primaryimage"},"thumbnailUrl":"https:\/\/rental.digitalazul.pt\/wp-content\/uploads\/2017\/07\/Sennheiser-ew100-g3-Thumb-Digital-Azul.jpg","datePublished":"2017-07-20T11:01:45+00:00","dateModified":"2025-05-13T10:08:07+00:00","description":"KIT Microfone de Lapela Wireless Sennheiser dispon\u00edvel para aluguer na Digital Azul.","breadcrumb":{"@id":"https:\/\/rental.digitalazul.pt\/en\/produto\/kit-microfone-lapela-wireless-sennheiser\/#breadcrumb"},"inLanguage":"en-US","potentialAction":[{"@type":"ReadAction","target":["https:\/\/rental.digitalazul.pt\/en\/produto\/kit-microfone-lapela-wireless-sennheiser\/"]}]},{"@type":"ImageObject","inLanguage":"en-US","@id":"https:\/\/rental.digitalazul.pt\/en\/produto\/kit-microfone-lapela-wireless-sennheiser\/#primaryimage","url":"https:\/\/rental.digitalazul.pt\/wp-content\/uploads\/2017\/07\/Sennheiser-ew100-g3-Thumb-Digital-Azul.jpg","contentUrl":"https:\/\/rental.digitalazul.pt\/wp-content\/uploads\/2017\/07\/Sennheiser-ew100-g3-Thumb-Digital-Azul.jpg","width":1700,"height":1700},{"@type":"BreadcrumbList","@id":"https:\/\/rental.digitalazul.pt\/en\/produto\/kit-microfone-lapela-wireless-sennheiser\/#breadcrumb","itemListElement":[{"@type":"ListItem","position":1,"name":"Home","item":"https:\/\/rental.digitalazul.pt\/en\/"},{"@type":"ListItem","position":2,"name":"Categories","item":"https:\/\/rental.digitalazul.pt\/en\/categories\/"},{"@type":"ListItem","position":3,"name":"KIT Microphone Lapela Wireless Sennheiser"}]},{"@type":"WebSite","@id":"https:\/\/rental.digitalazul.pt\/en\/#website","url":"https:\/\/rental.digitalazul.pt\/en\/","name":"Digital Azul","description":"Rental Catalogue","potentialAction":[{"@type":"SearchAction","target":{"@type":"EntryPoint","urlTemplate":"https:\/\/rental.digitalazul.pt\/en\/?s={search_term_string}"},"query-input":"required name=search_term_string"}],"inLanguage":"en-US"}]}},"_links":{"self":[{"href":"https:\/\/rental.digitalazul.pt\/en\/wp-json\/wp\/v2\/product\/1976"}],"collection":[{"href":"https:\/\/rental.digitalazul.pt\/en\/wp-json\/wp\/v2\/product"}],"about":[{"href":"https:\/\/rental.digitalazul.pt\/en\/wp-json\/wp\/v2\/types\/product"}],"wp:featuredmedia":[{"embeddable":true,"href":"https:\/\/rental.digitalazul.pt\/en\/wp-json\/wp\/v2\/media\/1978"}],"wp:attachment":[{"href":"https:\/\/rental.digitalazul.pt\/en\/wp-json\/wp\/v2\/media?parent=1976"}],"wp:term":[{"taxonomy":"product_cat","embeddable":true,"href":"https:\/\/rental.digitalazul.pt\/en\/wp-json\/wp\/v2\/product_cat?post=1976"},{"taxonomy":"product_tag","embeddable":true,"href":"https:\/\/rental.digitalazul.pt\/en\/wp-json\/wp\/v2\/product_tag?post=1976"}],"curies":[{"name":"wp","href":"https:\/\/api.w.org\/{rel}","templated":true}]}}