{"id":2085,"date":"2017-08-18T11:24:20","date_gmt":"2017-08-18T11:24:20","guid":{"rendered":"https:\/\/rental.digitalazul.pt\/en\/category\/camera-lens-packs\/pack-sony-pxw-fs7\/"},"modified":"2023-07-10T16:06:13","modified_gmt":"2023-07-10T15:06:13","slug":"sony-pxw-fs7m2","status":"publish","type":"product","link":"https:\/\/rental.digitalazul.pt\/en\/produto\/sony-pxw-fs7m2\/","title":{"rendered":"Sony FS7 II"},"content":{"rendered":"","protected":false},"excerpt":{"rendered":"","protected":false},"featured_media":2303,"template":"","meta":[],"product_cat":[70],"product_tag":[],"class_list":{"0":"post-2085","1":"product","2":"type-product","3":"status-publish","4":"has-post-thumbnail","6":"product_cat-cameras","8":"first","9":"instock","10":"taxable","11":"shipping-taxable","12":"purchasable","13":"product-type-simple"},"acf":[],"yoast_head":"<!-- This site is optimized with the Yoast SEO plugin v23.2 - https:\/\/yoast.com\/wordpress\/plugins\/seo\/ -->\n<title>Sony PXW-FS7 M2 camera - for rent at Digital Azul<\/title>\n<meta name=\"description\" content=\"Sony PXW-FS7M2 is a 4K camera system for &quot;Cin\u00e9ma V\u00e9rit\u00e9&quot;-style documentaries, reality TV, commercial, and corporate applications - for rent at Digital Azul.\" \/>\n<meta name=\"robots\" content=\"index, follow, max-snippet:-1, max-image-preview:large, max-video-preview:-1\" \/>\n<link rel=\"canonical\" href=\"https:\/\/rental.digitalazul.pt\/en\/produto\/sony-pxw-fs7m2\/\" \/>\n<meta property=\"og:locale\" content=\"en_US\" \/>\n<meta property=\"og:type\" content=\"article\" \/>\n<meta property=\"og:title\" content=\"Sony PXW-FS7 M2 camera - for rent at Digital Azul\" \/>\n<meta property=\"og:description\" content=\"Sony PXW-FS7M2 is a 4K camera system for &quot;Cin\u00e9ma V\u00e9rit\u00e9&quot;-style documentaries, reality TV, commercial, and corporate applications - for rent at Digital Azul.\" \/>\n<meta property=\"og:url\" content=\"https:\/\/rental.digitalazul.pt\/en\/produto\/sony-pxw-fs7m2\/\" \/>\n<meta property=\"og:site_name\" content=\"Digital Azul\" \/>\n<meta property=\"article:publisher\" content=\"https:\/\/www.facebook.com\/DigitalAzul\" \/>\n<meta property=\"article:modified_time\" content=\"2023-07-10T15:06:13+00:00\" \/>\n<meta property=\"og:image\" content=\"https:\/\/rental.digitalazul.pt\/wp-content\/uploads\/2017\/08\/Sony-FS7-II-THUMB-Digital-Azul.jpg\" \/>\n\t<meta property=\"og:image:width\" content=\"1600\" \/>\n\t<meta property=\"og:image:height\" content=\"1600\" \/>\n\t<meta property=\"og:image:type\" content=\"image\/jpeg\" \/>\n<meta name=\"twitter:card\" content=\"summary_large_image\" \/>\n<script type=\"application\/ld+json\" class=\"yoast-schema-graph\">{\"@context\":\"https:\/\/schema.org\",\"@graph\":[{\"@type\":\"WebPage\",\"@id\":\"https:\/\/rental.digitalazul.pt\/en\/produto\/sony-pxw-fs7m2\/\",\"url\":\"https:\/\/rental.digitalazul.pt\/en\/produto\/sony-pxw-fs7m2\/\",\"name\":\"Sony PXW-FS7 M2 camera - for rent at Digital Azul\",\"isPartOf\":{\"@id\":\"https:\/\/rental.digitalazul.pt\/en\/#website\"},\"primaryImageOfPage\":{\"@id\":\"https:\/\/rental.digitalazul.pt\/en\/produto\/sony-pxw-fs7m2\/#primaryimage\"},\"image\":{\"@id\":\"https:\/\/rental.digitalazul.pt\/en\/produto\/sony-pxw-fs7m2\/#primaryimage\"},\"thumbnailUrl\":\"https:\/\/rental.digitalazul.pt\/wp-content\/uploads\/2017\/08\/Sony-FS7-II-THUMB-Digital-Azul.jpg\",\"datePublished\":\"2017-08-18T11:24:20+00:00\",\"dateModified\":\"2023-07-10T15:06:13+00:00\",\"description\":\"Sony PXW-FS7M2 is a 4K camera system for \\\"Cin\u00e9ma V\u00e9rit\u00e9\\\"-style documentaries, reality TV, commercial, and corporate applications - for rent at Digital Azul.\",\"breadcrumb\":{\"@id\":\"https:\/\/rental.digitalazul.pt\/en\/produto\/sony-pxw-fs7m2\/#breadcrumb\"},\"inLanguage\":\"en-US\",\"potentialAction\":[{\"@type\":\"ReadAction\",\"target\":[\"https:\/\/rental.digitalazul.pt\/en\/produto\/sony-pxw-fs7m2\/\"]}]},{\"@type\":\"ImageObject\",\"inLanguage\":\"en-US\",\"@id\":\"https:\/\/rental.digitalazul.pt\/en\/produto\/sony-pxw-fs7m2\/#primaryimage\",\"url\":\"https:\/\/rental.digitalazul.pt\/wp-content\/uploads\/2017\/08\/Sony-FS7-II-THUMB-Digital-Azul.jpg\",\"contentUrl\":\"https:\/\/rental.digitalazul.pt\/wp-content\/uploads\/2017\/08\/Sony-FS7-II-THUMB-Digital-Azul.jpg\",\"width\":1600,\"height\":1600},{\"@type\":\"BreadcrumbList\",\"@id\":\"https:\/\/rental.digitalazul.pt\/en\/produto\/sony-pxw-fs7m2\/#breadcrumb\",\"itemListElement\":[{\"@type\":\"ListItem\",\"position\":1,\"name\":\"Home\",\"item\":\"https:\/\/rental.digitalazul.pt\/en\/\"},{\"@type\":\"ListItem\",\"position\":2,\"name\":\"Categories\",\"item\":\"https:\/\/rental.digitalazul.pt\/en\/categories\/\"},{\"@type\":\"ListItem\",\"position\":3,\"name\":\"Sony FS7 II\"}]},{\"@type\":\"WebSite\",\"@id\":\"https:\/\/rental.digitalazul.pt\/en\/#website\",\"url\":\"https:\/\/rental.digitalazul.pt\/en\/\",\"name\":\"Digital Azul\",\"description\":\"Rental Catalogue\",\"potentialAction\":[{\"@type\":\"SearchAction\",\"target\":{\"@type\":\"EntryPoint\",\"urlTemplate\":\"https:\/\/rental.digitalazul.pt\/en\/?s={search_term_string}\"},\"query-input\":\"required name=search_term_string\"}],\"inLanguage\":\"en-US\"}]}<\/script>\n<!-- \/ Yoast SEO plugin. -->","yoast_head_json":{"title":"Sony PXW-FS7 M2 camera - for rent at Digital Azul","description":"Sony PXW-FS7M2 is a 4K camera system for \"Cin\u00e9ma V\u00e9rit\u00e9\"-style documentaries, reality TV, commercial, and corporate applications - for rent at Digital Azul.","robots":{"index":"index","follow":"follow","max-snippet":"max-snippet:-1","max-image-preview":"max-image-preview:large","max-video-preview":"max-video-preview:-1"},"canonical":"https:\/\/rental.digitalazul.pt\/en\/produto\/sony-pxw-fs7m2\/","og_locale":"en_US","og_type":"article","og_title":"Sony PXW-FS7 M2 camera - for rent at Digital Azul","og_description":"Sony PXW-FS7M2 is a 4K camera system for \"Cin\u00e9ma V\u00e9rit\u00e9\"-style documentaries, reality TV, commercial, and corporate applications - for rent at Digital Azul.","og_url":"https:\/\/rental.digitalazul.pt\/en\/produto\/sony-pxw-fs7m2\/","og_site_name":"Digital Azul","article_publisher":"https:\/\/www.facebook.com\/DigitalAzul","article_modified_time":"2023-07-10T15:06:13+00:00","og_image":[{"width":1600,"height":1600,"url":"https:\/\/rental.digitalazul.pt\/wp-content\/uploads\/2017\/08\/Sony-FS7-II-THUMB-Digital-Azul.jpg","type":"image\/jpeg"}],"twitter_card":"summary_large_image","schema":{"@context":"https:\/\/schema.org","@graph":[{"@type":"WebPage","@id":"https:\/\/rental.digitalazul.pt\/en\/produto\/sony-pxw-fs7m2\/","url":"https:\/\/rental.digitalazul.pt\/en\/produto\/sony-pxw-fs7m2\/","name":"Sony PXW-FS7 M2 camera - for rent at Digital Azul","isPartOf":{"@id":"https:\/\/rental.digitalazul.pt\/en\/#website"},"primaryImageOfPage":{"@id":"https:\/\/rental.digitalazul.pt\/en\/produto\/sony-pxw-fs7m2\/#primaryimage"},"image":{"@id":"https:\/\/rental.digitalazul.pt\/en\/produto\/sony-pxw-fs7m2\/#primaryimage"},"thumbnailUrl":"https:\/\/rental.digitalazul.pt\/wp-content\/uploads\/2017\/08\/Sony-FS7-II-THUMB-Digital-Azul.jpg","datePublished":"2017-08-18T11:24:20+00:00","dateModified":"2023-07-10T15:06:13+00:00","description":"Sony PXW-FS7M2 is a 4K camera system for \"Cin\u00e9ma V\u00e9rit\u00e9\"-style documentaries, reality TV, commercial, and corporate applications - for rent at Digital Azul.","breadcrumb":{"@id":"https:\/\/rental.digitalazul.pt\/en\/produto\/sony-pxw-fs7m2\/#breadcrumb"},"inLanguage":"en-US","potentialAction":[{"@type":"ReadAction","target":["https:\/\/rental.digitalazul.pt\/en\/produto\/sony-pxw-fs7m2\/"]}]},{"@type":"ImageObject","inLanguage":"en-US","@id":"https:\/\/rental.digitalazul.pt\/en\/produto\/sony-pxw-fs7m2\/#primaryimage","url":"https:\/\/rental.digitalazul.pt\/wp-content\/uploads\/2017\/08\/Sony-FS7-II-THUMB-Digital-Azul.jpg","contentUrl":"https:\/\/rental.digitalazul.pt\/wp-content\/uploads\/2017\/08\/Sony-FS7-II-THUMB-Digital-Azul.jpg","width":1600,"height":1600},{"@type":"BreadcrumbList","@id":"https:\/\/rental.digitalazul.pt\/en\/produto\/sony-pxw-fs7m2\/#breadcrumb","itemListElement":[{"@type":"ListItem","position":1,"name":"Home","item":"https:\/\/rental.digitalazul.pt\/en\/"},{"@type":"ListItem","position":2,"name":"Categories","item":"https:\/\/rental.digitalazul.pt\/en\/categories\/"},{"@type":"ListItem","position":3,"name":"Sony FS7 II"}]},{"@type":"WebSite","@id":"https:\/\/rental.digitalazul.pt\/en\/#website","url":"https:\/\/rental.digitalazul.pt\/en\/","name":"Digital Azul","description":"Rental Catalogue","potentialAction":[{"@type":"SearchAction","target":{"@type":"EntryPoint","urlTemplate":"https:\/\/rental.digitalazul.pt\/en\/?s={search_term_string}"},"query-input":"required name=search_term_string"}],"inLanguage":"en-US"}]}},"_links":{"self":[{"href":"https:\/\/rental.digitalazul.pt\/en\/wp-json\/wp\/v2\/product\/2085"}],"collection":[{"href":"https:\/\/rental.digitalazul.pt\/en\/wp-json\/wp\/v2\/product"}],"about":[{"href":"https:\/\/rental.digitalazul.pt\/en\/wp-json\/wp\/v2\/types\/product"}],"wp:featuredmedia":[{"embeddable":true,"href":"https:\/\/rental.digitalazul.pt\/en\/wp-json\/wp\/v2\/media\/2303"}],"wp:attachment":[{"href":"https:\/\/rental.digitalazul.pt\/en\/wp-json\/wp\/v2\/media?parent=2085"}],"wp:term":[{"taxonomy":"product_cat","embeddable":true,"href":"https:\/\/rental.digitalazul.pt\/en\/wp-json\/wp\/v2\/product_cat?post=2085"},{"taxonomy":"product_tag","embeddable":true,"href":"https:\/\/rental.digitalazul.pt\/en\/wp-json\/wp\/v2\/product_tag?post=2085"}],"curies":[{"name":"wp","href":"https:\/\/api.w.org\/{rel}","templated":true}]}}