{"id":2185,"date":"2017-09-26T15:21:19","date_gmt":"2017-09-26T15:21:19","guid":{"rendered":"https:\/\/rental.digitalazul.pt\/en\/category\/sem%20categoria\/bridge-plate-digicine-19mm\/"},"modified":"2025-04-09T15:57:56","modified_gmt":"2025-04-09T14:57:56","slug":"bridge-plate-digicine-19mm","status":"publish","type":"product","link":"https:\/\/rental.digitalazul.pt\/en\/produto\/bridge-plate-digicine-19mm\/","title":{"rendered":"Bridge Plate DigiCine 19mm"},"content":{"rendered":"","protected":false},"excerpt":{"rendered":"<p>A Bridge Plate DigiCine, \u00d819mm \u00e9 uma placa de suporte que permite ajustar o centro de gravidade da c\u00e2mera no trip\u00e9.<\/p>\n<ul>\n<li class=\"top-section-list-item\">Compat\u00edvel com as c\u00e2maras\u00a0Sony F5 \/ F23 \/ F35 \/ F55 \/ F65<\/li>\n<li class=\"top-section-list-item\">Compat\u00edvel com a c\u00e2mara de alta-velocidade Phantom Flex<\/li>\n<li class=\"top-section-list-item\">Compat\u00edvel com\u00a0LWS 15 HD Universal Baseplate, para suportar outras c\u00e2meras como a\u00a0Arri Alexa e as\u00a0Red Epic\/Scarlet, entre outras<\/li>\n<li class=\"top-section-list-item\">19mm Rod Pair (25.6&#8243;)<\/li>\n<\/ul>\n","protected":false},"featured_media":2178,"template":"","meta":[],"product_cat":[65],"product_tag":[176,177,178,179,180,181,182,183,174],"class_list":{"0":"post-2185","1":"product","2":"type-product","3":"status-publish","4":"has-post-thumbnail","6":"product_cat-camera-accessories","7":"product_tag-array-alexa","8":"product_tag-red-epic","9":"product_tag-red-scarlet","10":"product_tag-sony-f5","11":"product_tag-sony-f23","12":"product_tag-sony-f35","13":"product_tag-sony-f55","14":"product_tag-sony-f65","15":"product_tag-phantom-flex","17":"first","18":"instock","19":"taxable","20":"shipping-taxable","21":"purchasable","22":"product-type-simple"},"acf":[],"yoast_head":"<!-- This site is optimized with the Yoast SEO plugin v23.2 - https:\/\/yoast.com\/wordpress\/plugins\/seo\/ -->\n<title>Bridge Plate DigiCine, \u00d819mm para aluguer na Digital Azul<\/title>\n<meta name=\"description\" content=\"Temos dispon\u00edvel o Bridge Plate DigiCine, \u00d819mm, compat\u00edvel com v\u00e1rios tipos de c\u00e2maras como a Phantom Flex ou a Arri Alexa, para aluguer na Digital Azul.\" \/>\n<meta name=\"robots\" content=\"index, follow, max-snippet:-1, max-image-preview:large, max-video-preview:-1\" \/>\n<link rel=\"canonical\" href=\"https:\/\/rental.digitalazul.pt\/en\/produto\/bridge-plate-digicine-19mm\/\" \/>\n<meta property=\"og:locale\" content=\"en_US\" \/>\n<meta property=\"og:type\" content=\"article\" \/>\n<meta property=\"og:title\" content=\"Bridge Plate DigiCine, \u00d819mm para aluguer na Digital Azul\" \/>\n<meta property=\"og:description\" content=\"Temos dispon\u00edvel o Bridge Plate DigiCine, \u00d819mm, compat\u00edvel com v\u00e1rios tipos de c\u00e2maras como a Phantom Flex ou a Arri Alexa, para aluguer na Digital Azul.\" \/>\n<meta property=\"og:url\" content=\"https:\/\/rental.digitalazul.pt\/en\/produto\/bridge-plate-digicine-19mm\/\" \/>\n<meta property=\"og:site_name\" content=\"Digital Azul\" \/>\n<meta property=\"article:publisher\" content=\"https:\/\/www.facebook.com\/DigitalAzul\" \/>\n<meta property=\"article:modified_time\" content=\"2025-04-09T14:57:56+00:00\" \/>\n<meta property=\"og:image\" content=\"https:\/\/rental.digitalazul.pt\/wp-content\/uploads\/2017\/09\/Bridge-Plate-DigiCine-\u00d819mm-THUMB-Digital-Azul.jpg\" \/>\n\t<meta property=\"og:image:width\" content=\"1600\" \/>\n\t<meta property=\"og:image:height\" content=\"1600\" \/>\n\t<meta property=\"og:image:type\" content=\"image\/jpeg\" \/>\n<meta name=\"twitter:card\" content=\"summary_large_image\" \/>\n<meta name=\"twitter:label1\" content=\"Est. reading time\" \/>\n\t<meta name=\"twitter:data1\" content=\"1 minute\" \/>\n<script type=\"application\/ld+json\" class=\"yoast-schema-graph\">{\"@context\":\"https:\/\/schema.org\",\"@graph\":[{\"@type\":\"WebPage\",\"@id\":\"https:\/\/rental.digitalazul.pt\/en\/produto\/bridge-plate-digicine-19mm\/\",\"url\":\"https:\/\/rental.digitalazul.pt\/en\/produto\/bridge-plate-digicine-19mm\/\",\"name\":\"Bridge Plate DigiCine, \u00d819mm para aluguer na Digital Azul\",\"isPartOf\":{\"@id\":\"https:\/\/rental.digitalazul.pt\/en\/#website\"},\"primaryImageOfPage\":{\"@id\":\"https:\/\/rental.digitalazul.pt\/en\/produto\/bridge-plate-digicine-19mm\/#primaryimage\"},\"image\":{\"@id\":\"https:\/\/rental.digitalazul.pt\/en\/produto\/bridge-plate-digicine-19mm\/#primaryimage\"},\"thumbnailUrl\":\"https:\/\/rental.digitalazul.pt\/wp-content\/uploads\/2017\/09\/Bridge-Plate-DigiCine-\u00d819mm-THUMB-Digital-Azul.jpg\",\"datePublished\":\"2017-09-26T15:21:19+00:00\",\"dateModified\":\"2025-04-09T14:57:56+00:00\",\"description\":\"Temos dispon\u00edvel o Bridge Plate DigiCine, \u00d819mm, compat\u00edvel com v\u00e1rios tipos de c\u00e2maras como a Phantom Flex ou a Arri Alexa, para aluguer na Digital Azul.\",\"breadcrumb\":{\"@id\":\"https:\/\/rental.digitalazul.pt\/en\/produto\/bridge-plate-digicine-19mm\/#breadcrumb\"},\"inLanguage\":\"en-US\",\"potentialAction\":[{\"@type\":\"ReadAction\",\"target\":[\"https:\/\/rental.digitalazul.pt\/en\/produto\/bridge-plate-digicine-19mm\/\"]}]},{\"@type\":\"ImageObject\",\"inLanguage\":\"en-US\",\"@id\":\"https:\/\/rental.digitalazul.pt\/en\/produto\/bridge-plate-digicine-19mm\/#primaryimage\",\"url\":\"https:\/\/rental.digitalazul.pt\/wp-content\/uploads\/2017\/09\/Bridge-Plate-DigiCine-\u00d819mm-THUMB-Digital-Azul.jpg\",\"contentUrl\":\"https:\/\/rental.digitalazul.pt\/wp-content\/uploads\/2017\/09\/Bridge-Plate-DigiCine-\u00d819mm-THUMB-Digital-Azul.jpg\",\"width\":1600,\"height\":1600},{\"@type\":\"BreadcrumbList\",\"@id\":\"https:\/\/rental.digitalazul.pt\/en\/produto\/bridge-plate-digicine-19mm\/#breadcrumb\",\"itemListElement\":[{\"@type\":\"ListItem\",\"position\":1,\"name\":\"Home\",\"item\":\"https:\/\/rental.digitalazul.pt\/en\/\"},{\"@type\":\"ListItem\",\"position\":2,\"name\":\"Categories\",\"item\":\"https:\/\/rental.digitalazul.pt\/en\/categories\/\"},{\"@type\":\"ListItem\",\"position\":3,\"name\":\"Bridge Plate DigiCine 19mm\"}]},{\"@type\":\"WebSite\",\"@id\":\"https:\/\/rental.digitalazul.pt\/en\/#website\",\"url\":\"https:\/\/rental.digitalazul.pt\/en\/\",\"name\":\"Digital Azul\",\"description\":\"Rental Catalogue\",\"potentialAction\":[{\"@type\":\"SearchAction\",\"target\":{\"@type\":\"EntryPoint\",\"urlTemplate\":\"https:\/\/rental.digitalazul.pt\/en\/?s={search_term_string}\"},\"query-input\":\"required name=search_term_string\"}],\"inLanguage\":\"en-US\"}]}<\/script>\n<!-- \/ Yoast SEO plugin. -->","yoast_head_json":{"title":"Bridge Plate DigiCine, \u00d819mm para aluguer na Digital Azul","description":"Temos dispon\u00edvel o Bridge Plate DigiCine, \u00d819mm, compat\u00edvel com v\u00e1rios tipos de c\u00e2maras como a Phantom Flex ou a Arri Alexa, para aluguer na Digital Azul.","robots":{"index":"index","follow":"follow","max-snippet":"max-snippet:-1","max-image-preview":"max-image-preview:large","max-video-preview":"max-video-preview:-1"},"canonical":"https:\/\/rental.digitalazul.pt\/en\/produto\/bridge-plate-digicine-19mm\/","og_locale":"en_US","og_type":"article","og_title":"Bridge Plate DigiCine, \u00d819mm para aluguer na Digital Azul","og_description":"Temos dispon\u00edvel o Bridge Plate DigiCine, \u00d819mm, compat\u00edvel com v\u00e1rios tipos de c\u00e2maras como a Phantom Flex ou a Arri Alexa, para aluguer na Digital Azul.","og_url":"https:\/\/rental.digitalazul.pt\/en\/produto\/bridge-plate-digicine-19mm\/","og_site_name":"Digital Azul","article_publisher":"https:\/\/www.facebook.com\/DigitalAzul","article_modified_time":"2025-04-09T14:57:56+00:00","og_image":[{"width":1600,"height":1600,"url":"https:\/\/rental.digitalazul.pt\/wp-content\/uploads\/2017\/09\/Bridge-Plate-DigiCine-\u00d819mm-THUMB-Digital-Azul.jpg","type":"image\/jpeg"}],"twitter_card":"summary_large_image","twitter_misc":{"Est. reading time":"1 minute"},"schema":{"@context":"https:\/\/schema.org","@graph":[{"@type":"WebPage","@id":"https:\/\/rental.digitalazul.pt\/en\/produto\/bridge-plate-digicine-19mm\/","url":"https:\/\/rental.digitalazul.pt\/en\/produto\/bridge-plate-digicine-19mm\/","name":"Bridge Plate DigiCine, \u00d819mm para aluguer na Digital Azul","isPartOf":{"@id":"https:\/\/rental.digitalazul.pt\/en\/#website"},"primaryImageOfPage":{"@id":"https:\/\/rental.digitalazul.pt\/en\/produto\/bridge-plate-digicine-19mm\/#primaryimage"},"image":{"@id":"https:\/\/rental.digitalazul.pt\/en\/produto\/bridge-plate-digicine-19mm\/#primaryimage"},"thumbnailUrl":"https:\/\/rental.digitalazul.pt\/wp-content\/uploads\/2017\/09\/Bridge-Plate-DigiCine-\u00d819mm-THUMB-Digital-Azul.jpg","datePublished":"2017-09-26T15:21:19+00:00","dateModified":"2025-04-09T14:57:56+00:00","description":"Temos dispon\u00edvel o Bridge Plate DigiCine, \u00d819mm, compat\u00edvel com v\u00e1rios tipos de c\u00e2maras como a Phantom Flex ou a Arri Alexa, para aluguer na Digital Azul.","breadcrumb":{"@id":"https:\/\/rental.digitalazul.pt\/en\/produto\/bridge-plate-digicine-19mm\/#breadcrumb"},"inLanguage":"en-US","potentialAction":[{"@type":"ReadAction","target":["https:\/\/rental.digitalazul.pt\/en\/produto\/bridge-plate-digicine-19mm\/"]}]},{"@type":"ImageObject","inLanguage":"en-US","@id":"https:\/\/rental.digitalazul.pt\/en\/produto\/bridge-plate-digicine-19mm\/#primaryimage","url":"https:\/\/rental.digitalazul.pt\/wp-content\/uploads\/2017\/09\/Bridge-Plate-DigiCine-\u00d819mm-THUMB-Digital-Azul.jpg","contentUrl":"https:\/\/rental.digitalazul.pt\/wp-content\/uploads\/2017\/09\/Bridge-Plate-DigiCine-\u00d819mm-THUMB-Digital-Azul.jpg","width":1600,"height":1600},{"@type":"BreadcrumbList","@id":"https:\/\/rental.digitalazul.pt\/en\/produto\/bridge-plate-digicine-19mm\/#breadcrumb","itemListElement":[{"@type":"ListItem","position":1,"name":"Home","item":"https:\/\/rental.digitalazul.pt\/en\/"},{"@type":"ListItem","position":2,"name":"Categories","item":"https:\/\/rental.digitalazul.pt\/en\/categories\/"},{"@type":"ListItem","position":3,"name":"Bridge Plate DigiCine 19mm"}]},{"@type":"WebSite","@id":"https:\/\/rental.digitalazul.pt\/en\/#website","url":"https:\/\/rental.digitalazul.pt\/en\/","name":"Digital Azul","description":"Rental Catalogue","potentialAction":[{"@type":"SearchAction","target":{"@type":"EntryPoint","urlTemplate":"https:\/\/rental.digitalazul.pt\/en\/?s={search_term_string}"},"query-input":"required name=search_term_string"}],"inLanguage":"en-US"}]}},"_links":{"self":[{"href":"https:\/\/rental.digitalazul.pt\/en\/wp-json\/wp\/v2\/product\/2185"}],"collection":[{"href":"https:\/\/rental.digitalazul.pt\/en\/wp-json\/wp\/v2\/product"}],"about":[{"href":"https:\/\/rental.digitalazul.pt\/en\/wp-json\/wp\/v2\/types\/product"}],"wp:featuredmedia":[{"embeddable":true,"href":"https:\/\/rental.digitalazul.pt\/en\/wp-json\/wp\/v2\/media\/2178"}],"wp:attachment":[{"href":"https:\/\/rental.digitalazul.pt\/en\/wp-json\/wp\/v2\/media?parent=2185"}],"wp:term":[{"taxonomy":"product_cat","embeddable":true,"href":"https:\/\/rental.digitalazul.pt\/en\/wp-json\/wp\/v2\/product_cat?post=2185"},{"taxonomy":"product_tag","embeddable":true,"href":"https:\/\/rental.digitalazul.pt\/en\/wp-json\/wp\/v2\/product_tag?post=2185"}],"curies":[{"name":"wp","href":"https:\/\/api.w.org\/{rel}","templated":true}]}}