{"id":2218,"date":"2017-09-29T17:40:50","date_gmt":"2017-09-29T17:40:50","guid":{"rendered":"https:\/\/rental.digitalazul.pt\/en\/category\/lighting\/manfrotto-spectra2-led-light\/"},"modified":"2025-04-04T17:31:44","modified_gmt":"2025-04-04T16:31:44","slug":"manfrotto-spectra2-led-light","status":"publish","type":"product","link":"https:\/\/rental.digitalazul.pt\/en\/produto\/manfrotto-spectra2-led-light\/","title":{"rendered":"Manfrotto SPECTRA2 LED Light"},"content":{"rendered":"","protected":false},"excerpt":{"rendered":"<p>Ilumina\u00e7\u00e3o profissional port\u00e1til. O SPECTRA2 LED Light da Manfrotto \u00e9 uma luz LED de luz fotogr\u00e1fica com reflex\u00e3o de luz natural de 5600K que utiliza tecnologia de LED de montagem em superf\u00edcie para atingir um CRI elevado de &gt; 93 para maior precis\u00e3o e fidelidade de cores. A cabe\u00e7a de esfera de fric\u00e7\u00e3o inclu\u00edda no SPECTRA2 inclui um acess\u00f3rio que permite montar a luz em DSLR\u2019s e c\u00e2meras de v\u00eddeo compat\u00edveis, bem como suportes de luz. A luz pode ser alimentada por seis pilhas AA padr\u00e3o, um adaptador de AC opcional ou um adaptador opcional de bateria Li-ion L-Type.<\/p>\n","protected":false},"featured_media":2220,"template":"","meta":[],"product_cat":[74],"product_tag":[112],"class_list":{"0":"post-2218","1":"product","2":"type-product","3":"status-publish","4":"has-post-thumbnail","6":"product_cat-lighting-equipment-for-rent-in-lisbon-portugal","7":"product_tag-rotolight-en","9":"first","10":"instock","11":"taxable","12":"shipping-taxable","13":"purchasable","14":"product-type-simple"},"acf":[],"yoast_head":"<!-- This site is optimized with the Yoast SEO plugin v23.2 - https:\/\/yoast.com\/wordpress\/plugins\/seo\/ -->\n<title>Aluguer - Manfrotto SPECTRA2 LED Light - Digital Azul<\/title>\n<meta name=\"description\" content=\"Ilumina\u00e7\u00e3o profissional port\u00e1til com o Manfrotto SPECTRA2 LED Light, dispon\u00edvel para aluguer na Digital Azul.\" \/>\n<meta name=\"robots\" content=\"index, follow, max-snippet:-1, max-image-preview:large, max-video-preview:-1\" \/>\n<link rel=\"canonical\" href=\"https:\/\/rental.digitalazul.pt\/en\/produto\/manfrotto-spectra2-led-light\/\" \/>\n<meta property=\"og:locale\" content=\"en_US\" \/>\n<meta property=\"og:type\" content=\"article\" \/>\n<meta property=\"og:title\" content=\"Aluguer - Manfrotto SPECTRA2 LED Light - Digital Azul\" \/>\n<meta property=\"og:description\" content=\"Ilumina\u00e7\u00e3o profissional port\u00e1til com o Manfrotto SPECTRA2 LED Light, dispon\u00edvel para aluguer na Digital Azul.\" \/>\n<meta property=\"og:url\" content=\"https:\/\/rental.digitalazul.pt\/en\/produto\/manfrotto-spectra2-led-light\/\" \/>\n<meta property=\"og:site_name\" content=\"Digital Azul\" \/>\n<meta property=\"article:publisher\" content=\"https:\/\/www.facebook.com\/DigitalAzul\" \/>\n<meta property=\"article:modified_time\" content=\"2025-04-04T16:31:44+00:00\" \/>\n<meta property=\"og:image\" content=\"https:\/\/rental.digitalazul.pt\/wp-content\/uploads\/2017\/09\/Manfrotto-Spectra2-Thumb-A-Digital-Azul.jpg\" \/>\n\t<meta property=\"og:image:width\" content=\"1600\" \/>\n\t<meta property=\"og:image:height\" content=\"1600\" \/>\n\t<meta property=\"og:image:type\" content=\"image\/jpeg\" \/>\n<meta name=\"twitter:card\" content=\"summary_large_image\" \/>\n<meta name=\"twitter:label1\" content=\"Est. reading time\" \/>\n\t<meta name=\"twitter:data1\" content=\"1 minute\" \/>\n<script type=\"application\/ld+json\" class=\"yoast-schema-graph\">{\"@context\":\"https:\/\/schema.org\",\"@graph\":[{\"@type\":\"WebPage\",\"@id\":\"https:\/\/rental.digitalazul.pt\/en\/produto\/manfrotto-spectra2-led-light\/\",\"url\":\"https:\/\/rental.digitalazul.pt\/en\/produto\/manfrotto-spectra2-led-light\/\",\"name\":\"Aluguer - Manfrotto SPECTRA2 LED Light - Digital Azul\",\"isPartOf\":{\"@id\":\"https:\/\/rental.digitalazul.pt\/en\/#website\"},\"primaryImageOfPage\":{\"@id\":\"https:\/\/rental.digitalazul.pt\/en\/produto\/manfrotto-spectra2-led-light\/#primaryimage\"},\"image\":{\"@id\":\"https:\/\/rental.digitalazul.pt\/en\/produto\/manfrotto-spectra2-led-light\/#primaryimage\"},\"thumbnailUrl\":\"https:\/\/rental.digitalazul.pt\/wp-content\/uploads\/2017\/09\/Manfrotto-Spectra2-Thumb-A-Digital-Azul.jpg\",\"datePublished\":\"2017-09-29T17:40:50+00:00\",\"dateModified\":\"2025-04-04T16:31:44+00:00\",\"description\":\"Ilumina\u00e7\u00e3o profissional port\u00e1til com o Manfrotto SPECTRA2 LED Light, dispon\u00edvel para aluguer na Digital Azul.\",\"breadcrumb\":{\"@id\":\"https:\/\/rental.digitalazul.pt\/en\/produto\/manfrotto-spectra2-led-light\/#breadcrumb\"},\"inLanguage\":\"en-US\",\"potentialAction\":[{\"@type\":\"ReadAction\",\"target\":[\"https:\/\/rental.digitalazul.pt\/en\/produto\/manfrotto-spectra2-led-light\/\"]}]},{\"@type\":\"ImageObject\",\"inLanguage\":\"en-US\",\"@id\":\"https:\/\/rental.digitalazul.pt\/en\/produto\/manfrotto-spectra2-led-light\/#primaryimage\",\"url\":\"https:\/\/rental.digitalazul.pt\/wp-content\/uploads\/2017\/09\/Manfrotto-Spectra2-Thumb-A-Digital-Azul.jpg\",\"contentUrl\":\"https:\/\/rental.digitalazul.pt\/wp-content\/uploads\/2017\/09\/Manfrotto-Spectra2-Thumb-A-Digital-Azul.jpg\",\"width\":1600,\"height\":1600},{\"@type\":\"BreadcrumbList\",\"@id\":\"https:\/\/rental.digitalazul.pt\/en\/produto\/manfrotto-spectra2-led-light\/#breadcrumb\",\"itemListElement\":[{\"@type\":\"ListItem\",\"position\":1,\"name\":\"Home\",\"item\":\"https:\/\/rental.digitalazul.pt\/en\/\"},{\"@type\":\"ListItem\",\"position\":2,\"name\":\"Categories\",\"item\":\"https:\/\/rental.digitalazul.pt\/en\/categories\/\"},{\"@type\":\"ListItem\",\"position\":3,\"name\":\"Manfrotto SPECTRA2 LED Light\"}]},{\"@type\":\"WebSite\",\"@id\":\"https:\/\/rental.digitalazul.pt\/en\/#website\",\"url\":\"https:\/\/rental.digitalazul.pt\/en\/\",\"name\":\"Digital Azul\",\"description\":\"Rental Catalogue\",\"potentialAction\":[{\"@type\":\"SearchAction\",\"target\":{\"@type\":\"EntryPoint\",\"urlTemplate\":\"https:\/\/rental.digitalazul.pt\/en\/?s={search_term_string}\"},\"query-input\":\"required name=search_term_string\"}],\"inLanguage\":\"en-US\"}]}<\/script>\n<!-- \/ Yoast SEO plugin. -->","yoast_head_json":{"title":"Aluguer - Manfrotto SPECTRA2 LED Light - Digital Azul","description":"Ilumina\u00e7\u00e3o profissional port\u00e1til com o Manfrotto SPECTRA2 LED Light, dispon\u00edvel para aluguer na Digital Azul.","robots":{"index":"index","follow":"follow","max-snippet":"max-snippet:-1","max-image-preview":"max-image-preview:large","max-video-preview":"max-video-preview:-1"},"canonical":"https:\/\/rental.digitalazul.pt\/en\/produto\/manfrotto-spectra2-led-light\/","og_locale":"en_US","og_type":"article","og_title":"Aluguer - Manfrotto SPECTRA2 LED Light - Digital Azul","og_description":"Ilumina\u00e7\u00e3o profissional port\u00e1til com o Manfrotto SPECTRA2 LED Light, dispon\u00edvel para aluguer na Digital Azul.","og_url":"https:\/\/rental.digitalazul.pt\/en\/produto\/manfrotto-spectra2-led-light\/","og_site_name":"Digital Azul","article_publisher":"https:\/\/www.facebook.com\/DigitalAzul","article_modified_time":"2025-04-04T16:31:44+00:00","og_image":[{"width":1600,"height":1600,"url":"https:\/\/rental.digitalazul.pt\/wp-content\/uploads\/2017\/09\/Manfrotto-Spectra2-Thumb-A-Digital-Azul.jpg","type":"image\/jpeg"}],"twitter_card":"summary_large_image","twitter_misc":{"Est. reading time":"1 minute"},"schema":{"@context":"https:\/\/schema.org","@graph":[{"@type":"WebPage","@id":"https:\/\/rental.digitalazul.pt\/en\/produto\/manfrotto-spectra2-led-light\/","url":"https:\/\/rental.digitalazul.pt\/en\/produto\/manfrotto-spectra2-led-light\/","name":"Aluguer - Manfrotto SPECTRA2 LED Light - Digital Azul","isPartOf":{"@id":"https:\/\/rental.digitalazul.pt\/en\/#website"},"primaryImageOfPage":{"@id":"https:\/\/rental.digitalazul.pt\/en\/produto\/manfrotto-spectra2-led-light\/#primaryimage"},"image":{"@id":"https:\/\/rental.digitalazul.pt\/en\/produto\/manfrotto-spectra2-led-light\/#primaryimage"},"thumbnailUrl":"https:\/\/rental.digitalazul.pt\/wp-content\/uploads\/2017\/09\/Manfrotto-Spectra2-Thumb-A-Digital-Azul.jpg","datePublished":"2017-09-29T17:40:50+00:00","dateModified":"2025-04-04T16:31:44+00:00","description":"Ilumina\u00e7\u00e3o profissional port\u00e1til com o Manfrotto SPECTRA2 LED Light, dispon\u00edvel para aluguer na Digital Azul.","breadcrumb":{"@id":"https:\/\/rental.digitalazul.pt\/en\/produto\/manfrotto-spectra2-led-light\/#breadcrumb"},"inLanguage":"en-US","potentialAction":[{"@type":"ReadAction","target":["https:\/\/rental.digitalazul.pt\/en\/produto\/manfrotto-spectra2-led-light\/"]}]},{"@type":"ImageObject","inLanguage":"en-US","@id":"https:\/\/rental.digitalazul.pt\/en\/produto\/manfrotto-spectra2-led-light\/#primaryimage","url":"https:\/\/rental.digitalazul.pt\/wp-content\/uploads\/2017\/09\/Manfrotto-Spectra2-Thumb-A-Digital-Azul.jpg","contentUrl":"https:\/\/rental.digitalazul.pt\/wp-content\/uploads\/2017\/09\/Manfrotto-Spectra2-Thumb-A-Digital-Azul.jpg","width":1600,"height":1600},{"@type":"BreadcrumbList","@id":"https:\/\/rental.digitalazul.pt\/en\/produto\/manfrotto-spectra2-led-light\/#breadcrumb","itemListElement":[{"@type":"ListItem","position":1,"name":"Home","item":"https:\/\/rental.digitalazul.pt\/en\/"},{"@type":"ListItem","position":2,"name":"Categories","item":"https:\/\/rental.digitalazul.pt\/en\/categories\/"},{"@type":"ListItem","position":3,"name":"Manfrotto SPECTRA2 LED Light"}]},{"@type":"WebSite","@id":"https:\/\/rental.digitalazul.pt\/en\/#website","url":"https:\/\/rental.digitalazul.pt\/en\/","name":"Digital Azul","description":"Rental Catalogue","potentialAction":[{"@type":"SearchAction","target":{"@type":"EntryPoint","urlTemplate":"https:\/\/rental.digitalazul.pt\/en\/?s={search_term_string}"},"query-input":"required name=search_term_string"}],"inLanguage":"en-US"}]}},"_links":{"self":[{"href":"https:\/\/rental.digitalazul.pt\/en\/wp-json\/wp\/v2\/product\/2218"}],"collection":[{"href":"https:\/\/rental.digitalazul.pt\/en\/wp-json\/wp\/v2\/product"}],"about":[{"href":"https:\/\/rental.digitalazul.pt\/en\/wp-json\/wp\/v2\/types\/product"}],"wp:featuredmedia":[{"embeddable":true,"href":"https:\/\/rental.digitalazul.pt\/en\/wp-json\/wp\/v2\/media\/2220"}],"wp:attachment":[{"href":"https:\/\/rental.digitalazul.pt\/en\/wp-json\/wp\/v2\/media?parent=2218"}],"wp:term":[{"taxonomy":"product_cat","embeddable":true,"href":"https:\/\/rental.digitalazul.pt\/en\/wp-json\/wp\/v2\/product_cat?post=2218"},{"taxonomy":"product_tag","embeddable":true,"href":"https:\/\/rental.digitalazul.pt\/en\/wp-json\/wp\/v2\/product_tag?post=2218"}],"curies":[{"name":"wp","href":"https:\/\/api.w.org\/{rel}","templated":true}]}}