{"id":2249,"date":"2017-10-17T14:27:30","date_gmt":"2017-10-17T14:27:30","guid":{"rendered":"https:\/\/rental.digitalazul.pt\/en\/category\/cameras\/kit-fs7-2-selp18110g\/"},"modified":"2025-05-12T17:08:22","modified_gmt":"2025-05-12T16:08:22","slug":"kit-fs7-ii-objetiva-18-110mm-42-202mm","status":"publish","type":"product","link":"https:\/\/rental.digitalazul.pt\/en\/produto\/kit-fs7-ii-objetiva-18-110mm-42-202mm\/","title":{"rendered":"Kit FS7 II + Lens: 18-110mm or 42-202mm"},"content":{"rendered":"","protected":false},"excerpt":{"rendered":"","protected":false},"featured_media":2251,"template":"","meta":[],"product_cat":[529],"product_tag":[116],"class_list":{"0":"post-2249","1":"product","2":"type-product","3":"status-publish","4":"has-post-thumbnail","6":"product_cat-kits-en","7":"product_tag-sony-en","9":"first","10":"instock","11":"taxable","12":"shipping-taxable","13":"purchasable","14":"product-type-simple"},"acf":[],"yoast_head":"<!-- This site is optimized with the Yoast SEO plugin v23.2 - https:\/\/yoast.com\/wordpress\/plugins\/seo\/ -->\n<title>Sony FS7 II camera + Sony E PZ 18-110mm f\/4 G lens - rent at Digital Azul<\/title>\n<meta name=\"description\" content=\"Sony PXW-FS7M2 is a 4K camera system for &quot;Cin\u00e9ma V\u00e9rit\u00e9&quot;-style documentaries, reality TV, commercial, and corporate applications - for rent at Digital Azul.\" \/>\n<meta name=\"robots\" content=\"index, follow, max-snippet:-1, max-image-preview:large, max-video-preview:-1\" \/>\n<link rel=\"canonical\" href=\"https:\/\/rental.digitalazul.pt\/en\/produto\/kit-fs7-ii-objetiva-18-110mm-42-202mm\/\" \/>\n<meta property=\"og:locale\" content=\"en_US\" \/>\n<meta property=\"og:type\" content=\"article\" \/>\n<meta property=\"og:title\" content=\"Sony FS7 II camera + Sony E PZ 18-110mm f\/4 G lens - rent at Digital Azul\" \/>\n<meta property=\"og:description\" content=\"Sony PXW-FS7M2 is a 4K camera system for &quot;Cin\u00e9ma V\u00e9rit\u00e9&quot;-style documentaries, reality TV, commercial, and corporate applications - for rent at Digital Azul.\" \/>\n<meta property=\"og:url\" content=\"https:\/\/rental.digitalazul.pt\/en\/produto\/kit-fs7-ii-objetiva-18-110mm-42-202mm\/\" \/>\n<meta property=\"og:site_name\" content=\"Digital Azul\" \/>\n<meta property=\"article:publisher\" content=\"https:\/\/www.facebook.com\/DigitalAzul\" \/>\n<meta property=\"article:modified_time\" content=\"2025-05-12T16:08:22+00:00\" \/>\n<meta property=\"og:image\" content=\"https:\/\/rental.digitalazul.pt\/wp-content\/uploads\/2017\/10\/Kit-FS7-II-Objetiva-SELP18110G-THUMB-A-Digital-Azul.jpg\" \/>\n\t<meta property=\"og:image:width\" content=\"1200\" \/>\n\t<meta property=\"og:image:height\" content=\"1200\" \/>\n\t<meta property=\"og:image:type\" content=\"image\/jpeg\" \/>\n<meta name=\"twitter:card\" content=\"summary_large_image\" \/>\n<meta name=\"twitter:label1\" content=\"Est. reading time\" \/>\n\t<meta name=\"twitter:data1\" content=\"1 minute\" \/>\n<script type=\"application\/ld+json\" class=\"yoast-schema-graph\">{\"@context\":\"https:\/\/schema.org\",\"@graph\":[{\"@type\":\"WebPage\",\"@id\":\"https:\/\/rental.digitalazul.pt\/en\/produto\/kit-fs7-ii-objetiva-18-110mm-42-202mm\/\",\"url\":\"https:\/\/rental.digitalazul.pt\/en\/produto\/kit-fs7-ii-objetiva-18-110mm-42-202mm\/\",\"name\":\"Sony FS7 II camera + Sony E PZ 18-110mm f\/4 G lens - rent at Digital Azul\",\"isPartOf\":{\"@id\":\"https:\/\/rental.digitalazul.pt\/en\/#website\"},\"primaryImageOfPage\":{\"@id\":\"https:\/\/rental.digitalazul.pt\/en\/produto\/kit-fs7-ii-objetiva-18-110mm-42-202mm\/#primaryimage\"},\"image\":{\"@id\":\"https:\/\/rental.digitalazul.pt\/en\/produto\/kit-fs7-ii-objetiva-18-110mm-42-202mm\/#primaryimage\"},\"thumbnailUrl\":\"https:\/\/rental.digitalazul.pt\/wp-content\/uploads\/2017\/10\/Kit-FS7-II-Objetiva-SELP18110G-THUMB-A-Digital-Azul.jpg\",\"datePublished\":\"2017-10-17T14:27:30+00:00\",\"dateModified\":\"2025-05-12T16:08:22+00:00\",\"description\":\"Sony PXW-FS7M2 is a 4K camera system for \\\"Cin\u00e9ma V\u00e9rit\u00e9\\\"-style documentaries, reality TV, commercial, and corporate applications - for rent at Digital Azul.\",\"breadcrumb\":{\"@id\":\"https:\/\/rental.digitalazul.pt\/en\/produto\/kit-fs7-ii-objetiva-18-110mm-42-202mm\/#breadcrumb\"},\"inLanguage\":\"en-US\",\"potentialAction\":[{\"@type\":\"ReadAction\",\"target\":[\"https:\/\/rental.digitalazul.pt\/en\/produto\/kit-fs7-ii-objetiva-18-110mm-42-202mm\/\"]}]},{\"@type\":\"ImageObject\",\"inLanguage\":\"en-US\",\"@id\":\"https:\/\/rental.digitalazul.pt\/en\/produto\/kit-fs7-ii-objetiva-18-110mm-42-202mm\/#primaryimage\",\"url\":\"https:\/\/rental.digitalazul.pt\/wp-content\/uploads\/2017\/10\/Kit-FS7-II-Objetiva-SELP18110G-THUMB-A-Digital-Azul.jpg\",\"contentUrl\":\"https:\/\/rental.digitalazul.pt\/wp-content\/uploads\/2017\/10\/Kit-FS7-II-Objetiva-SELP18110G-THUMB-A-Digital-Azul.jpg\",\"width\":1200,\"height\":1200},{\"@type\":\"BreadcrumbList\",\"@id\":\"https:\/\/rental.digitalazul.pt\/en\/produto\/kit-fs7-ii-objetiva-18-110mm-42-202mm\/#breadcrumb\",\"itemListElement\":[{\"@type\":\"ListItem\",\"position\":1,\"name\":\"Home\",\"item\":\"https:\/\/rental.digitalazul.pt\/en\/\"},{\"@type\":\"ListItem\",\"position\":2,\"name\":\"Categories\",\"item\":\"https:\/\/rental.digitalazul.pt\/en\/categories\/\"},{\"@type\":\"ListItem\",\"position\":3,\"name\":\"Kit FS7 II + Lens: 18-110mm or 42-202mm\"}]},{\"@type\":\"WebSite\",\"@id\":\"https:\/\/rental.digitalazul.pt\/en\/#website\",\"url\":\"https:\/\/rental.digitalazul.pt\/en\/\",\"name\":\"Digital Azul\",\"description\":\"Rental Catalogue\",\"potentialAction\":[{\"@type\":\"SearchAction\",\"target\":{\"@type\":\"EntryPoint\",\"urlTemplate\":\"https:\/\/rental.digitalazul.pt\/en\/?s={search_term_string}\"},\"query-input\":\"required name=search_term_string\"}],\"inLanguage\":\"en-US\"}]}<\/script>\n<!-- \/ Yoast SEO plugin. -->","yoast_head_json":{"title":"Sony FS7 II camera + Sony E PZ 18-110mm f\/4 G lens - rent at Digital Azul","description":"Sony PXW-FS7M2 is a 4K camera system for \"Cin\u00e9ma V\u00e9rit\u00e9\"-style documentaries, reality TV, commercial, and corporate applications - for rent at Digital Azul.","robots":{"index":"index","follow":"follow","max-snippet":"max-snippet:-1","max-image-preview":"max-image-preview:large","max-video-preview":"max-video-preview:-1"},"canonical":"https:\/\/rental.digitalazul.pt\/en\/produto\/kit-fs7-ii-objetiva-18-110mm-42-202mm\/","og_locale":"en_US","og_type":"article","og_title":"Sony FS7 II camera + Sony E PZ 18-110mm f\/4 G lens - rent at Digital Azul","og_description":"Sony PXW-FS7M2 is a 4K camera system for \"Cin\u00e9ma V\u00e9rit\u00e9\"-style documentaries, reality TV, commercial, and corporate applications - for rent at Digital Azul.","og_url":"https:\/\/rental.digitalazul.pt\/en\/produto\/kit-fs7-ii-objetiva-18-110mm-42-202mm\/","og_site_name":"Digital Azul","article_publisher":"https:\/\/www.facebook.com\/DigitalAzul","article_modified_time":"2025-05-12T16:08:22+00:00","og_image":[{"width":1200,"height":1200,"url":"https:\/\/rental.digitalazul.pt\/wp-content\/uploads\/2017\/10\/Kit-FS7-II-Objetiva-SELP18110G-THUMB-A-Digital-Azul.jpg","type":"image\/jpeg"}],"twitter_card":"summary_large_image","twitter_misc":{"Est. reading time":"1 minute"},"schema":{"@context":"https:\/\/schema.org","@graph":[{"@type":"WebPage","@id":"https:\/\/rental.digitalazul.pt\/en\/produto\/kit-fs7-ii-objetiva-18-110mm-42-202mm\/","url":"https:\/\/rental.digitalazul.pt\/en\/produto\/kit-fs7-ii-objetiva-18-110mm-42-202mm\/","name":"Sony FS7 II camera + Sony E PZ 18-110mm f\/4 G lens - rent at Digital Azul","isPartOf":{"@id":"https:\/\/rental.digitalazul.pt\/en\/#website"},"primaryImageOfPage":{"@id":"https:\/\/rental.digitalazul.pt\/en\/produto\/kit-fs7-ii-objetiva-18-110mm-42-202mm\/#primaryimage"},"image":{"@id":"https:\/\/rental.digitalazul.pt\/en\/produto\/kit-fs7-ii-objetiva-18-110mm-42-202mm\/#primaryimage"},"thumbnailUrl":"https:\/\/rental.digitalazul.pt\/wp-content\/uploads\/2017\/10\/Kit-FS7-II-Objetiva-SELP18110G-THUMB-A-Digital-Azul.jpg","datePublished":"2017-10-17T14:27:30+00:00","dateModified":"2025-05-12T16:08:22+00:00","description":"Sony PXW-FS7M2 is a 4K camera system for \"Cin\u00e9ma V\u00e9rit\u00e9\"-style documentaries, reality TV, commercial, and corporate applications - for rent at Digital Azul.","breadcrumb":{"@id":"https:\/\/rental.digitalazul.pt\/en\/produto\/kit-fs7-ii-objetiva-18-110mm-42-202mm\/#breadcrumb"},"inLanguage":"en-US","potentialAction":[{"@type":"ReadAction","target":["https:\/\/rental.digitalazul.pt\/en\/produto\/kit-fs7-ii-objetiva-18-110mm-42-202mm\/"]}]},{"@type":"ImageObject","inLanguage":"en-US","@id":"https:\/\/rental.digitalazul.pt\/en\/produto\/kit-fs7-ii-objetiva-18-110mm-42-202mm\/#primaryimage","url":"https:\/\/rental.digitalazul.pt\/wp-content\/uploads\/2017\/10\/Kit-FS7-II-Objetiva-SELP18110G-THUMB-A-Digital-Azul.jpg","contentUrl":"https:\/\/rental.digitalazul.pt\/wp-content\/uploads\/2017\/10\/Kit-FS7-II-Objetiva-SELP18110G-THUMB-A-Digital-Azul.jpg","width":1200,"height":1200},{"@type":"BreadcrumbList","@id":"https:\/\/rental.digitalazul.pt\/en\/produto\/kit-fs7-ii-objetiva-18-110mm-42-202mm\/#breadcrumb","itemListElement":[{"@type":"ListItem","position":1,"name":"Home","item":"https:\/\/rental.digitalazul.pt\/en\/"},{"@type":"ListItem","position":2,"name":"Categories","item":"https:\/\/rental.digitalazul.pt\/en\/categories\/"},{"@type":"ListItem","position":3,"name":"Kit FS7 II + Lens: 18-110mm or 42-202mm"}]},{"@type":"WebSite","@id":"https:\/\/rental.digitalazul.pt\/en\/#website","url":"https:\/\/rental.digitalazul.pt\/en\/","name":"Digital Azul","description":"Rental Catalogue","potentialAction":[{"@type":"SearchAction","target":{"@type":"EntryPoint","urlTemplate":"https:\/\/rental.digitalazul.pt\/en\/?s={search_term_string}"},"query-input":"required name=search_term_string"}],"inLanguage":"en-US"}]}},"_links":{"self":[{"href":"https:\/\/rental.digitalazul.pt\/en\/wp-json\/wp\/v2\/product\/2249"}],"collection":[{"href":"https:\/\/rental.digitalazul.pt\/en\/wp-json\/wp\/v2\/product"}],"about":[{"href":"https:\/\/rental.digitalazul.pt\/en\/wp-json\/wp\/v2\/types\/product"}],"wp:featuredmedia":[{"embeddable":true,"href":"https:\/\/rental.digitalazul.pt\/en\/wp-json\/wp\/v2\/media\/2251"}],"wp:attachment":[{"href":"https:\/\/rental.digitalazul.pt\/en\/wp-json\/wp\/v2\/media?parent=2249"}],"wp:term":[{"taxonomy":"product_cat","embeddable":true,"href":"https:\/\/rental.digitalazul.pt\/en\/wp-json\/wp\/v2\/product_cat?post=2249"},{"taxonomy":"product_tag","embeddable":true,"href":"https:\/\/rental.digitalazul.pt\/en\/wp-json\/wp\/v2\/product_tag?post=2249"}],"curies":[{"name":"wp","href":"https:\/\/api.w.org\/{rel}","templated":true}]}}