{"id":2516,"date":"2017-12-22T17:41:46","date_gmt":"2017-12-22T17:41:46","guid":{"rendered":"https:\/\/rental.digitalazul.pt\/en\/category\/camera-accessories\/prosup-tango-slider\/"},"modified":"2025-04-09T14:24:43","modified_gmt":"2025-04-09T13:24:43","slug":"prosup-tango-slider","status":"publish","type":"product","link":"https:\/\/rental.digitalazul.pt\/en\/produto\/prosup-tango-slider\/","title":{"rendered":"Prosup Tango Slider 2.2m p\/ c\u00e2maras at\u00e9 20Kg"},"content":{"rendered":"","protected":false},"excerpt":{"rendered":"","protected":false},"featured_media":3157,"template":"","meta":[],"product_cat":[65,75],"product_tag":[176,177,178,179,180,181,182,183,174],"class_list":{"0":"post-2516","1":"product","2":"type-product","3":"status-publish","4":"has-post-thumbnail","6":"product_cat-camera-accessories","7":"product_cat-machinery","8":"product_tag-array-alexa","9":"product_tag-red-epic","10":"product_tag-red-scarlet","11":"product_tag-sony-f5","12":"product_tag-sony-f23","13":"product_tag-sony-f35","14":"product_tag-sony-f55","15":"product_tag-sony-f65","16":"product_tag-phantom-flex","18":"first","19":"instock","20":"taxable","21":"shipping-taxable","22":"purchasable","23":"product-type-simple"},"acf":[],"yoast_head":"<!-- This site is optimized with the Yoast SEO plugin v23.2 - https:\/\/yoast.com\/wordpress\/plugins\/seo\/ -->\n<title>Prosup Tango Slider de 2,2m p\/ c\u00e2maras at\u00e9 15kg - aluguer na Digital Azul<\/title>\n<meta name=\"description\" content=\"Prosup Tango Roller Slider de 2,2m compat\u00edvel com v\u00e1rios tipos de c\u00e2maras como a Phantom Flex ou a Arri Alexa, para aluguer na Digital Azul.\" \/>\n<meta name=\"robots\" content=\"index, follow, max-snippet:-1, max-image-preview:large, max-video-preview:-1\" \/>\n<link rel=\"canonical\" href=\"https:\/\/rental.digitalazul.pt\/en\/produto\/prosup-tango-slider\/\" \/>\n<meta property=\"og:locale\" content=\"en_US\" \/>\n<meta property=\"og:type\" content=\"article\" \/>\n<meta property=\"og:title\" content=\"Prosup Tango Slider de 2,2m p\/ c\u00e2maras at\u00e9 15kg - aluguer na Digital Azul\" \/>\n<meta property=\"og:description\" content=\"Prosup Tango Roller Slider de 2,2m compat\u00edvel com v\u00e1rios tipos de c\u00e2maras como a Phantom Flex ou a Arri Alexa, para aluguer na Digital Azul.\" \/>\n<meta property=\"og:url\" content=\"https:\/\/rental.digitalazul.pt\/en\/produto\/prosup-tango-slider\/\" \/>\n<meta property=\"og:site_name\" content=\"Digital Azul\" \/>\n<meta property=\"article:publisher\" content=\"https:\/\/www.facebook.com\/DigitalAzul\" \/>\n<meta property=\"article:modified_time\" content=\"2025-04-09T13:24:43+00:00\" \/>\n<meta property=\"og:image\" content=\"https:\/\/rental.digitalazul.pt\/wp-content\/uploads\/2017\/12\/Tango-Slider-Digital-Azul-FS7-II.jpg\" \/>\n\t<meta property=\"og:image:width\" content=\"1200\" \/>\n\t<meta property=\"og:image:height\" content=\"1200\" \/>\n\t<meta property=\"og:image:type\" content=\"image\/jpeg\" \/>\n<meta name=\"twitter:card\" content=\"summary_large_image\" \/>\n<meta name=\"twitter:label1\" content=\"Est. reading time\" \/>\n\t<meta name=\"twitter:data1\" content=\"1 minute\" \/>\n<script type=\"application\/ld+json\" class=\"yoast-schema-graph\">{\"@context\":\"https:\/\/schema.org\",\"@graph\":[{\"@type\":\"WebPage\",\"@id\":\"https:\/\/rental.digitalazul.pt\/en\/produto\/prosup-tango-slider\/\",\"url\":\"https:\/\/rental.digitalazul.pt\/en\/produto\/prosup-tango-slider\/\",\"name\":\"Prosup Tango Slider de 2,2m p\/ c\u00e2maras at\u00e9 15kg - aluguer na Digital Azul\",\"isPartOf\":{\"@id\":\"https:\/\/rental.digitalazul.pt\/en\/#website\"},\"primaryImageOfPage\":{\"@id\":\"https:\/\/rental.digitalazul.pt\/en\/produto\/prosup-tango-slider\/#primaryimage\"},\"image\":{\"@id\":\"https:\/\/rental.digitalazul.pt\/en\/produto\/prosup-tango-slider\/#primaryimage\"},\"thumbnailUrl\":\"https:\/\/rental.digitalazul.pt\/wp-content\/uploads\/2017\/12\/Tango-Slider-Digital-Azul-FS7-II.jpg\",\"datePublished\":\"2017-12-22T17:41:46+00:00\",\"dateModified\":\"2025-04-09T13:24:43+00:00\",\"description\":\"Prosup Tango Roller Slider de 2,2m compat\u00edvel com v\u00e1rios tipos de c\u00e2maras como a Phantom Flex ou a Arri Alexa, para aluguer na Digital Azul.\",\"breadcrumb\":{\"@id\":\"https:\/\/rental.digitalazul.pt\/en\/produto\/prosup-tango-slider\/#breadcrumb\"},\"inLanguage\":\"en-US\",\"potentialAction\":[{\"@type\":\"ReadAction\",\"target\":[\"https:\/\/rental.digitalazul.pt\/en\/produto\/prosup-tango-slider\/\"]}]},{\"@type\":\"ImageObject\",\"inLanguage\":\"en-US\",\"@id\":\"https:\/\/rental.digitalazul.pt\/en\/produto\/prosup-tango-slider\/#primaryimage\",\"url\":\"https:\/\/rental.digitalazul.pt\/wp-content\/uploads\/2017\/12\/Tango-Slider-Digital-Azul-FS7-II.jpg\",\"contentUrl\":\"https:\/\/rental.digitalazul.pt\/wp-content\/uploads\/2017\/12\/Tango-Slider-Digital-Azul-FS7-II.jpg\",\"width\":1200,\"height\":1200},{\"@type\":\"BreadcrumbList\",\"@id\":\"https:\/\/rental.digitalazul.pt\/en\/produto\/prosup-tango-slider\/#breadcrumb\",\"itemListElement\":[{\"@type\":\"ListItem\",\"position\":1,\"name\":\"Home\",\"item\":\"https:\/\/rental.digitalazul.pt\/en\/\"},{\"@type\":\"ListItem\",\"position\":2,\"name\":\"Categories\",\"item\":\"https:\/\/rental.digitalazul.pt\/en\/categories\/\"},{\"@type\":\"ListItem\",\"position\":3,\"name\":\"Prosup Tango Slider 2.2m p\/ c\u00e2maras at\u00e9 20Kg\"}]},{\"@type\":\"WebSite\",\"@id\":\"https:\/\/rental.digitalazul.pt\/en\/#website\",\"url\":\"https:\/\/rental.digitalazul.pt\/en\/\",\"name\":\"Digital Azul\",\"description\":\"Rental Catalogue\",\"potentialAction\":[{\"@type\":\"SearchAction\",\"target\":{\"@type\":\"EntryPoint\",\"urlTemplate\":\"https:\/\/rental.digitalazul.pt\/en\/?s={search_term_string}\"},\"query-input\":\"required name=search_term_string\"}],\"inLanguage\":\"en-US\"}]}<\/script>\n<!-- \/ Yoast SEO plugin. -->","yoast_head_json":{"title":"Prosup Tango Slider de 2,2m p\/ c\u00e2maras at\u00e9 15kg - aluguer na Digital Azul","description":"Prosup Tango Roller Slider de 2,2m compat\u00edvel com v\u00e1rios tipos de c\u00e2maras como a Phantom Flex ou a Arri Alexa, para aluguer na Digital Azul.","robots":{"index":"index","follow":"follow","max-snippet":"max-snippet:-1","max-image-preview":"max-image-preview:large","max-video-preview":"max-video-preview:-1"},"canonical":"https:\/\/rental.digitalazul.pt\/en\/produto\/prosup-tango-slider\/","og_locale":"en_US","og_type":"article","og_title":"Prosup Tango Slider de 2,2m p\/ c\u00e2maras at\u00e9 15kg - aluguer na Digital Azul","og_description":"Prosup Tango Roller Slider de 2,2m compat\u00edvel com v\u00e1rios tipos de c\u00e2maras como a Phantom Flex ou a Arri Alexa, para aluguer na Digital Azul.","og_url":"https:\/\/rental.digitalazul.pt\/en\/produto\/prosup-tango-slider\/","og_site_name":"Digital Azul","article_publisher":"https:\/\/www.facebook.com\/DigitalAzul","article_modified_time":"2025-04-09T13:24:43+00:00","og_image":[{"width":1200,"height":1200,"url":"https:\/\/rental.digitalazul.pt\/wp-content\/uploads\/2017\/12\/Tango-Slider-Digital-Azul-FS7-II.jpg","type":"image\/jpeg"}],"twitter_card":"summary_large_image","twitter_misc":{"Est. reading time":"1 minute"},"schema":{"@context":"https:\/\/schema.org","@graph":[{"@type":"WebPage","@id":"https:\/\/rental.digitalazul.pt\/en\/produto\/prosup-tango-slider\/","url":"https:\/\/rental.digitalazul.pt\/en\/produto\/prosup-tango-slider\/","name":"Prosup Tango Slider de 2,2m p\/ c\u00e2maras at\u00e9 15kg - aluguer na Digital Azul","isPartOf":{"@id":"https:\/\/rental.digitalazul.pt\/en\/#website"},"primaryImageOfPage":{"@id":"https:\/\/rental.digitalazul.pt\/en\/produto\/prosup-tango-slider\/#primaryimage"},"image":{"@id":"https:\/\/rental.digitalazul.pt\/en\/produto\/prosup-tango-slider\/#primaryimage"},"thumbnailUrl":"https:\/\/rental.digitalazul.pt\/wp-content\/uploads\/2017\/12\/Tango-Slider-Digital-Azul-FS7-II.jpg","datePublished":"2017-12-22T17:41:46+00:00","dateModified":"2025-04-09T13:24:43+00:00","description":"Prosup Tango Roller Slider de 2,2m compat\u00edvel com v\u00e1rios tipos de c\u00e2maras como a Phantom Flex ou a Arri Alexa, para aluguer na Digital Azul.","breadcrumb":{"@id":"https:\/\/rental.digitalazul.pt\/en\/produto\/prosup-tango-slider\/#breadcrumb"},"inLanguage":"en-US","potentialAction":[{"@type":"ReadAction","target":["https:\/\/rental.digitalazul.pt\/en\/produto\/prosup-tango-slider\/"]}]},{"@type":"ImageObject","inLanguage":"en-US","@id":"https:\/\/rental.digitalazul.pt\/en\/produto\/prosup-tango-slider\/#primaryimage","url":"https:\/\/rental.digitalazul.pt\/wp-content\/uploads\/2017\/12\/Tango-Slider-Digital-Azul-FS7-II.jpg","contentUrl":"https:\/\/rental.digitalazul.pt\/wp-content\/uploads\/2017\/12\/Tango-Slider-Digital-Azul-FS7-II.jpg","width":1200,"height":1200},{"@type":"BreadcrumbList","@id":"https:\/\/rental.digitalazul.pt\/en\/produto\/prosup-tango-slider\/#breadcrumb","itemListElement":[{"@type":"ListItem","position":1,"name":"Home","item":"https:\/\/rental.digitalazul.pt\/en\/"},{"@type":"ListItem","position":2,"name":"Categories","item":"https:\/\/rental.digitalazul.pt\/en\/categories\/"},{"@type":"ListItem","position":3,"name":"Prosup Tango Slider 2.2m p\/ c\u00e2maras at\u00e9 20Kg"}]},{"@type":"WebSite","@id":"https:\/\/rental.digitalazul.pt\/en\/#website","url":"https:\/\/rental.digitalazul.pt\/en\/","name":"Digital Azul","description":"Rental Catalogue","potentialAction":[{"@type":"SearchAction","target":{"@type":"EntryPoint","urlTemplate":"https:\/\/rental.digitalazul.pt\/en\/?s={search_term_string}"},"query-input":"required name=search_term_string"}],"inLanguage":"en-US"}]}},"_links":{"self":[{"href":"https:\/\/rental.digitalazul.pt\/en\/wp-json\/wp\/v2\/product\/2516"}],"collection":[{"href":"https:\/\/rental.digitalazul.pt\/en\/wp-json\/wp\/v2\/product"}],"about":[{"href":"https:\/\/rental.digitalazul.pt\/en\/wp-json\/wp\/v2\/types\/product"}],"wp:featuredmedia":[{"embeddable":true,"href":"https:\/\/rental.digitalazul.pt\/en\/wp-json\/wp\/v2\/media\/3157"}],"wp:attachment":[{"href":"https:\/\/rental.digitalazul.pt\/en\/wp-json\/wp\/v2\/media?parent=2516"}],"wp:term":[{"taxonomy":"product_cat","embeddable":true,"href":"https:\/\/rental.digitalazul.pt\/en\/wp-json\/wp\/v2\/product_cat?post=2516"},{"taxonomy":"product_tag","embeddable":true,"href":"https:\/\/rental.digitalazul.pt\/en\/wp-json\/wp\/v2\/product_tag?post=2516"}],"curies":[{"name":"wp","href":"https:\/\/api.w.org\/{rel}","templated":true}]}}