{"id":2706,"date":"2018-01-15T14:46:37","date_gmt":"2018-01-15T14:46:37","guid":{"rendered":"https:\/\/rental.digitalazul.pt\/en\/category\/converters\/conversor-scaler-sdhd3g-sdi-to-vga\/"},"modified":"2025-05-15T10:50:51","modified_gmt":"2025-05-15T09:50:51","slug":"dac-60-conversor-scaler-sdhd3g-sdi-to-vga","status":"publish","type":"product","link":"https:\/\/rental.digitalazul.pt\/en\/produto\/dac-60-conversor-scaler-sdhd3g-sdi-to-vga\/","title":{"rendered":"DAC-60 Conversor Scaler SD\/HD\/3G-SDI to VGA"},"content":{"rendered":"","protected":false},"excerpt":{"rendered":"<p>O <strong>Datavideo DAC-60 SD \/ HD \/ 3G-SDI para VGA Scaler<\/strong> e Conversor converte sinais de v\u00eddeo SD \/ HD \/ 3G-SDI em sinais VGA para visualiza\u00e7\u00e3o\u00a0em \u00a0projetores e monitores. O DAC-60 possui uma entrada de loop-through que passa o sinal de entrada SDI a jusante sem alter\u00e1-lo. Isso permite que voc\u00ea alimente os mesmos sinais de v\u00eddeo para equipamentos baseados em VGA e SDI. A unidade auto detecta o formato de entrada e escala-o para o formato de sa\u00edda VGA selecionado pelo usu\u00e1rio, que \u00e9 indicado pelos seis LEDs.<\/p>\n","protected":false},"featured_media":3456,"template":"","meta":[],"product_cat":[69],"product_tag":[90],"class_list":{"0":"post-2706","1":"product","2":"type-product","3":"status-publish","4":"has-post-thumbnail","6":"product_cat-signal-converters","7":"product_tag-blackmagic-en","9":"first","10":"instock","11":"taxable","12":"shipping-taxable","13":"purchasable","14":"product-type-simple"},"acf":[],"yoast_head":"<!-- This site is optimized with the Yoast SEO plugin v23.2 - https:\/\/yoast.com\/wordpress\/plugins\/seo\/ -->\n<title>DAC-60 Conversor Scaler SD\/HD\/3G-SDI to VGA &#8212; Digital Azul<\/title>\n<meta name=\"robots\" content=\"index, follow, max-snippet:-1, max-image-preview:large, max-video-preview:-1\" \/>\n<link rel=\"canonical\" href=\"https:\/\/rental.digitalazul.pt\/en\/produto\/dac-60-conversor-scaler-sdhd3g-sdi-to-vga\/\" \/>\n<meta property=\"og:locale\" content=\"en_US\" \/>\n<meta property=\"og:type\" content=\"article\" \/>\n<meta property=\"og:title\" content=\"DAC-60 Conversor Scaler SD\/HD\/3G-SDI to VGA &#8212; Digital Azul\" \/>\n<meta property=\"og:description\" content=\"O Datavideo DAC-60 SD \/ HD \/ 3G-SDI para VGA Scaler e Conversor converte sinais de v\u00eddeo SD \/ HD \/ 3G-SDI em sinais VGA para visualiza\u00e7\u00e3o\u00a0em \u00a0projetores e monitores. O DAC-60 possui uma entrada de loop-through que passa o sinal de entrada SDI a jusante sem alter\u00e1-lo. Isso permite que voc\u00ea alimente os mesmos sinais de v\u00eddeo para equipamentos baseados em VGA e SDI. A unidade auto detecta o formato de entrada e escala-o para o formato de sa\u00edda VGA selecionado pelo usu\u00e1rio, que \u00e9 indicado pelos seis LEDs.\" \/>\n<meta property=\"og:url\" content=\"https:\/\/rental.digitalazul.pt\/en\/produto\/dac-60-conversor-scaler-sdhd3g-sdi-to-vga\/\" \/>\n<meta property=\"og:site_name\" content=\"Digital Azul\" \/>\n<meta property=\"article:publisher\" content=\"https:\/\/www.facebook.com\/DigitalAzul\" \/>\n<meta property=\"article:modified_time\" content=\"2025-05-15T09:50:51+00:00\" \/>\n<meta property=\"og:image\" content=\"https:\/\/rental.digitalazul.pt\/wp-content\/uploads\/2018\/01\/Conversor-HD-SD-SDI-TO-VGA-Converter-THUMB-AAA-Digital-Azul.jpg\" \/>\n\t<meta property=\"og:image:width\" content=\"1200\" \/>\n\t<meta property=\"og:image:height\" content=\"1200\" \/>\n\t<meta property=\"og:image:type\" content=\"image\/jpeg\" \/>\n<meta name=\"twitter:card\" content=\"summary_large_image\" \/>\n<meta name=\"twitter:label1\" content=\"Est. reading time\" \/>\n\t<meta name=\"twitter:data1\" content=\"1 minute\" \/>\n<script type=\"application\/ld+json\" class=\"yoast-schema-graph\">{\"@context\":\"https:\/\/schema.org\",\"@graph\":[{\"@type\":\"WebPage\",\"@id\":\"https:\/\/rental.digitalazul.pt\/en\/produto\/dac-60-conversor-scaler-sdhd3g-sdi-to-vga\/\",\"url\":\"https:\/\/rental.digitalazul.pt\/en\/produto\/dac-60-conversor-scaler-sdhd3g-sdi-to-vga\/\",\"name\":\"DAC-60 Conversor Scaler SD\/HD\/3G-SDI to VGA &#8212; Digital Azul\",\"isPartOf\":{\"@id\":\"https:\/\/rental.digitalazul.pt\/en\/#website\"},\"primaryImageOfPage\":{\"@id\":\"https:\/\/rental.digitalazul.pt\/en\/produto\/dac-60-conversor-scaler-sdhd3g-sdi-to-vga\/#primaryimage\"},\"image\":{\"@id\":\"https:\/\/rental.digitalazul.pt\/en\/produto\/dac-60-conversor-scaler-sdhd3g-sdi-to-vga\/#primaryimage\"},\"thumbnailUrl\":\"https:\/\/rental.digitalazul.pt\/wp-content\/uploads\/2018\/01\/Conversor-HD-SD-SDI-TO-VGA-Converter-THUMB-AAA-Digital-Azul.jpg\",\"datePublished\":\"2018-01-15T14:46:37+00:00\",\"dateModified\":\"2025-05-15T09:50:51+00:00\",\"breadcrumb\":{\"@id\":\"https:\/\/rental.digitalazul.pt\/en\/produto\/dac-60-conversor-scaler-sdhd3g-sdi-to-vga\/#breadcrumb\"},\"inLanguage\":\"en-US\",\"potentialAction\":[{\"@type\":\"ReadAction\",\"target\":[\"https:\/\/rental.digitalazul.pt\/en\/produto\/dac-60-conversor-scaler-sdhd3g-sdi-to-vga\/\"]}]},{\"@type\":\"ImageObject\",\"inLanguage\":\"en-US\",\"@id\":\"https:\/\/rental.digitalazul.pt\/en\/produto\/dac-60-conversor-scaler-sdhd3g-sdi-to-vga\/#primaryimage\",\"url\":\"https:\/\/rental.digitalazul.pt\/wp-content\/uploads\/2018\/01\/Conversor-HD-SD-SDI-TO-VGA-Converter-THUMB-AAA-Digital-Azul.jpg\",\"contentUrl\":\"https:\/\/rental.digitalazul.pt\/wp-content\/uploads\/2018\/01\/Conversor-HD-SD-SDI-TO-VGA-Converter-THUMB-AAA-Digital-Azul.jpg\",\"width\":1200,\"height\":1200},{\"@type\":\"BreadcrumbList\",\"@id\":\"https:\/\/rental.digitalazul.pt\/en\/produto\/dac-60-conversor-scaler-sdhd3g-sdi-to-vga\/#breadcrumb\",\"itemListElement\":[{\"@type\":\"ListItem\",\"position\":1,\"name\":\"Home\",\"item\":\"https:\/\/rental.digitalazul.pt\/en\/\"},{\"@type\":\"ListItem\",\"position\":2,\"name\":\"Categories\",\"item\":\"https:\/\/rental.digitalazul.pt\/en\/categories\/\"},{\"@type\":\"ListItem\",\"position\":3,\"name\":\"DAC-60 Conversor Scaler SD\/HD\/3G-SDI to VGA\"}]},{\"@type\":\"WebSite\",\"@id\":\"https:\/\/rental.digitalazul.pt\/en\/#website\",\"url\":\"https:\/\/rental.digitalazul.pt\/en\/\",\"name\":\"Digital Azul\",\"description\":\"Rental Catalogue\",\"potentialAction\":[{\"@type\":\"SearchAction\",\"target\":{\"@type\":\"EntryPoint\",\"urlTemplate\":\"https:\/\/rental.digitalazul.pt\/en\/?s={search_term_string}\"},\"query-input\":\"required name=search_term_string\"}],\"inLanguage\":\"en-US\"}]}<\/script>\n<!-- \/ Yoast SEO plugin. -->","yoast_head_json":{"title":"DAC-60 Conversor Scaler SD\/HD\/3G-SDI to VGA &#8212; Digital Azul","robots":{"index":"index","follow":"follow","max-snippet":"max-snippet:-1","max-image-preview":"max-image-preview:large","max-video-preview":"max-video-preview:-1"},"canonical":"https:\/\/rental.digitalazul.pt\/en\/produto\/dac-60-conversor-scaler-sdhd3g-sdi-to-vga\/","og_locale":"en_US","og_type":"article","og_title":"DAC-60 Conversor Scaler SD\/HD\/3G-SDI to VGA &#8212; Digital Azul","og_description":"O Datavideo DAC-60 SD \/ HD \/ 3G-SDI para VGA Scaler e Conversor converte sinais de v\u00eddeo SD \/ HD \/ 3G-SDI em sinais VGA para visualiza\u00e7\u00e3o\u00a0em \u00a0projetores e monitores. O DAC-60 possui uma entrada de loop-through que passa o sinal de entrada SDI a jusante sem alter\u00e1-lo. Isso permite que voc\u00ea alimente os mesmos sinais de v\u00eddeo para equipamentos baseados em VGA e SDI. A unidade auto detecta o formato de entrada e escala-o para o formato de sa\u00edda VGA selecionado pelo usu\u00e1rio, que \u00e9 indicado pelos seis LEDs.","og_url":"https:\/\/rental.digitalazul.pt\/en\/produto\/dac-60-conversor-scaler-sdhd3g-sdi-to-vga\/","og_site_name":"Digital Azul","article_publisher":"https:\/\/www.facebook.com\/DigitalAzul","article_modified_time":"2025-05-15T09:50:51+00:00","og_image":[{"width":1200,"height":1200,"url":"https:\/\/rental.digitalazul.pt\/wp-content\/uploads\/2018\/01\/Conversor-HD-SD-SDI-TO-VGA-Converter-THUMB-AAA-Digital-Azul.jpg","type":"image\/jpeg"}],"twitter_card":"summary_large_image","twitter_misc":{"Est. reading time":"1 minute"},"schema":{"@context":"https:\/\/schema.org","@graph":[{"@type":"WebPage","@id":"https:\/\/rental.digitalazul.pt\/en\/produto\/dac-60-conversor-scaler-sdhd3g-sdi-to-vga\/","url":"https:\/\/rental.digitalazul.pt\/en\/produto\/dac-60-conversor-scaler-sdhd3g-sdi-to-vga\/","name":"DAC-60 Conversor Scaler SD\/HD\/3G-SDI to VGA &#8212; Digital Azul","isPartOf":{"@id":"https:\/\/rental.digitalazul.pt\/en\/#website"},"primaryImageOfPage":{"@id":"https:\/\/rental.digitalazul.pt\/en\/produto\/dac-60-conversor-scaler-sdhd3g-sdi-to-vga\/#primaryimage"},"image":{"@id":"https:\/\/rental.digitalazul.pt\/en\/produto\/dac-60-conversor-scaler-sdhd3g-sdi-to-vga\/#primaryimage"},"thumbnailUrl":"https:\/\/rental.digitalazul.pt\/wp-content\/uploads\/2018\/01\/Conversor-HD-SD-SDI-TO-VGA-Converter-THUMB-AAA-Digital-Azul.jpg","datePublished":"2018-01-15T14:46:37+00:00","dateModified":"2025-05-15T09:50:51+00:00","breadcrumb":{"@id":"https:\/\/rental.digitalazul.pt\/en\/produto\/dac-60-conversor-scaler-sdhd3g-sdi-to-vga\/#breadcrumb"},"inLanguage":"en-US","potentialAction":[{"@type":"ReadAction","target":["https:\/\/rental.digitalazul.pt\/en\/produto\/dac-60-conversor-scaler-sdhd3g-sdi-to-vga\/"]}]},{"@type":"ImageObject","inLanguage":"en-US","@id":"https:\/\/rental.digitalazul.pt\/en\/produto\/dac-60-conversor-scaler-sdhd3g-sdi-to-vga\/#primaryimage","url":"https:\/\/rental.digitalazul.pt\/wp-content\/uploads\/2018\/01\/Conversor-HD-SD-SDI-TO-VGA-Converter-THUMB-AAA-Digital-Azul.jpg","contentUrl":"https:\/\/rental.digitalazul.pt\/wp-content\/uploads\/2018\/01\/Conversor-HD-SD-SDI-TO-VGA-Converter-THUMB-AAA-Digital-Azul.jpg","width":1200,"height":1200},{"@type":"BreadcrumbList","@id":"https:\/\/rental.digitalazul.pt\/en\/produto\/dac-60-conversor-scaler-sdhd3g-sdi-to-vga\/#breadcrumb","itemListElement":[{"@type":"ListItem","position":1,"name":"Home","item":"https:\/\/rental.digitalazul.pt\/en\/"},{"@type":"ListItem","position":2,"name":"Categories","item":"https:\/\/rental.digitalazul.pt\/en\/categories\/"},{"@type":"ListItem","position":3,"name":"DAC-60 Conversor Scaler SD\/HD\/3G-SDI to VGA"}]},{"@type":"WebSite","@id":"https:\/\/rental.digitalazul.pt\/en\/#website","url":"https:\/\/rental.digitalazul.pt\/en\/","name":"Digital Azul","description":"Rental Catalogue","potentialAction":[{"@type":"SearchAction","target":{"@type":"EntryPoint","urlTemplate":"https:\/\/rental.digitalazul.pt\/en\/?s={search_term_string}"},"query-input":"required name=search_term_string"}],"inLanguage":"en-US"}]}},"_links":{"self":[{"href":"https:\/\/rental.digitalazul.pt\/en\/wp-json\/wp\/v2\/product\/2706"}],"collection":[{"href":"https:\/\/rental.digitalazul.pt\/en\/wp-json\/wp\/v2\/product"}],"about":[{"href":"https:\/\/rental.digitalazul.pt\/en\/wp-json\/wp\/v2\/types\/product"}],"wp:featuredmedia":[{"embeddable":true,"href":"https:\/\/rental.digitalazul.pt\/en\/wp-json\/wp\/v2\/media\/3456"}],"wp:attachment":[{"href":"https:\/\/rental.digitalazul.pt\/en\/wp-json\/wp\/v2\/media?parent=2706"}],"wp:term":[{"taxonomy":"product_cat","embeddable":true,"href":"https:\/\/rental.digitalazul.pt\/en\/wp-json\/wp\/v2\/product_cat?post=2706"},{"taxonomy":"product_tag","embeddable":true,"href":"https:\/\/rental.digitalazul.pt\/en\/wp-json\/wp\/v2\/product_tag?post=2706"}],"curies":[{"name":"wp","href":"https:\/\/api.w.org\/{rel}","templated":true}]}}