{"id":2722,"date":"2018-01-18T10:11:45","date_gmt":"2018-01-18T10:11:45","guid":{"rendered":"https:\/\/rental.digitalazul.pt\/en\/category\/cameras\/jvc-prohd-mobile-news\/"},"modified":"2023-07-03T10:55:42","modified_gmt":"2023-07-03T09:55:42","slug":"jvc-prohd-mobile-news","status":"publish","type":"product","link":"https:\/\/rental.digitalazul.pt\/en\/produto\/jvc-prohd-mobile-news\/","title":{"rendered":"GY-HM650 Mobile news JVC"},"content":{"rendered":"","protected":false},"excerpt":{"rendered":"","protected":false},"featured_media":2724,"template":"","meta":[],"product_cat":[70],"product_tag":[100],"class_list":{"0":"post-2722","1":"product","2":"type-product","3":"status-publish","4":"has-post-thumbnail","6":"product_cat-cameras","7":"product_tag-jvc-en","9":"first","10":"instock","11":"taxable","12":"shipping-taxable","13":"purchasable","14":"product-type-simple"},"acf":[],"yoast_head":"<!-- This site is optimized with the Yoast SEO plugin v23.2 - https:\/\/yoast.com\/wordpress\/plugins\/seo\/ -->\n<title>Aluguer c\u00e2mara JVC GY-HM650U ProHD MOBILE NEWS- Digital Azul<\/title>\n<meta name=\"description\" content=\"C\u00e2mara JVC GY-HM650U ProHD MOBILE NEWS para aluguer na Digital Azul. Dispomos tamb\u00e9m de outras c\u00e2maras Sony, Blackmagic, Red, Canon, JVC.\" \/>\n<meta name=\"robots\" content=\"index, follow, max-snippet:-1, max-image-preview:large, max-video-preview:-1\" \/>\n<link rel=\"canonical\" href=\"https:\/\/rental.digitalazul.pt\/en\/produto\/jvc-prohd-mobile-news\/\" \/>\n<meta property=\"og:locale\" content=\"en_US\" \/>\n<meta property=\"og:type\" content=\"article\" \/>\n<meta property=\"og:title\" content=\"Aluguer c\u00e2mara JVC GY-HM650U ProHD MOBILE NEWS- Digital Azul\" \/>\n<meta property=\"og:description\" content=\"C\u00e2mara JVC GY-HM650U ProHD MOBILE NEWS para aluguer na Digital Azul. Dispomos tamb\u00e9m de outras c\u00e2maras Sony, Blackmagic, Red, Canon, JVC.\" \/>\n<meta property=\"og:url\" content=\"https:\/\/rental.digitalazul.pt\/en\/produto\/jvc-prohd-mobile-news\/\" \/>\n<meta property=\"og:site_name\" content=\"Digital Azul\" \/>\n<meta property=\"article:publisher\" content=\"https:\/\/www.facebook.com\/DigitalAzul\" \/>\n<meta property=\"article:modified_time\" content=\"2023-07-03T09:55:42+00:00\" \/>\n<meta property=\"og:image\" content=\"https:\/\/rental.digitalazul.pt\/wp-content\/uploads\/2018\/01\/JVC-GY-HM650U-THUMB-A-Digital-Azul.jpg\" \/>\n\t<meta property=\"og:image:width\" content=\"1600\" \/>\n\t<meta property=\"og:image:height\" content=\"1600\" \/>\n\t<meta property=\"og:image:type\" content=\"image\/jpeg\" \/>\n<meta name=\"twitter:card\" content=\"summary_large_image\" \/>\n<script type=\"application\/ld+json\" class=\"yoast-schema-graph\">{\"@context\":\"https:\/\/schema.org\",\"@graph\":[{\"@type\":\"WebPage\",\"@id\":\"https:\/\/rental.digitalazul.pt\/en\/produto\/jvc-prohd-mobile-news\/\",\"url\":\"https:\/\/rental.digitalazul.pt\/en\/produto\/jvc-prohd-mobile-news\/\",\"name\":\"Aluguer c\u00e2mara JVC GY-HM650U ProHD MOBILE NEWS- Digital Azul\",\"isPartOf\":{\"@id\":\"https:\/\/rental.digitalazul.pt\/en\/#website\"},\"primaryImageOfPage\":{\"@id\":\"https:\/\/rental.digitalazul.pt\/en\/produto\/jvc-prohd-mobile-news\/#primaryimage\"},\"image\":{\"@id\":\"https:\/\/rental.digitalazul.pt\/en\/produto\/jvc-prohd-mobile-news\/#primaryimage\"},\"thumbnailUrl\":\"https:\/\/rental.digitalazul.pt\/wp-content\/uploads\/2018\/01\/JVC-GY-HM650U-THUMB-A-Digital-Azul.jpg\",\"datePublished\":\"2018-01-18T10:11:45+00:00\",\"dateModified\":\"2023-07-03T09:55:42+00:00\",\"description\":\"C\u00e2mara JVC GY-HM650U ProHD MOBILE NEWS para aluguer na Digital Azul. Dispomos tamb\u00e9m de outras c\u00e2maras Sony, Blackmagic, Red, Canon, JVC.\",\"breadcrumb\":{\"@id\":\"https:\/\/rental.digitalazul.pt\/en\/produto\/jvc-prohd-mobile-news\/#breadcrumb\"},\"inLanguage\":\"en-US\",\"potentialAction\":[{\"@type\":\"ReadAction\",\"target\":[\"https:\/\/rental.digitalazul.pt\/en\/produto\/jvc-prohd-mobile-news\/\"]}]},{\"@type\":\"ImageObject\",\"inLanguage\":\"en-US\",\"@id\":\"https:\/\/rental.digitalazul.pt\/en\/produto\/jvc-prohd-mobile-news\/#primaryimage\",\"url\":\"https:\/\/rental.digitalazul.pt\/wp-content\/uploads\/2018\/01\/JVC-GY-HM650U-THUMB-A-Digital-Azul.jpg\",\"contentUrl\":\"https:\/\/rental.digitalazul.pt\/wp-content\/uploads\/2018\/01\/JVC-GY-HM650U-THUMB-A-Digital-Azul.jpg\",\"width\":1600,\"height\":1600},{\"@type\":\"BreadcrumbList\",\"@id\":\"https:\/\/rental.digitalazul.pt\/en\/produto\/jvc-prohd-mobile-news\/#breadcrumb\",\"itemListElement\":[{\"@type\":\"ListItem\",\"position\":1,\"name\":\"Home\",\"item\":\"https:\/\/rental.digitalazul.pt\/en\/\"},{\"@type\":\"ListItem\",\"position\":2,\"name\":\"Categories\",\"item\":\"https:\/\/rental.digitalazul.pt\/en\/categories\/\"},{\"@type\":\"ListItem\",\"position\":3,\"name\":\"GY-HM650 Mobile news JVC\"}]},{\"@type\":\"WebSite\",\"@id\":\"https:\/\/rental.digitalazul.pt\/en\/#website\",\"url\":\"https:\/\/rental.digitalazul.pt\/en\/\",\"name\":\"Digital Azul\",\"description\":\"Rental Catalogue\",\"potentialAction\":[{\"@type\":\"SearchAction\",\"target\":{\"@type\":\"EntryPoint\",\"urlTemplate\":\"https:\/\/rental.digitalazul.pt\/en\/?s={search_term_string}\"},\"query-input\":\"required name=search_term_string\"}],\"inLanguage\":\"en-US\"}]}<\/script>\n<!-- \/ Yoast SEO plugin. -->","yoast_head_json":{"title":"Aluguer c\u00e2mara JVC GY-HM650U ProHD MOBILE NEWS- Digital Azul","description":"C\u00e2mara JVC GY-HM650U ProHD MOBILE NEWS para aluguer na Digital Azul. Dispomos tamb\u00e9m de outras c\u00e2maras Sony, Blackmagic, Red, Canon, JVC.","robots":{"index":"index","follow":"follow","max-snippet":"max-snippet:-1","max-image-preview":"max-image-preview:large","max-video-preview":"max-video-preview:-1"},"canonical":"https:\/\/rental.digitalazul.pt\/en\/produto\/jvc-prohd-mobile-news\/","og_locale":"en_US","og_type":"article","og_title":"Aluguer c\u00e2mara JVC GY-HM650U ProHD MOBILE NEWS- Digital Azul","og_description":"C\u00e2mara JVC GY-HM650U ProHD MOBILE NEWS para aluguer na Digital Azul. Dispomos tamb\u00e9m de outras c\u00e2maras Sony, Blackmagic, Red, Canon, JVC.","og_url":"https:\/\/rental.digitalazul.pt\/en\/produto\/jvc-prohd-mobile-news\/","og_site_name":"Digital Azul","article_publisher":"https:\/\/www.facebook.com\/DigitalAzul","article_modified_time":"2023-07-03T09:55:42+00:00","og_image":[{"width":1600,"height":1600,"url":"https:\/\/rental.digitalazul.pt\/wp-content\/uploads\/2018\/01\/JVC-GY-HM650U-THUMB-A-Digital-Azul.jpg","type":"image\/jpeg"}],"twitter_card":"summary_large_image","schema":{"@context":"https:\/\/schema.org","@graph":[{"@type":"WebPage","@id":"https:\/\/rental.digitalazul.pt\/en\/produto\/jvc-prohd-mobile-news\/","url":"https:\/\/rental.digitalazul.pt\/en\/produto\/jvc-prohd-mobile-news\/","name":"Aluguer c\u00e2mara JVC GY-HM650U ProHD MOBILE NEWS- Digital Azul","isPartOf":{"@id":"https:\/\/rental.digitalazul.pt\/en\/#website"},"primaryImageOfPage":{"@id":"https:\/\/rental.digitalazul.pt\/en\/produto\/jvc-prohd-mobile-news\/#primaryimage"},"image":{"@id":"https:\/\/rental.digitalazul.pt\/en\/produto\/jvc-prohd-mobile-news\/#primaryimage"},"thumbnailUrl":"https:\/\/rental.digitalazul.pt\/wp-content\/uploads\/2018\/01\/JVC-GY-HM650U-THUMB-A-Digital-Azul.jpg","datePublished":"2018-01-18T10:11:45+00:00","dateModified":"2023-07-03T09:55:42+00:00","description":"C\u00e2mara JVC GY-HM650U ProHD MOBILE NEWS para aluguer na Digital Azul. Dispomos tamb\u00e9m de outras c\u00e2maras Sony, Blackmagic, Red, Canon, JVC.","breadcrumb":{"@id":"https:\/\/rental.digitalazul.pt\/en\/produto\/jvc-prohd-mobile-news\/#breadcrumb"},"inLanguage":"en-US","potentialAction":[{"@type":"ReadAction","target":["https:\/\/rental.digitalazul.pt\/en\/produto\/jvc-prohd-mobile-news\/"]}]},{"@type":"ImageObject","inLanguage":"en-US","@id":"https:\/\/rental.digitalazul.pt\/en\/produto\/jvc-prohd-mobile-news\/#primaryimage","url":"https:\/\/rental.digitalazul.pt\/wp-content\/uploads\/2018\/01\/JVC-GY-HM650U-THUMB-A-Digital-Azul.jpg","contentUrl":"https:\/\/rental.digitalazul.pt\/wp-content\/uploads\/2018\/01\/JVC-GY-HM650U-THUMB-A-Digital-Azul.jpg","width":1600,"height":1600},{"@type":"BreadcrumbList","@id":"https:\/\/rental.digitalazul.pt\/en\/produto\/jvc-prohd-mobile-news\/#breadcrumb","itemListElement":[{"@type":"ListItem","position":1,"name":"Home","item":"https:\/\/rental.digitalazul.pt\/en\/"},{"@type":"ListItem","position":2,"name":"Categories","item":"https:\/\/rental.digitalazul.pt\/en\/categories\/"},{"@type":"ListItem","position":3,"name":"GY-HM650 Mobile news JVC"}]},{"@type":"WebSite","@id":"https:\/\/rental.digitalazul.pt\/en\/#website","url":"https:\/\/rental.digitalazul.pt\/en\/","name":"Digital Azul","description":"Rental Catalogue","potentialAction":[{"@type":"SearchAction","target":{"@type":"EntryPoint","urlTemplate":"https:\/\/rental.digitalazul.pt\/en\/?s={search_term_string}"},"query-input":"required name=search_term_string"}],"inLanguage":"en-US"}]}},"_links":{"self":[{"href":"https:\/\/rental.digitalazul.pt\/en\/wp-json\/wp\/v2\/product\/2722"}],"collection":[{"href":"https:\/\/rental.digitalazul.pt\/en\/wp-json\/wp\/v2\/product"}],"about":[{"href":"https:\/\/rental.digitalazul.pt\/en\/wp-json\/wp\/v2\/types\/product"}],"wp:featuredmedia":[{"embeddable":true,"href":"https:\/\/rental.digitalazul.pt\/en\/wp-json\/wp\/v2\/media\/2724"}],"wp:attachment":[{"href":"https:\/\/rental.digitalazul.pt\/en\/wp-json\/wp\/v2\/media?parent=2722"}],"wp:term":[{"taxonomy":"product_cat","embeddable":true,"href":"https:\/\/rental.digitalazul.pt\/en\/wp-json\/wp\/v2\/product_cat?post=2722"},{"taxonomy":"product_tag","embeddable":true,"href":"https:\/\/rental.digitalazul.pt\/en\/wp-json\/wp\/v2\/product_tag?post=2722"}],"curies":[{"name":"wp","href":"https:\/\/api.w.org\/{rel}","templated":true}]}}