{"id":3010,"date":"2018-03-26T12:59:26","date_gmt":"2018-03-26T12:59:26","guid":{"rendered":"https:\/\/rental.digitalazul.pt\/en\/category\/lighting\/kino-flo-true-match-4-lampadas-12m-4bank-4ft-kit-2-projectores-luz-fria\/"},"modified":"2025-04-04T17:25:47","modified_gmt":"2025-04-04T16:25:47","slug":"kino-flo-true-match-4-lampadas-12m-4bank-4ft-kit-2-projectores-luz-fria","status":"publish","type":"product","link":"https:\/\/rental.digitalazul.pt\/en\/produto\/kino-flo-true-match-4-lampadas-12m-4bank-4ft-kit-2-projectores-luz-fria\/","title":{"rendered":"Kino Flo TRUE MATCH\u00ae 4 L\u00e2mpadas 1,2m (4Bank 4ft.) Kit 2 projectores luz fria"},"content":{"rendered":"","protected":false},"excerpt":{"rendered":"","protected":false},"featured_media":3060,"template":"","meta":[],"product_cat":[74],"product_tag":[],"class_list":{"0":"post-3010","1":"product","2":"type-product","3":"status-publish","4":"has-post-thumbnail","6":"product_cat-lighting-equipment-for-rent-in-lisbon-portugal","8":"first","9":"instock","10":"taxable","11":"shipping-taxable","12":"purchasable","13":"product-type-simple"},"acf":[],"yoast_head":"<!-- This site is optimized with the Yoast SEO plugin v23.2 - https:\/\/yoast.com\/wordpress\/plugins\/seo\/ -->\n<title>Aluguer - 4Bank 2ft. Kit luz fria c\/ l\u00e2mpadas Kino Flo TRUE MATCH\u00ae - Digital Azul<\/title>\n<meta name=\"description\" content=\"Alugamos um Kit de 2 projectores de luz fria com l\u00e2mpadas Kino Flo TRUE MATCH\u00ae. Estas l\u00e2mpadas apresentam uma excepcional renderiza\u00e7\u00e3o de cor.\" \/>\n<meta name=\"robots\" content=\"index, follow, max-snippet:-1, max-image-preview:large, max-video-preview:-1\" \/>\n<link rel=\"canonical\" href=\"https:\/\/rental.digitalazul.pt\/en\/produto\/kino-flo-true-match-4-lampadas-12m-4bank-4ft-kit-2-projectores-luz-fria\/\" \/>\n<meta property=\"og:locale\" content=\"en_US\" \/>\n<meta property=\"og:type\" content=\"article\" \/>\n<meta property=\"og:title\" content=\"Aluguer - 4Bank 2ft. Kit luz fria c\/ l\u00e2mpadas Kino Flo TRUE MATCH\u00ae - Digital Azul\" \/>\n<meta property=\"og:description\" content=\"Alugamos um Kit de 2 projectores de luz fria com l\u00e2mpadas Kino Flo TRUE MATCH\u00ae. Estas l\u00e2mpadas apresentam uma excepcional renderiza\u00e7\u00e3o de cor.\" \/>\n<meta property=\"og:url\" content=\"https:\/\/rental.digitalazul.pt\/en\/produto\/kino-flo-true-match-4-lampadas-12m-4bank-4ft-kit-2-projectores-luz-fria\/\" \/>\n<meta property=\"og:site_name\" content=\"Digital Azul\" \/>\n<meta property=\"article:publisher\" content=\"https:\/\/www.facebook.com\/DigitalAzul\" \/>\n<meta property=\"article:modified_time\" content=\"2025-04-04T16:25:47+00:00\" \/>\n<meta property=\"og:image\" content=\"https:\/\/rental.digitalazul.pt\/wp-content\/uploads\/2018\/03\/kino-4bank-4ft-01-1.jpg\" \/>\n\t<meta property=\"og:image:width\" content=\"800\" \/>\n\t<meta property=\"og:image:height\" content=\"800\" \/>\n\t<meta property=\"og:image:type\" content=\"image\/jpeg\" \/>\n<meta name=\"twitter:card\" content=\"summary_large_image\" \/>\n<meta name=\"twitter:label1\" content=\"Est. reading time\" \/>\n\t<meta name=\"twitter:data1\" content=\"1 minute\" \/>\n<script type=\"application\/ld+json\" class=\"yoast-schema-graph\">{\"@context\":\"https:\/\/schema.org\",\"@graph\":[{\"@type\":\"WebPage\",\"@id\":\"https:\/\/rental.digitalazul.pt\/en\/produto\/kino-flo-true-match-4-lampadas-12m-4bank-4ft-kit-2-projectores-luz-fria\/\",\"url\":\"https:\/\/rental.digitalazul.pt\/en\/produto\/kino-flo-true-match-4-lampadas-12m-4bank-4ft-kit-2-projectores-luz-fria\/\",\"name\":\"Aluguer - 4Bank 2ft. Kit luz fria c\/ l\u00e2mpadas Kino Flo TRUE MATCH\u00ae - Digital Azul\",\"isPartOf\":{\"@id\":\"https:\/\/rental.digitalazul.pt\/en\/#website\"},\"primaryImageOfPage\":{\"@id\":\"https:\/\/rental.digitalazul.pt\/en\/produto\/kino-flo-true-match-4-lampadas-12m-4bank-4ft-kit-2-projectores-luz-fria\/#primaryimage\"},\"image\":{\"@id\":\"https:\/\/rental.digitalazul.pt\/en\/produto\/kino-flo-true-match-4-lampadas-12m-4bank-4ft-kit-2-projectores-luz-fria\/#primaryimage\"},\"thumbnailUrl\":\"https:\/\/rental.digitalazul.pt\/wp-content\/uploads\/2018\/03\/kino-4bank-4ft-01-1.jpg\",\"datePublished\":\"2018-03-26T12:59:26+00:00\",\"dateModified\":\"2025-04-04T16:25:47+00:00\",\"description\":\"Alugamos um Kit de 2 projectores de luz fria com l\u00e2mpadas Kino Flo TRUE MATCH\u00ae. Estas l\u00e2mpadas apresentam uma excepcional renderiza\u00e7\u00e3o de cor.\",\"breadcrumb\":{\"@id\":\"https:\/\/rental.digitalazul.pt\/en\/produto\/kino-flo-true-match-4-lampadas-12m-4bank-4ft-kit-2-projectores-luz-fria\/#breadcrumb\"},\"inLanguage\":\"en-US\",\"potentialAction\":[{\"@type\":\"ReadAction\",\"target\":[\"https:\/\/rental.digitalazul.pt\/en\/produto\/kino-flo-true-match-4-lampadas-12m-4bank-4ft-kit-2-projectores-luz-fria\/\"]}]},{\"@type\":\"ImageObject\",\"inLanguage\":\"en-US\",\"@id\":\"https:\/\/rental.digitalazul.pt\/en\/produto\/kino-flo-true-match-4-lampadas-12m-4bank-4ft-kit-2-projectores-luz-fria\/#primaryimage\",\"url\":\"https:\/\/rental.digitalazul.pt\/wp-content\/uploads\/2018\/03\/kino-4bank-4ft-01-1.jpg\",\"contentUrl\":\"https:\/\/rental.digitalazul.pt\/wp-content\/uploads\/2018\/03\/kino-4bank-4ft-01-1.jpg\",\"width\":800,\"height\":800},{\"@type\":\"BreadcrumbList\",\"@id\":\"https:\/\/rental.digitalazul.pt\/en\/produto\/kino-flo-true-match-4-lampadas-12m-4bank-4ft-kit-2-projectores-luz-fria\/#breadcrumb\",\"itemListElement\":[{\"@type\":\"ListItem\",\"position\":1,\"name\":\"Home\",\"item\":\"https:\/\/rental.digitalazul.pt\/en\/\"},{\"@type\":\"ListItem\",\"position\":2,\"name\":\"Categories\",\"item\":\"https:\/\/rental.digitalazul.pt\/en\/categories\/\"},{\"@type\":\"ListItem\",\"position\":3,\"name\":\"Kino Flo TRUE MATCH\u00ae 4 L\u00e2mpadas 1,2m (4Bank 4ft.) Kit 2 projectores luz fria\"}]},{\"@type\":\"WebSite\",\"@id\":\"https:\/\/rental.digitalazul.pt\/en\/#website\",\"url\":\"https:\/\/rental.digitalazul.pt\/en\/\",\"name\":\"Digital Azul\",\"description\":\"Rental Catalogue\",\"potentialAction\":[{\"@type\":\"SearchAction\",\"target\":{\"@type\":\"EntryPoint\",\"urlTemplate\":\"https:\/\/rental.digitalazul.pt\/en\/?s={search_term_string}\"},\"query-input\":\"required name=search_term_string\"}],\"inLanguage\":\"en-US\"}]}<\/script>\n<!-- \/ Yoast SEO plugin. -->","yoast_head_json":{"title":"Aluguer - 4Bank 2ft. Kit luz fria c\/ l\u00e2mpadas Kino Flo TRUE MATCH\u00ae - Digital Azul","description":"Alugamos um Kit de 2 projectores de luz fria com l\u00e2mpadas Kino Flo TRUE MATCH\u00ae. Estas l\u00e2mpadas apresentam uma excepcional renderiza\u00e7\u00e3o de cor.","robots":{"index":"index","follow":"follow","max-snippet":"max-snippet:-1","max-image-preview":"max-image-preview:large","max-video-preview":"max-video-preview:-1"},"canonical":"https:\/\/rental.digitalazul.pt\/en\/produto\/kino-flo-true-match-4-lampadas-12m-4bank-4ft-kit-2-projectores-luz-fria\/","og_locale":"en_US","og_type":"article","og_title":"Aluguer - 4Bank 2ft. Kit luz fria c\/ l\u00e2mpadas Kino Flo TRUE MATCH\u00ae - Digital Azul","og_description":"Alugamos um Kit de 2 projectores de luz fria com l\u00e2mpadas Kino Flo TRUE MATCH\u00ae. Estas l\u00e2mpadas apresentam uma excepcional renderiza\u00e7\u00e3o de cor.","og_url":"https:\/\/rental.digitalazul.pt\/en\/produto\/kino-flo-true-match-4-lampadas-12m-4bank-4ft-kit-2-projectores-luz-fria\/","og_site_name":"Digital Azul","article_publisher":"https:\/\/www.facebook.com\/DigitalAzul","article_modified_time":"2025-04-04T16:25:47+00:00","og_image":[{"width":800,"height":800,"url":"https:\/\/rental.digitalazul.pt\/wp-content\/uploads\/2018\/03\/kino-4bank-4ft-01-1.jpg","type":"image\/jpeg"}],"twitter_card":"summary_large_image","twitter_misc":{"Est. reading time":"1 minute"},"schema":{"@context":"https:\/\/schema.org","@graph":[{"@type":"WebPage","@id":"https:\/\/rental.digitalazul.pt\/en\/produto\/kino-flo-true-match-4-lampadas-12m-4bank-4ft-kit-2-projectores-luz-fria\/","url":"https:\/\/rental.digitalazul.pt\/en\/produto\/kino-flo-true-match-4-lampadas-12m-4bank-4ft-kit-2-projectores-luz-fria\/","name":"Aluguer - 4Bank 2ft. Kit luz fria c\/ l\u00e2mpadas Kino Flo TRUE MATCH\u00ae - Digital Azul","isPartOf":{"@id":"https:\/\/rental.digitalazul.pt\/en\/#website"},"primaryImageOfPage":{"@id":"https:\/\/rental.digitalazul.pt\/en\/produto\/kino-flo-true-match-4-lampadas-12m-4bank-4ft-kit-2-projectores-luz-fria\/#primaryimage"},"image":{"@id":"https:\/\/rental.digitalazul.pt\/en\/produto\/kino-flo-true-match-4-lampadas-12m-4bank-4ft-kit-2-projectores-luz-fria\/#primaryimage"},"thumbnailUrl":"https:\/\/rental.digitalazul.pt\/wp-content\/uploads\/2018\/03\/kino-4bank-4ft-01-1.jpg","datePublished":"2018-03-26T12:59:26+00:00","dateModified":"2025-04-04T16:25:47+00:00","description":"Alugamos um Kit de 2 projectores de luz fria com l\u00e2mpadas Kino Flo TRUE MATCH\u00ae. Estas l\u00e2mpadas apresentam uma excepcional renderiza\u00e7\u00e3o de cor.","breadcrumb":{"@id":"https:\/\/rental.digitalazul.pt\/en\/produto\/kino-flo-true-match-4-lampadas-12m-4bank-4ft-kit-2-projectores-luz-fria\/#breadcrumb"},"inLanguage":"en-US","potentialAction":[{"@type":"ReadAction","target":["https:\/\/rental.digitalazul.pt\/en\/produto\/kino-flo-true-match-4-lampadas-12m-4bank-4ft-kit-2-projectores-luz-fria\/"]}]},{"@type":"ImageObject","inLanguage":"en-US","@id":"https:\/\/rental.digitalazul.pt\/en\/produto\/kino-flo-true-match-4-lampadas-12m-4bank-4ft-kit-2-projectores-luz-fria\/#primaryimage","url":"https:\/\/rental.digitalazul.pt\/wp-content\/uploads\/2018\/03\/kino-4bank-4ft-01-1.jpg","contentUrl":"https:\/\/rental.digitalazul.pt\/wp-content\/uploads\/2018\/03\/kino-4bank-4ft-01-1.jpg","width":800,"height":800},{"@type":"BreadcrumbList","@id":"https:\/\/rental.digitalazul.pt\/en\/produto\/kino-flo-true-match-4-lampadas-12m-4bank-4ft-kit-2-projectores-luz-fria\/#breadcrumb","itemListElement":[{"@type":"ListItem","position":1,"name":"Home","item":"https:\/\/rental.digitalazul.pt\/en\/"},{"@type":"ListItem","position":2,"name":"Categories","item":"https:\/\/rental.digitalazul.pt\/en\/categories\/"},{"@type":"ListItem","position":3,"name":"Kino Flo TRUE MATCH\u00ae 4 L\u00e2mpadas 1,2m (4Bank 4ft.) Kit 2 projectores luz fria"}]},{"@type":"WebSite","@id":"https:\/\/rental.digitalazul.pt\/en\/#website","url":"https:\/\/rental.digitalazul.pt\/en\/","name":"Digital Azul","description":"Rental Catalogue","potentialAction":[{"@type":"SearchAction","target":{"@type":"EntryPoint","urlTemplate":"https:\/\/rental.digitalazul.pt\/en\/?s={search_term_string}"},"query-input":"required name=search_term_string"}],"inLanguage":"en-US"}]}},"_links":{"self":[{"href":"https:\/\/rental.digitalazul.pt\/en\/wp-json\/wp\/v2\/product\/3010"}],"collection":[{"href":"https:\/\/rental.digitalazul.pt\/en\/wp-json\/wp\/v2\/product"}],"about":[{"href":"https:\/\/rental.digitalazul.pt\/en\/wp-json\/wp\/v2\/types\/product"}],"wp:featuredmedia":[{"embeddable":true,"href":"https:\/\/rental.digitalazul.pt\/en\/wp-json\/wp\/v2\/media\/3060"}],"wp:attachment":[{"href":"https:\/\/rental.digitalazul.pt\/en\/wp-json\/wp\/v2\/media?parent=3010"}],"wp:term":[{"taxonomy":"product_cat","embeddable":true,"href":"https:\/\/rental.digitalazul.pt\/en\/wp-json\/wp\/v2\/product_cat?post=3010"},{"taxonomy":"product_tag","embeddable":true,"href":"https:\/\/rental.digitalazul.pt\/en\/wp-json\/wp\/v2\/product_tag?post=3010"}],"curies":[{"name":"wp","href":"https:\/\/api.w.org\/{rel}","templated":true}]}}