{"id":4533,"date":"2019-06-05T09:43:20","date_gmt":"2019-06-05T09:43:20","guid":{"rendered":"https:\/\/rental.digitalazul.pt\/en\/produto\/kit-blackmagic-pocket-cinema-camera-4k-3-objetivas-cine-prime-2\/"},"modified":"2025-06-17T12:56:22","modified_gmt":"2025-06-17T11:56:22","slug":"kit-blackmagic-pocket-cinema-camera-4k-3-objetivas-cine-prime-2","status":"publish","type":"product","link":"https:\/\/rental.digitalazul.pt\/en\/produto\/kit-blackmagic-pocket-cinema-camera-4k-3-objetivas-cine-prime-2\/","title":{"rendered":"KIT Blackmagic Pocket Cinema Camera 4K + 3 Objetivas Cine-Prime"},"content":{"rendered":"","protected":false},"excerpt":{"rendered":"","protected":false},"featured_media":4257,"template":"","meta":[],"product_cat":[529],"product_tag":[90],"class_list":{"0":"post-4533","1":"product","2":"type-product","3":"status-publish","4":"has-post-thumbnail","6":"product_cat-kits-en","7":"product_tag-blackmagic-en","9":"first","10":"instock","11":"taxable","12":"shipping-taxable","13":"purchasable","14":"product-type-simple"},"acf":[],"yoast_head":"<!-- This site is optimized with the Yoast SEO plugin v23.2 - https:\/\/yoast.com\/wordpress\/plugins\/seo\/ -->\n<title>KIT Blackmagic Pocket Cinema Camera 4K + 3 Objetivas Cine-Prime<\/title>\n<meta name=\"description\" content=\"Kit de Cinema Digital com a c\u00e2mara Blackmagic Pocket Cinema 4K e com 3 objetivas Cine-Prime Samyang e trip\u00e9 dispon\u00edvel para aluguer na Digital Azul.\" \/>\n<meta name=\"robots\" content=\"index, follow, max-snippet:-1, max-image-preview:large, max-video-preview:-1\" \/>\n<link rel=\"canonical\" href=\"https:\/\/rental.digitalazul.pt\/en\/produto\/kit-blackmagic-pocket-cinema-camera-4k-3-objetivas-cine-prime-2\/\" \/>\n<meta property=\"og:locale\" content=\"en_US\" \/>\n<meta property=\"og:type\" content=\"article\" \/>\n<meta property=\"og:title\" content=\"KIT Blackmagic Pocket Cinema Camera 4K + 3 Objetivas Cine-Prime\" \/>\n<meta property=\"og:description\" content=\"Kit de Cinema Digital com a c\u00e2mara Blackmagic Pocket Cinema 4K e com 3 objetivas Cine-Prime Samyang e trip\u00e9 dispon\u00edvel para aluguer na Digital Azul.\" \/>\n<meta property=\"og:url\" content=\"https:\/\/rental.digitalazul.pt\/en\/produto\/kit-blackmagic-pocket-cinema-camera-4k-3-objetivas-cine-prime-2\/\" \/>\n<meta property=\"og:site_name\" content=\"Digital Azul\" \/>\n<meta property=\"article:publisher\" content=\"https:\/\/www.facebook.com\/DigitalAzul\" \/>\n<meta property=\"article:modified_time\" content=\"2025-06-17T11:56:22+00:00\" \/>\n<meta property=\"og:image\" content=\"https:\/\/rental.digitalazul.pt\/wp-content\/uploads\/2019\/04\/KIT-Blackmagic-Pocket-3-Objetivas-Cine-Prime-for-rent-at-Digital-Azul-1.jpg\" \/>\n\t<meta property=\"og:image:width\" content=\"1600\" \/>\n\t<meta property=\"og:image:height\" content=\"1600\" \/>\n\t<meta property=\"og:image:type\" content=\"image\/jpeg\" \/>\n<meta name=\"twitter:card\" content=\"summary_large_image\" \/>\n<meta name=\"twitter:label1\" content=\"Est. reading time\" \/>\n\t<meta name=\"twitter:data1\" content=\"1 minute\" \/>\n<script type=\"application\/ld+json\" class=\"yoast-schema-graph\">{\"@context\":\"https:\/\/schema.org\",\"@graph\":[{\"@type\":\"WebPage\",\"@id\":\"https:\/\/rental.digitalazul.pt\/en\/produto\/kit-blackmagic-pocket-cinema-camera-4k-3-objetivas-cine-prime-2\/\",\"url\":\"https:\/\/rental.digitalazul.pt\/en\/produto\/kit-blackmagic-pocket-cinema-camera-4k-3-objetivas-cine-prime-2\/\",\"name\":\"KIT Blackmagic Pocket Cinema Camera 4K + 3 Objetivas Cine-Prime\",\"isPartOf\":{\"@id\":\"https:\/\/rental.digitalazul.pt\/en\/#website\"},\"primaryImageOfPage\":{\"@id\":\"https:\/\/rental.digitalazul.pt\/en\/produto\/kit-blackmagic-pocket-cinema-camera-4k-3-objetivas-cine-prime-2\/#primaryimage\"},\"image\":{\"@id\":\"https:\/\/rental.digitalazul.pt\/en\/produto\/kit-blackmagic-pocket-cinema-camera-4k-3-objetivas-cine-prime-2\/#primaryimage\"},\"thumbnailUrl\":\"https:\/\/rental.digitalazul.pt\/wp-content\/uploads\/2019\/04\/KIT-Blackmagic-Pocket-3-Objetivas-Cine-Prime-for-rent-at-Digital-Azul-1.jpg\",\"datePublished\":\"2019-06-05T09:43:20+00:00\",\"dateModified\":\"2025-06-17T11:56:22+00:00\",\"description\":\"Kit de Cinema Digital com a c\u00e2mara Blackmagic Pocket Cinema 4K e com 3 objetivas Cine-Prime Samyang e trip\u00e9 dispon\u00edvel para aluguer na Digital Azul.\",\"breadcrumb\":{\"@id\":\"https:\/\/rental.digitalazul.pt\/en\/produto\/kit-blackmagic-pocket-cinema-camera-4k-3-objetivas-cine-prime-2\/#breadcrumb\"},\"inLanguage\":\"en-US\",\"potentialAction\":[{\"@type\":\"ReadAction\",\"target\":[\"https:\/\/rental.digitalazul.pt\/en\/produto\/kit-blackmagic-pocket-cinema-camera-4k-3-objetivas-cine-prime-2\/\"]}]},{\"@type\":\"ImageObject\",\"inLanguage\":\"en-US\",\"@id\":\"https:\/\/rental.digitalazul.pt\/en\/produto\/kit-blackmagic-pocket-cinema-camera-4k-3-objetivas-cine-prime-2\/#primaryimage\",\"url\":\"https:\/\/rental.digitalazul.pt\/wp-content\/uploads\/2019\/04\/KIT-Blackmagic-Pocket-3-Objetivas-Cine-Prime-for-rent-at-Digital-Azul-1.jpg\",\"contentUrl\":\"https:\/\/rental.digitalazul.pt\/wp-content\/uploads\/2019\/04\/KIT-Blackmagic-Pocket-3-Objetivas-Cine-Prime-for-rent-at-Digital-Azul-1.jpg\",\"width\":1600,\"height\":1600},{\"@type\":\"BreadcrumbList\",\"@id\":\"https:\/\/rental.digitalazul.pt\/en\/produto\/kit-blackmagic-pocket-cinema-camera-4k-3-objetivas-cine-prime-2\/#breadcrumb\",\"itemListElement\":[{\"@type\":\"ListItem\",\"position\":1,\"name\":\"Home\",\"item\":\"https:\/\/rental.digitalazul.pt\/en\/\"},{\"@type\":\"ListItem\",\"position\":2,\"name\":\"Categories\",\"item\":\"https:\/\/rental.digitalazul.pt\/en\/categories\/\"},{\"@type\":\"ListItem\",\"position\":3,\"name\":\"KIT Blackmagic Pocket Cinema Camera 4K + 3 Objetivas Cine-Prime\"}]},{\"@type\":\"WebSite\",\"@id\":\"https:\/\/rental.digitalazul.pt\/en\/#website\",\"url\":\"https:\/\/rental.digitalazul.pt\/en\/\",\"name\":\"Digital Azul\",\"description\":\"Rental Catalogue\",\"potentialAction\":[{\"@type\":\"SearchAction\",\"target\":{\"@type\":\"EntryPoint\",\"urlTemplate\":\"https:\/\/rental.digitalazul.pt\/en\/?s={search_term_string}\"},\"query-input\":\"required name=search_term_string\"}],\"inLanguage\":\"en-US\"}]}<\/script>\n<!-- \/ Yoast SEO plugin. -->","yoast_head_json":{"title":"KIT Blackmagic Pocket Cinema Camera 4K + 3 Objetivas Cine-Prime","description":"Kit de Cinema Digital com a c\u00e2mara Blackmagic Pocket Cinema 4K e com 3 objetivas Cine-Prime Samyang e trip\u00e9 dispon\u00edvel para aluguer na Digital Azul.","robots":{"index":"index","follow":"follow","max-snippet":"max-snippet:-1","max-image-preview":"max-image-preview:large","max-video-preview":"max-video-preview:-1"},"canonical":"https:\/\/rental.digitalazul.pt\/en\/produto\/kit-blackmagic-pocket-cinema-camera-4k-3-objetivas-cine-prime-2\/","og_locale":"en_US","og_type":"article","og_title":"KIT Blackmagic Pocket Cinema Camera 4K + 3 Objetivas Cine-Prime","og_description":"Kit de Cinema Digital com a c\u00e2mara Blackmagic Pocket Cinema 4K e com 3 objetivas Cine-Prime Samyang e trip\u00e9 dispon\u00edvel para aluguer na Digital Azul.","og_url":"https:\/\/rental.digitalazul.pt\/en\/produto\/kit-blackmagic-pocket-cinema-camera-4k-3-objetivas-cine-prime-2\/","og_site_name":"Digital Azul","article_publisher":"https:\/\/www.facebook.com\/DigitalAzul","article_modified_time":"2025-06-17T11:56:22+00:00","og_image":[{"width":1600,"height":1600,"url":"https:\/\/rental.digitalazul.pt\/wp-content\/uploads\/2019\/04\/KIT-Blackmagic-Pocket-3-Objetivas-Cine-Prime-for-rent-at-Digital-Azul-1.jpg","type":"image\/jpeg"}],"twitter_card":"summary_large_image","twitter_misc":{"Est. reading time":"1 minute"},"schema":{"@context":"https:\/\/schema.org","@graph":[{"@type":"WebPage","@id":"https:\/\/rental.digitalazul.pt\/en\/produto\/kit-blackmagic-pocket-cinema-camera-4k-3-objetivas-cine-prime-2\/","url":"https:\/\/rental.digitalazul.pt\/en\/produto\/kit-blackmagic-pocket-cinema-camera-4k-3-objetivas-cine-prime-2\/","name":"KIT Blackmagic Pocket Cinema Camera 4K + 3 Objetivas Cine-Prime","isPartOf":{"@id":"https:\/\/rental.digitalazul.pt\/en\/#website"},"primaryImageOfPage":{"@id":"https:\/\/rental.digitalazul.pt\/en\/produto\/kit-blackmagic-pocket-cinema-camera-4k-3-objetivas-cine-prime-2\/#primaryimage"},"image":{"@id":"https:\/\/rental.digitalazul.pt\/en\/produto\/kit-blackmagic-pocket-cinema-camera-4k-3-objetivas-cine-prime-2\/#primaryimage"},"thumbnailUrl":"https:\/\/rental.digitalazul.pt\/wp-content\/uploads\/2019\/04\/KIT-Blackmagic-Pocket-3-Objetivas-Cine-Prime-for-rent-at-Digital-Azul-1.jpg","datePublished":"2019-06-05T09:43:20+00:00","dateModified":"2025-06-17T11:56:22+00:00","description":"Kit de Cinema Digital com a c\u00e2mara Blackmagic Pocket Cinema 4K e com 3 objetivas Cine-Prime Samyang e trip\u00e9 dispon\u00edvel para aluguer na Digital Azul.","breadcrumb":{"@id":"https:\/\/rental.digitalazul.pt\/en\/produto\/kit-blackmagic-pocket-cinema-camera-4k-3-objetivas-cine-prime-2\/#breadcrumb"},"inLanguage":"en-US","potentialAction":[{"@type":"ReadAction","target":["https:\/\/rental.digitalazul.pt\/en\/produto\/kit-blackmagic-pocket-cinema-camera-4k-3-objetivas-cine-prime-2\/"]}]},{"@type":"ImageObject","inLanguage":"en-US","@id":"https:\/\/rental.digitalazul.pt\/en\/produto\/kit-blackmagic-pocket-cinema-camera-4k-3-objetivas-cine-prime-2\/#primaryimage","url":"https:\/\/rental.digitalazul.pt\/wp-content\/uploads\/2019\/04\/KIT-Blackmagic-Pocket-3-Objetivas-Cine-Prime-for-rent-at-Digital-Azul-1.jpg","contentUrl":"https:\/\/rental.digitalazul.pt\/wp-content\/uploads\/2019\/04\/KIT-Blackmagic-Pocket-3-Objetivas-Cine-Prime-for-rent-at-Digital-Azul-1.jpg","width":1600,"height":1600},{"@type":"BreadcrumbList","@id":"https:\/\/rental.digitalazul.pt\/en\/produto\/kit-blackmagic-pocket-cinema-camera-4k-3-objetivas-cine-prime-2\/#breadcrumb","itemListElement":[{"@type":"ListItem","position":1,"name":"Home","item":"https:\/\/rental.digitalazul.pt\/en\/"},{"@type":"ListItem","position":2,"name":"Categories","item":"https:\/\/rental.digitalazul.pt\/en\/categories\/"},{"@type":"ListItem","position":3,"name":"KIT Blackmagic Pocket Cinema Camera 4K + 3 Objetivas Cine-Prime"}]},{"@type":"WebSite","@id":"https:\/\/rental.digitalazul.pt\/en\/#website","url":"https:\/\/rental.digitalazul.pt\/en\/","name":"Digital Azul","description":"Rental Catalogue","potentialAction":[{"@type":"SearchAction","target":{"@type":"EntryPoint","urlTemplate":"https:\/\/rental.digitalazul.pt\/en\/?s={search_term_string}"},"query-input":"required name=search_term_string"}],"inLanguage":"en-US"}]}},"_links":{"self":[{"href":"https:\/\/rental.digitalazul.pt\/en\/wp-json\/wp\/v2\/product\/4533"}],"collection":[{"href":"https:\/\/rental.digitalazul.pt\/en\/wp-json\/wp\/v2\/product"}],"about":[{"href":"https:\/\/rental.digitalazul.pt\/en\/wp-json\/wp\/v2\/types\/product"}],"wp:featuredmedia":[{"embeddable":true,"href":"https:\/\/rental.digitalazul.pt\/en\/wp-json\/wp\/v2\/media\/4257"}],"wp:attachment":[{"href":"https:\/\/rental.digitalazul.pt\/en\/wp-json\/wp\/v2\/media?parent=4533"}],"wp:term":[{"taxonomy":"product_cat","embeddable":true,"href":"https:\/\/rental.digitalazul.pt\/en\/wp-json\/wp\/v2\/product_cat?post=4533"},{"taxonomy":"product_tag","embeddable":true,"href":"https:\/\/rental.digitalazul.pt\/en\/wp-json\/wp\/v2\/product_tag?post=4533"}],"curies":[{"name":"wp","href":"https:\/\/api.w.org\/{rel}","templated":true}]}}