{"id":4718,"date":"2019-07-03T16:08:37","date_gmt":"2019-07-03T16:08:37","guid":{"rendered":"https:\/\/rental.digitalazul.pt\/en\/category\/lighting\/manfrotto-master-air-cushioned-stand-1004bac-366-cm\/"},"modified":"2022-06-02T18:45:01","modified_gmt":"2022-06-02T17:45:01","slug":"manfrotto-master-air-cushioned-stand-1004bac-366-cm","status":"publish","type":"product","link":"https:\/\/rental.digitalazul.pt\/en\/produto\/manfrotto-master-air-cushioned-stand-1004bac-366-cm\/","title":{"rendered":"Manfrotto Master Air-Cushioned Stand 1004BAC &#8211; 366 cm"},"content":{"rendered":"","protected":false},"excerpt":{"rendered":"<h2>Manfrotto 1004BAC Specs<\/h2>\n<div class=\"leftPanel\">\n<div class=\"specWrapper\" data-selenium=\"specWrapper\">\n<table class=\"specTable\" data-selenium=\"specTable\">\n<tbody data-selenium=\"specBody\">\n<tr>\n<td class=\"specTopic fs18\" data-selenium=\"specTopic\">Load Capacity<\/td>\n<td class=\"specDetail fs18\" data-selenium=\"specDetail\">19.8\u00a0lb \/ 9\u00a0kg<\/td>\n<\/tr>\n<tr>\n<td class=\"specTopic fs18\" data-selenium=\"specTopic\">Mounting Options<\/td>\n<td class=\"specDetail fs18\" data-selenium=\"specDetail\">1\/4&#8243;-20 Male Thread<br \/>\n3\/8&#8243;-16 Male Thread<br \/>\n5\/8&#8243; Stud<\/td>\n<\/tr>\n<tr>\n<td class=\"specTopic fs18\" data-selenium=\"specTopic\">Number of Sections<\/td>\n<td class=\"specDetail fs18\" data-selenium=\"specDetail\">4<\/td>\n<\/tr>\n<tr>\n<td class=\"specTopic fs18\" data-selenium=\"specTopic\">Column Diameter<\/td>\n<td class=\"specDetail fs18\" data-selenium=\"specDetail\">0.79&#8243; \/ 2 cm<br \/>\n0.98&#8243; \/ 2.5 cm<br \/>\n1.18&#8243; \/ 3 cm<br \/>\n1.38&#8243; \/ 3.5 cm<\/td>\n<\/tr>\n<tr>\n<td class=\"specTopic fs18\" data-selenium=\"specTopic\">Maximum Working Height<\/td>\n<td class=\"specDetail fs18\" data-selenium=\"specDetail\">12&#8242; \/ 366\u00a0cm<\/td>\n<\/tr>\n<tr>\n<td class=\"specTopic fs18\" data-selenium=\"specTopic\">Minimum Working Height<\/td>\n<td class=\"specDetail fs18\" data-selenium=\"specDetail\">48.8&#8243; \/ 124\u00a0cm<\/td>\n<\/tr>\n<tr>\n<td class=\"specTopic fs18\" data-selenium=\"specTopic\">Collapsed Height<\/td>\n<td class=\"specDetail fs18\" data-selenium=\"specDetail\">42.1&#8243; \/ 107\u00a0cm<\/td>\n<\/tr>\n<tr>\n<td class=\"specTopic fs18\" data-selenium=\"specTopic\">Footprint Diameter<\/td>\n<td class=\"specDetail fs18\" data-selenium=\"specDetail\">41.73&#8243; \/ 106 cm<\/td>\n<\/tr>\n<tr>\n<td class=\"specTopic fs18\" data-selenium=\"specTopic\">Leg Shape<\/td>\n<td class=\"specDetail fs18\" data-selenium=\"specDetail\">Round<\/td>\n<\/tr>\n<tr>\n<td class=\"specTopic fs18\" data-selenium=\"specTopic\">Accepts Wheels<\/td>\n<td class=\"specDetail fs18\" data-selenium=\"specDetail\">Yes<\/td>\n<\/tr>\n<tr>\n<td class=\"specTopic fs18\" data-selenium=\"specTopic\">Air Cushioned<\/td>\n<td class=\"specDetail fs18\" data-selenium=\"specDetail\">Yes<\/td>\n<\/tr>\n<tr>\n<td class=\"specTopic fs18\" data-selenium=\"specTopic\">Detachable Base<\/td>\n<td class=\"specDetail fs18\" data-selenium=\"specDetail\">No<\/td>\n<\/tr>\n<tr>\n<td class=\"specTopic fs18\" data-selenium=\"specTopic\">Leveling Leg<\/td>\n<td class=\"specDetail fs18\" data-selenium=\"specDetail\">No<\/td>\n<\/tr>\n<tr>\n<td class=\"specTopic fs18\" data-selenium=\"specTopic\">Reverse Legs<\/td>\n<td class=\"specDetail fs18\" data-selenium=\"specDetail\">No<\/td>\n<\/tr>\n<tr>\n<td class=\"specTopic fs18\" data-selenium=\"specTopic\">Finish<\/td>\n<td class=\"specDetail fs18\" data-selenium=\"specDetail\">Black<\/td>\n<\/tr>\n<tr>\n<td class=\"specTopic fs18\" data-selenium=\"specTopic\">Material<\/td>\n<td class=\"specDetail fs18\" data-selenium=\"specDetail\">Aluminum<\/td>\n<\/tr>\n<tr>\n<td class=\"specTopic fs18\" data-selenium=\"specTopic\">Weight<\/td>\n<td class=\"specDetail fs18\" data-selenium=\"specDetail\">6.61 lbs \/ 3 kg<\/td>\n<\/tr>\n<\/tbody>\n<\/table>\n<\/div>\n<\/div>\n","protected":false},"featured_media":4720,"template":"","meta":[],"product_cat":[397],"product_tag":[],"class_list":{"0":"post-4718","1":"product","2":"type-product","3":"status-publish","4":"has-post-thumbnail","6":"product_cat-lighting-tripods-grips","8":"first","9":"instock","10":"taxable","11":"shipping-taxable","12":"purchasable","13":"product-type-simple"},"acf":[],"yoast_head":"<!-- This site is optimized with the Yoast SEO plugin v23.2 - https:\/\/yoast.com\/wordpress\/plugins\/seo\/ -->\n<title>Manfrotto Master Air-Cushioned Stand 1004BAC - 366 cm - at Digital Azul<\/title>\n<meta name=\"description\" content=\"Manfrotto Master Air-Cushioned Stand 1004BAC - 124 cm to 366 cm, supports up to 9Kg of payload - available for rent at Digital Azul\" \/>\n<meta name=\"robots\" content=\"index, follow, max-snippet:-1, max-image-preview:large, max-video-preview:-1\" \/>\n<link rel=\"canonical\" href=\"https:\/\/rental.digitalazul.pt\/en\/produto\/manfrotto-master-air-cushioned-stand-1004bac-366-cm\/\" \/>\n<meta property=\"og:locale\" content=\"en_US\" \/>\n<meta property=\"og:type\" content=\"article\" \/>\n<meta property=\"og:title\" content=\"Manfrotto Master Air-Cushioned Stand 1004BAC - 366 cm - at Digital Azul\" \/>\n<meta property=\"og:description\" content=\"Manfrotto Master Air-Cushioned Stand 1004BAC - 124 cm to 366 cm, supports up to 9Kg of payload - available for rent at Digital Azul\" \/>\n<meta property=\"og:url\" content=\"https:\/\/rental.digitalazul.pt\/en\/produto\/manfrotto-master-air-cushioned-stand-1004bac-366-cm\/\" \/>\n<meta property=\"og:site_name\" content=\"Digital Azul\" \/>\n<meta property=\"article:publisher\" content=\"https:\/\/www.facebook.com\/DigitalAzul\" \/>\n<meta property=\"article:modified_time\" content=\"2022-06-02T17:45:01+00:00\" \/>\n<meta property=\"og:image\" content=\"https:\/\/rental.digitalazul.pt\/wp-content\/uploads\/2019\/07\/Trip\u00e9-de-ilumina\u00e7\u00e3o-Manfrotto-1004BAC-366-cm_0006_A.jpg\" \/>\n\t<meta property=\"og:image:width\" content=\"1600\" \/>\n\t<meta property=\"og:image:height\" content=\"1600\" \/>\n\t<meta property=\"og:image:type\" content=\"image\/jpeg\" \/>\n<meta name=\"twitter:card\" content=\"summary_large_image\" \/>\n<script type=\"application\/ld+json\" class=\"yoast-schema-graph\">{\"@context\":\"https:\/\/schema.org\",\"@graph\":[{\"@type\":\"WebPage\",\"@id\":\"https:\/\/rental.digitalazul.pt\/en\/produto\/manfrotto-master-air-cushioned-stand-1004bac-366-cm\/\",\"url\":\"https:\/\/rental.digitalazul.pt\/en\/produto\/manfrotto-master-air-cushioned-stand-1004bac-366-cm\/\",\"name\":\"Manfrotto Master Air-Cushioned Stand 1004BAC - 366 cm - at Digital Azul\",\"isPartOf\":{\"@id\":\"https:\/\/rental.digitalazul.pt\/en\/#website\"},\"primaryImageOfPage\":{\"@id\":\"https:\/\/rental.digitalazul.pt\/en\/produto\/manfrotto-master-air-cushioned-stand-1004bac-366-cm\/#primaryimage\"},\"image\":{\"@id\":\"https:\/\/rental.digitalazul.pt\/en\/produto\/manfrotto-master-air-cushioned-stand-1004bac-366-cm\/#primaryimage\"},\"thumbnailUrl\":\"https:\/\/rental.digitalazul.pt\/wp-content\/uploads\/2019\/07\/Trip\u00e9-de-ilumina\u00e7\u00e3o-Manfrotto-1004BAC-366-cm_0006_A.jpg\",\"datePublished\":\"2019-07-03T16:08:37+00:00\",\"dateModified\":\"2022-06-02T17:45:01+00:00\",\"description\":\"Manfrotto Master Air-Cushioned Stand 1004BAC - 124 cm to 366 cm, supports up to 9Kg of payload - available for rent at Digital Azul\",\"breadcrumb\":{\"@id\":\"https:\/\/rental.digitalazul.pt\/en\/produto\/manfrotto-master-air-cushioned-stand-1004bac-366-cm\/#breadcrumb\"},\"inLanguage\":\"en-US\",\"potentialAction\":[{\"@type\":\"ReadAction\",\"target\":[\"https:\/\/rental.digitalazul.pt\/en\/produto\/manfrotto-master-air-cushioned-stand-1004bac-366-cm\/\"]}]},{\"@type\":\"ImageObject\",\"inLanguage\":\"en-US\",\"@id\":\"https:\/\/rental.digitalazul.pt\/en\/produto\/manfrotto-master-air-cushioned-stand-1004bac-366-cm\/#primaryimage\",\"url\":\"https:\/\/rental.digitalazul.pt\/wp-content\/uploads\/2019\/07\/Trip\u00e9-de-ilumina\u00e7\u00e3o-Manfrotto-1004BAC-366-cm_0006_A.jpg\",\"contentUrl\":\"https:\/\/rental.digitalazul.pt\/wp-content\/uploads\/2019\/07\/Trip\u00e9-de-ilumina\u00e7\u00e3o-Manfrotto-1004BAC-366-cm_0006_A.jpg\",\"width\":1600,\"height\":1600},{\"@type\":\"BreadcrumbList\",\"@id\":\"https:\/\/rental.digitalazul.pt\/en\/produto\/manfrotto-master-air-cushioned-stand-1004bac-366-cm\/#breadcrumb\",\"itemListElement\":[{\"@type\":\"ListItem\",\"position\":1,\"name\":\"Home\",\"item\":\"https:\/\/rental.digitalazul.pt\/en\/\"},{\"@type\":\"ListItem\",\"position\":2,\"name\":\"Categories\",\"item\":\"https:\/\/rental.digitalazul.pt\/en\/categories\/\"},{\"@type\":\"ListItem\",\"position\":3,\"name\":\"Manfrotto Master Air-Cushioned Stand 1004BAC &#8211; 366 cm\"}]},{\"@type\":\"WebSite\",\"@id\":\"https:\/\/rental.digitalazul.pt\/en\/#website\",\"url\":\"https:\/\/rental.digitalazul.pt\/en\/\",\"name\":\"Digital Azul\",\"description\":\"Rental Catalogue\",\"potentialAction\":[{\"@type\":\"SearchAction\",\"target\":{\"@type\":\"EntryPoint\",\"urlTemplate\":\"https:\/\/rental.digitalazul.pt\/en\/?s={search_term_string}\"},\"query-input\":\"required name=search_term_string\"}],\"inLanguage\":\"en-US\"}]}<\/script>\n<!-- \/ Yoast SEO plugin. -->","yoast_head_json":{"title":"Manfrotto Master Air-Cushioned Stand 1004BAC - 366 cm - at Digital Azul","description":"Manfrotto Master Air-Cushioned Stand 1004BAC - 124 cm to 366 cm, supports up to 9Kg of payload - available for rent at Digital Azul","robots":{"index":"index","follow":"follow","max-snippet":"max-snippet:-1","max-image-preview":"max-image-preview:large","max-video-preview":"max-video-preview:-1"},"canonical":"https:\/\/rental.digitalazul.pt\/en\/produto\/manfrotto-master-air-cushioned-stand-1004bac-366-cm\/","og_locale":"en_US","og_type":"article","og_title":"Manfrotto Master Air-Cushioned Stand 1004BAC - 366 cm - at Digital Azul","og_description":"Manfrotto Master Air-Cushioned Stand 1004BAC - 124 cm to 366 cm, supports up to 9Kg of payload - available for rent at Digital Azul","og_url":"https:\/\/rental.digitalazul.pt\/en\/produto\/manfrotto-master-air-cushioned-stand-1004bac-366-cm\/","og_site_name":"Digital Azul","article_publisher":"https:\/\/www.facebook.com\/DigitalAzul","article_modified_time":"2022-06-02T17:45:01+00:00","og_image":[{"width":1600,"height":1600,"url":"https:\/\/rental.digitalazul.pt\/wp-content\/uploads\/2019\/07\/Trip\u00e9-de-ilumina\u00e7\u00e3o-Manfrotto-1004BAC-366-cm_0006_A.jpg","type":"image\/jpeg"}],"twitter_card":"summary_large_image","schema":{"@context":"https:\/\/schema.org","@graph":[{"@type":"WebPage","@id":"https:\/\/rental.digitalazul.pt\/en\/produto\/manfrotto-master-air-cushioned-stand-1004bac-366-cm\/","url":"https:\/\/rental.digitalazul.pt\/en\/produto\/manfrotto-master-air-cushioned-stand-1004bac-366-cm\/","name":"Manfrotto Master Air-Cushioned Stand 1004BAC - 366 cm - at Digital Azul","isPartOf":{"@id":"https:\/\/rental.digitalazul.pt\/en\/#website"},"primaryImageOfPage":{"@id":"https:\/\/rental.digitalazul.pt\/en\/produto\/manfrotto-master-air-cushioned-stand-1004bac-366-cm\/#primaryimage"},"image":{"@id":"https:\/\/rental.digitalazul.pt\/en\/produto\/manfrotto-master-air-cushioned-stand-1004bac-366-cm\/#primaryimage"},"thumbnailUrl":"https:\/\/rental.digitalazul.pt\/wp-content\/uploads\/2019\/07\/Trip\u00e9-de-ilumina\u00e7\u00e3o-Manfrotto-1004BAC-366-cm_0006_A.jpg","datePublished":"2019-07-03T16:08:37+00:00","dateModified":"2022-06-02T17:45:01+00:00","description":"Manfrotto Master Air-Cushioned Stand 1004BAC - 124 cm to 366 cm, supports up to 9Kg of payload - available for rent at Digital Azul","breadcrumb":{"@id":"https:\/\/rental.digitalazul.pt\/en\/produto\/manfrotto-master-air-cushioned-stand-1004bac-366-cm\/#breadcrumb"},"inLanguage":"en-US","potentialAction":[{"@type":"ReadAction","target":["https:\/\/rental.digitalazul.pt\/en\/produto\/manfrotto-master-air-cushioned-stand-1004bac-366-cm\/"]}]},{"@type":"ImageObject","inLanguage":"en-US","@id":"https:\/\/rental.digitalazul.pt\/en\/produto\/manfrotto-master-air-cushioned-stand-1004bac-366-cm\/#primaryimage","url":"https:\/\/rental.digitalazul.pt\/wp-content\/uploads\/2019\/07\/Trip\u00e9-de-ilumina\u00e7\u00e3o-Manfrotto-1004BAC-366-cm_0006_A.jpg","contentUrl":"https:\/\/rental.digitalazul.pt\/wp-content\/uploads\/2019\/07\/Trip\u00e9-de-ilumina\u00e7\u00e3o-Manfrotto-1004BAC-366-cm_0006_A.jpg","width":1600,"height":1600},{"@type":"BreadcrumbList","@id":"https:\/\/rental.digitalazul.pt\/en\/produto\/manfrotto-master-air-cushioned-stand-1004bac-366-cm\/#breadcrumb","itemListElement":[{"@type":"ListItem","position":1,"name":"Home","item":"https:\/\/rental.digitalazul.pt\/en\/"},{"@type":"ListItem","position":2,"name":"Categories","item":"https:\/\/rental.digitalazul.pt\/en\/categories\/"},{"@type":"ListItem","position":3,"name":"Manfrotto Master Air-Cushioned Stand 1004BAC &#8211; 366 cm"}]},{"@type":"WebSite","@id":"https:\/\/rental.digitalazul.pt\/en\/#website","url":"https:\/\/rental.digitalazul.pt\/en\/","name":"Digital Azul","description":"Rental Catalogue","potentialAction":[{"@type":"SearchAction","target":{"@type":"EntryPoint","urlTemplate":"https:\/\/rental.digitalazul.pt\/en\/?s={search_term_string}"},"query-input":"required name=search_term_string"}],"inLanguage":"en-US"}]}},"_links":{"self":[{"href":"https:\/\/rental.digitalazul.pt\/en\/wp-json\/wp\/v2\/product\/4718"}],"collection":[{"href":"https:\/\/rental.digitalazul.pt\/en\/wp-json\/wp\/v2\/product"}],"about":[{"href":"https:\/\/rental.digitalazul.pt\/en\/wp-json\/wp\/v2\/types\/product"}],"wp:featuredmedia":[{"embeddable":true,"href":"https:\/\/rental.digitalazul.pt\/en\/wp-json\/wp\/v2\/media\/4720"}],"wp:attachment":[{"href":"https:\/\/rental.digitalazul.pt\/en\/wp-json\/wp\/v2\/media?parent=4718"}],"wp:term":[{"taxonomy":"product_cat","embeddable":true,"href":"https:\/\/rental.digitalazul.pt\/en\/wp-json\/wp\/v2\/product_cat?post=4718"},{"taxonomy":"product_tag","embeddable":true,"href":"https:\/\/rental.digitalazul.pt\/en\/wp-json\/wp\/v2\/product_tag?post=4718"}],"curies":[{"name":"wp","href":"https:\/\/api.w.org\/{rel}","templated":true}]}}