{"id":5292,"date":"2019-12-11T18:55:41","date_gmt":"2019-12-11T18:55:41","guid":{"rendered":"https:\/\/rental.digitalazul.pt\/en\/category\/cameras\/camara-sony-a7r-iv-2\/"},"modified":"2025-03-14T11:54:56","modified_gmt":"2025-03-14T11:54:56","slug":"camera-sony-a7r-v","status":"publish","type":"product","link":"https:\/\/rental.digitalazul.pt\/en\/produto\/camera-sony-a7r-v\/","title":{"rendered":"Sony A7R V"},"content":{"rendered":"","protected":false},"excerpt":{"rendered":"","protected":false},"featured_media":10875,"template":"","meta":[],"product_cat":[70],"product_tag":[116],"class_list":{"0":"post-5292","1":"product","2":"type-product","3":"status-publish","4":"has-post-thumbnail","6":"product_cat-cameras","7":"product_tag-sony-en","9":"first","10":"instock","11":"featured","12":"taxable","13":"shipping-taxable","14":"purchasable","15":"product-type-simple"},"acf":[],"yoast_head":"<!-- This site is optimized with the Yoast SEO plugin v23.2 - https:\/\/yoast.com\/wordpress\/plugins\/seo\/ -->\n<title>Aluguer \/ rent C\u00e2mara Sony A7R V na Digital Azul, Lisboa, Portugal<\/title>\n<meta name=\"description\" content=\"A c\u00e2mara Sony A7R V tem um sensor de imagem de 61MP Full-Frame Exmor R BSI CMOS e est\u00e1 dispon\u00edvel para aluguer na Digital Azul, Lisboa, Portugal.\" \/>\n<meta name=\"robots\" content=\"index, follow, max-snippet:-1, max-image-preview:large, max-video-preview:-1\" \/>\n<link rel=\"canonical\" href=\"https:\/\/rental.digitalazul.pt\/en\/produto\/camera-sony-a7r-v\/\" \/>\n<meta property=\"og:locale\" content=\"en_US\" \/>\n<meta property=\"og:type\" content=\"article\" \/>\n<meta property=\"og:title\" content=\"Aluguer \/ rent C\u00e2mara Sony A7R V na Digital Azul, Lisboa, Portugal\" \/>\n<meta property=\"og:description\" content=\"A c\u00e2mara Sony A7R V tem um sensor de imagem de 61MP Full-Frame Exmor R BSI CMOS e est\u00e1 dispon\u00edvel para aluguer na Digital Azul, Lisboa, Portugal.\" \/>\n<meta property=\"og:url\" content=\"https:\/\/rental.digitalazul.pt\/en\/produto\/camera-sony-a7r-v\/\" \/>\n<meta property=\"og:site_name\" content=\"Digital Azul\" \/>\n<meta property=\"article:publisher\" content=\"https:\/\/www.facebook.com\/DigitalAzul\" \/>\n<meta property=\"article:modified_time\" content=\"2025-03-14T11:54:56+00:00\" \/>\n<meta property=\"og:image\" content=\"https:\/\/rental.digitalazul.pt\/wp-content\/uploads\/2019\/12\/Sony-a7R-V-\u2014-for-rent-at-Digital-Azul-Lisbon-Portugal_0043_Layer-1.jpg\" \/>\n\t<meta property=\"og:image:width\" content=\"1200\" \/>\n\t<meta property=\"og:image:height\" content=\"1200\" \/>\n\t<meta property=\"og:image:type\" content=\"image\/jpeg\" \/>\n<meta name=\"twitter:card\" content=\"summary_large_image\" \/>\n<meta name=\"twitter:label1\" content=\"Est. reading time\" \/>\n\t<meta name=\"twitter:data1\" content=\"1 minute\" \/>\n<script type=\"application\/ld+json\" class=\"yoast-schema-graph\">{\"@context\":\"https:\/\/schema.org\",\"@graph\":[{\"@type\":\"WebPage\",\"@id\":\"https:\/\/rental.digitalazul.pt\/en\/produto\/camera-sony-a7r-v\/\",\"url\":\"https:\/\/rental.digitalazul.pt\/en\/produto\/camera-sony-a7r-v\/\",\"name\":\"Aluguer \/ rent C\u00e2mara Sony A7R V na Digital Azul, Lisboa, Portugal\",\"isPartOf\":{\"@id\":\"https:\/\/rental.digitalazul.pt\/en\/#website\"},\"primaryImageOfPage\":{\"@id\":\"https:\/\/rental.digitalazul.pt\/en\/produto\/camera-sony-a7r-v\/#primaryimage\"},\"image\":{\"@id\":\"https:\/\/rental.digitalazul.pt\/en\/produto\/camera-sony-a7r-v\/#primaryimage\"},\"thumbnailUrl\":\"https:\/\/rental.digitalazul.pt\/wp-content\/uploads\/2019\/12\/Sony-a7R-V-\u2014-for-rent-at-Digital-Azul-Lisbon-Portugal_0043_Layer-1.jpg\",\"datePublished\":\"2019-12-11T18:55:41+00:00\",\"dateModified\":\"2025-03-14T11:54:56+00:00\",\"description\":\"A c\u00e2mara Sony A7R V tem um sensor de imagem de 61MP Full-Frame Exmor R BSI CMOS e est\u00e1 dispon\u00edvel para aluguer na Digital Azul, Lisboa, Portugal.\",\"breadcrumb\":{\"@id\":\"https:\/\/rental.digitalazul.pt\/en\/produto\/camera-sony-a7r-v\/#breadcrumb\"},\"inLanguage\":\"en-US\",\"potentialAction\":[{\"@type\":\"ReadAction\",\"target\":[\"https:\/\/rental.digitalazul.pt\/en\/produto\/camera-sony-a7r-v\/\"]}]},{\"@type\":\"ImageObject\",\"inLanguage\":\"en-US\",\"@id\":\"https:\/\/rental.digitalazul.pt\/en\/produto\/camera-sony-a7r-v\/#primaryimage\",\"url\":\"https:\/\/rental.digitalazul.pt\/wp-content\/uploads\/2019\/12\/Sony-a7R-V-\u2014-for-rent-at-Digital-Azul-Lisbon-Portugal_0043_Layer-1.jpg\",\"contentUrl\":\"https:\/\/rental.digitalazul.pt\/wp-content\/uploads\/2019\/12\/Sony-a7R-V-\u2014-for-rent-at-Digital-Azul-Lisbon-Portugal_0043_Layer-1.jpg\",\"width\":1200,\"height\":1200},{\"@type\":\"BreadcrumbList\",\"@id\":\"https:\/\/rental.digitalazul.pt\/en\/produto\/camera-sony-a7r-v\/#breadcrumb\",\"itemListElement\":[{\"@type\":\"ListItem\",\"position\":1,\"name\":\"Home\",\"item\":\"https:\/\/rental.digitalazul.pt\/en\/\"},{\"@type\":\"ListItem\",\"position\":2,\"name\":\"Categories\",\"item\":\"https:\/\/rental.digitalazul.pt\/en\/categories\/\"},{\"@type\":\"ListItem\",\"position\":3,\"name\":\"Sony A7R V\"}]},{\"@type\":\"WebSite\",\"@id\":\"https:\/\/rental.digitalazul.pt\/en\/#website\",\"url\":\"https:\/\/rental.digitalazul.pt\/en\/\",\"name\":\"Digital Azul\",\"description\":\"Rental Catalogue\",\"potentialAction\":[{\"@type\":\"SearchAction\",\"target\":{\"@type\":\"EntryPoint\",\"urlTemplate\":\"https:\/\/rental.digitalazul.pt\/en\/?s={search_term_string}\"},\"query-input\":\"required name=search_term_string\"}],\"inLanguage\":\"en-US\"}]}<\/script>\n<!-- \/ Yoast SEO plugin. -->","yoast_head_json":{"title":"Aluguer \/ rent C\u00e2mara Sony A7R V na Digital Azul, Lisboa, Portugal","description":"A c\u00e2mara Sony A7R V tem um sensor de imagem de 61MP Full-Frame Exmor R BSI CMOS e est\u00e1 dispon\u00edvel para aluguer na Digital Azul, Lisboa, Portugal.","robots":{"index":"index","follow":"follow","max-snippet":"max-snippet:-1","max-image-preview":"max-image-preview:large","max-video-preview":"max-video-preview:-1"},"canonical":"https:\/\/rental.digitalazul.pt\/en\/produto\/camera-sony-a7r-v\/","og_locale":"en_US","og_type":"article","og_title":"Aluguer \/ rent C\u00e2mara Sony A7R V na Digital Azul, Lisboa, Portugal","og_description":"A c\u00e2mara Sony A7R V tem um sensor de imagem de 61MP Full-Frame Exmor R BSI CMOS e est\u00e1 dispon\u00edvel para aluguer na Digital Azul, Lisboa, Portugal.","og_url":"https:\/\/rental.digitalazul.pt\/en\/produto\/camera-sony-a7r-v\/","og_site_name":"Digital Azul","article_publisher":"https:\/\/www.facebook.com\/DigitalAzul","article_modified_time":"2025-03-14T11:54:56+00:00","og_image":[{"width":1200,"height":1200,"url":"https:\/\/rental.digitalazul.pt\/wp-content\/uploads\/2019\/12\/Sony-a7R-V-\u2014-for-rent-at-Digital-Azul-Lisbon-Portugal_0043_Layer-1.jpg","type":"image\/jpeg"}],"twitter_card":"summary_large_image","twitter_misc":{"Est. reading time":"1 minute"},"schema":{"@context":"https:\/\/schema.org","@graph":[{"@type":"WebPage","@id":"https:\/\/rental.digitalazul.pt\/en\/produto\/camera-sony-a7r-v\/","url":"https:\/\/rental.digitalazul.pt\/en\/produto\/camera-sony-a7r-v\/","name":"Aluguer \/ rent C\u00e2mara Sony A7R V na Digital Azul, Lisboa, Portugal","isPartOf":{"@id":"https:\/\/rental.digitalazul.pt\/en\/#website"},"primaryImageOfPage":{"@id":"https:\/\/rental.digitalazul.pt\/en\/produto\/camera-sony-a7r-v\/#primaryimage"},"image":{"@id":"https:\/\/rental.digitalazul.pt\/en\/produto\/camera-sony-a7r-v\/#primaryimage"},"thumbnailUrl":"https:\/\/rental.digitalazul.pt\/wp-content\/uploads\/2019\/12\/Sony-a7R-V-\u2014-for-rent-at-Digital-Azul-Lisbon-Portugal_0043_Layer-1.jpg","datePublished":"2019-12-11T18:55:41+00:00","dateModified":"2025-03-14T11:54:56+00:00","description":"A c\u00e2mara Sony A7R V tem um sensor de imagem de 61MP Full-Frame Exmor R BSI CMOS e est\u00e1 dispon\u00edvel para aluguer na Digital Azul, Lisboa, Portugal.","breadcrumb":{"@id":"https:\/\/rental.digitalazul.pt\/en\/produto\/camera-sony-a7r-v\/#breadcrumb"},"inLanguage":"en-US","potentialAction":[{"@type":"ReadAction","target":["https:\/\/rental.digitalazul.pt\/en\/produto\/camera-sony-a7r-v\/"]}]},{"@type":"ImageObject","inLanguage":"en-US","@id":"https:\/\/rental.digitalazul.pt\/en\/produto\/camera-sony-a7r-v\/#primaryimage","url":"https:\/\/rental.digitalazul.pt\/wp-content\/uploads\/2019\/12\/Sony-a7R-V-\u2014-for-rent-at-Digital-Azul-Lisbon-Portugal_0043_Layer-1.jpg","contentUrl":"https:\/\/rental.digitalazul.pt\/wp-content\/uploads\/2019\/12\/Sony-a7R-V-\u2014-for-rent-at-Digital-Azul-Lisbon-Portugal_0043_Layer-1.jpg","width":1200,"height":1200},{"@type":"BreadcrumbList","@id":"https:\/\/rental.digitalazul.pt\/en\/produto\/camera-sony-a7r-v\/#breadcrumb","itemListElement":[{"@type":"ListItem","position":1,"name":"Home","item":"https:\/\/rental.digitalazul.pt\/en\/"},{"@type":"ListItem","position":2,"name":"Categories","item":"https:\/\/rental.digitalazul.pt\/en\/categories\/"},{"@type":"ListItem","position":3,"name":"Sony A7R V"}]},{"@type":"WebSite","@id":"https:\/\/rental.digitalazul.pt\/en\/#website","url":"https:\/\/rental.digitalazul.pt\/en\/","name":"Digital Azul","description":"Rental Catalogue","potentialAction":[{"@type":"SearchAction","target":{"@type":"EntryPoint","urlTemplate":"https:\/\/rental.digitalazul.pt\/en\/?s={search_term_string}"},"query-input":"required name=search_term_string"}],"inLanguage":"en-US"}]}},"_links":{"self":[{"href":"https:\/\/rental.digitalazul.pt\/en\/wp-json\/wp\/v2\/product\/5292"}],"collection":[{"href":"https:\/\/rental.digitalazul.pt\/en\/wp-json\/wp\/v2\/product"}],"about":[{"href":"https:\/\/rental.digitalazul.pt\/en\/wp-json\/wp\/v2\/types\/product"}],"wp:featuredmedia":[{"embeddable":true,"href":"https:\/\/rental.digitalazul.pt\/en\/wp-json\/wp\/v2\/media\/10875"}],"wp:attachment":[{"href":"https:\/\/rental.digitalazul.pt\/en\/wp-json\/wp\/v2\/media?parent=5292"}],"wp:term":[{"taxonomy":"product_cat","embeddable":true,"href":"https:\/\/rental.digitalazul.pt\/en\/wp-json\/wp\/v2\/product_cat?post=5292"},{"taxonomy":"product_tag","embeddable":true,"href":"https:\/\/rental.digitalazul.pt\/en\/wp-json\/wp\/v2\/product_tag?post=5292"}],"curies":[{"name":"wp","href":"https:\/\/api.w.org\/{rel}","templated":true}]}}