{"id":5461,"date":"2020-01-10T18:20:23","date_gmt":"2020-01-10T18:20:23","guid":{"rendered":"https:\/\/rental.digitalazul.pt\/en\/category\/audio-en\/headset-sennheiser-me-3-ii\/"},"modified":"2025-05-13T15:41:20","modified_gmt":"2025-05-13T14:41:20","slug":"headset-sennheiser-me-3-ii","status":"publish","type":"product","link":"https:\/\/rental.digitalazul.pt\/en\/produto\/headset-sennheiser-me-3-ii\/","title":{"rendered":"Headset Sennheiser ME 3-II"},"content":{"rendered":"","protected":false},"excerpt":{"rendered":"<div id=\"tab1content\" class=\"tab-content\">\n<p>Microfone Headset aconselhado para actividades que envolvam muito movimento, ou actividade f\u00edsica intensa.<\/p>\n<p>O ME3-II Headmic da Sennheiser \u00e9 um microfone de cabe\u00e7a com condensador pr\u00e9 polarizado e c\u00e1psula \u201cCardioid\u201d que pode ser usado para capturar \u00e1udio em diversas actividades, como num palco ao vivo, em televis\u00e3o, salas de reuni\u00f5es, apresenta\u00e7\u00f5es, sess\u00f5es de canto ou locu\u00e7\u00e3o, ou qualquer acontecimento com p\u00fablico ao vivo. O cabo do ME 3-II possui um conector mini-jack de bloqueio de 3,5 mm. Tem incluindo uma espuma de prote\u00e7\u00e3o de vento.<\/p>\n<\/div>\n","protected":false},"featured_media":5463,"template":"","meta":[],"product_cat":[67,68],"product_tag":[],"class_list":{"0":"post-5461","1":"product","2":"type-product","3":"status-publish","4":"has-post-thumbnail","6":"product_cat-audio-en","7":"product_cat-communications","9":"first","10":"instock","11":"taxable","12":"shipping-taxable","13":"purchasable","14":"product-type-simple"},"acf":[],"yoast_head":"<!-- This site is optimized with the Yoast SEO plugin v23.2 - https:\/\/yoast.com\/wordpress\/plugins\/seo\/ -->\n<title>Microfone Headset Sennheiser ME 3-II \u2014 para aluguer na Digital Azul<\/title>\n<meta name=\"description\" content=\"Microfone Headset aconselhado para actividades que envolvam muito movimento, ou actividade f\u00edsica intensa \u2014 para aluguer na Digital Azul.\" \/>\n<meta name=\"robots\" content=\"index, follow, max-snippet:-1, max-image-preview:large, max-video-preview:-1\" \/>\n<link rel=\"canonical\" href=\"https:\/\/rental.digitalazul.pt\/en\/produto\/headset-sennheiser-me-3-ii\/\" \/>\n<meta property=\"og:locale\" content=\"en_US\" \/>\n<meta property=\"og:type\" content=\"article\" \/>\n<meta property=\"og:title\" content=\"Microfone Headset Sennheiser ME 3-II \u2014 para aluguer na Digital Azul\" \/>\n<meta property=\"og:description\" content=\"Microfone Headset aconselhado para actividades que envolvam muito movimento, ou actividade f\u00edsica intensa \u2014 para aluguer na Digital Azul.\" \/>\n<meta property=\"og:url\" content=\"https:\/\/rental.digitalazul.pt\/en\/produto\/headset-sennheiser-me-3-ii\/\" \/>\n<meta property=\"og:site_name\" content=\"Digital Azul\" \/>\n<meta property=\"article:publisher\" content=\"https:\/\/www.facebook.com\/DigitalAzul\" \/>\n<meta property=\"article:modified_time\" content=\"2025-05-13T14:41:20+00:00\" \/>\n<meta property=\"og:image\" content=\"https:\/\/rental.digitalazul.pt\/wp-content\/uploads\/2020\/01\/Sennheiser-ME-3-II-Headmic-Wireless-for-rent-at-Digital-Azul.jpg\" \/>\n\t<meta property=\"og:image:width\" content=\"1600\" \/>\n\t<meta property=\"og:image:height\" content=\"1600\" \/>\n\t<meta property=\"og:image:type\" content=\"image\/jpeg\" \/>\n<meta name=\"twitter:card\" content=\"summary_large_image\" \/>\n<meta name=\"twitter:label1\" content=\"Est. reading time\" \/>\n\t<meta name=\"twitter:data1\" content=\"1 minute\" \/>\n<script type=\"application\/ld+json\" class=\"yoast-schema-graph\">{\"@context\":\"https:\/\/schema.org\",\"@graph\":[{\"@type\":\"WebPage\",\"@id\":\"https:\/\/rental.digitalazul.pt\/en\/produto\/headset-sennheiser-me-3-ii\/\",\"url\":\"https:\/\/rental.digitalazul.pt\/en\/produto\/headset-sennheiser-me-3-ii\/\",\"name\":\"Microfone Headset Sennheiser ME 3-II \u2014 para aluguer na Digital Azul\",\"isPartOf\":{\"@id\":\"https:\/\/rental.digitalazul.pt\/en\/#website\"},\"primaryImageOfPage\":{\"@id\":\"https:\/\/rental.digitalazul.pt\/en\/produto\/headset-sennheiser-me-3-ii\/#primaryimage\"},\"image\":{\"@id\":\"https:\/\/rental.digitalazul.pt\/en\/produto\/headset-sennheiser-me-3-ii\/#primaryimage\"},\"thumbnailUrl\":\"https:\/\/rental.digitalazul.pt\/wp-content\/uploads\/2020\/01\/Sennheiser-ME-3-II-Headmic-Wireless-for-rent-at-Digital-Azul.jpg\",\"datePublished\":\"2020-01-10T18:20:23+00:00\",\"dateModified\":\"2025-05-13T14:41:20+00:00\",\"description\":\"Microfone Headset aconselhado para actividades que envolvam muito movimento, ou actividade f\u00edsica intensa \u2014 para aluguer na Digital Azul.\",\"breadcrumb\":{\"@id\":\"https:\/\/rental.digitalazul.pt\/en\/produto\/headset-sennheiser-me-3-ii\/#breadcrumb\"},\"inLanguage\":\"en-US\",\"potentialAction\":[{\"@type\":\"ReadAction\",\"target\":[\"https:\/\/rental.digitalazul.pt\/en\/produto\/headset-sennheiser-me-3-ii\/\"]}]},{\"@type\":\"ImageObject\",\"inLanguage\":\"en-US\",\"@id\":\"https:\/\/rental.digitalazul.pt\/en\/produto\/headset-sennheiser-me-3-ii\/#primaryimage\",\"url\":\"https:\/\/rental.digitalazul.pt\/wp-content\/uploads\/2020\/01\/Sennheiser-ME-3-II-Headmic-Wireless-for-rent-at-Digital-Azul.jpg\",\"contentUrl\":\"https:\/\/rental.digitalazul.pt\/wp-content\/uploads\/2020\/01\/Sennheiser-ME-3-II-Headmic-Wireless-for-rent-at-Digital-Azul.jpg\",\"width\":1600,\"height\":1600},{\"@type\":\"BreadcrumbList\",\"@id\":\"https:\/\/rental.digitalazul.pt\/en\/produto\/headset-sennheiser-me-3-ii\/#breadcrumb\",\"itemListElement\":[{\"@type\":\"ListItem\",\"position\":1,\"name\":\"Home\",\"item\":\"https:\/\/rental.digitalazul.pt\/en\/\"},{\"@type\":\"ListItem\",\"position\":2,\"name\":\"Categories\",\"item\":\"https:\/\/rental.digitalazul.pt\/en\/categories\/\"},{\"@type\":\"ListItem\",\"position\":3,\"name\":\"Headset Sennheiser ME 3-II\"}]},{\"@type\":\"WebSite\",\"@id\":\"https:\/\/rental.digitalazul.pt\/en\/#website\",\"url\":\"https:\/\/rental.digitalazul.pt\/en\/\",\"name\":\"Digital Azul\",\"description\":\"Rental Catalogue\",\"potentialAction\":[{\"@type\":\"SearchAction\",\"target\":{\"@type\":\"EntryPoint\",\"urlTemplate\":\"https:\/\/rental.digitalazul.pt\/en\/?s={search_term_string}\"},\"query-input\":\"required name=search_term_string\"}],\"inLanguage\":\"en-US\"}]}<\/script>\n<!-- \/ Yoast SEO plugin. -->","yoast_head_json":{"title":"Microfone Headset Sennheiser ME 3-II \u2014 para aluguer na Digital Azul","description":"Microfone Headset aconselhado para actividades que envolvam muito movimento, ou actividade f\u00edsica intensa \u2014 para aluguer na Digital Azul.","robots":{"index":"index","follow":"follow","max-snippet":"max-snippet:-1","max-image-preview":"max-image-preview:large","max-video-preview":"max-video-preview:-1"},"canonical":"https:\/\/rental.digitalazul.pt\/en\/produto\/headset-sennheiser-me-3-ii\/","og_locale":"en_US","og_type":"article","og_title":"Microfone Headset Sennheiser ME 3-II \u2014 para aluguer na Digital Azul","og_description":"Microfone Headset aconselhado para actividades que envolvam muito movimento, ou actividade f\u00edsica intensa \u2014 para aluguer na Digital Azul.","og_url":"https:\/\/rental.digitalazul.pt\/en\/produto\/headset-sennheiser-me-3-ii\/","og_site_name":"Digital Azul","article_publisher":"https:\/\/www.facebook.com\/DigitalAzul","article_modified_time":"2025-05-13T14:41:20+00:00","og_image":[{"width":1600,"height":1600,"url":"https:\/\/rental.digitalazul.pt\/wp-content\/uploads\/2020\/01\/Sennheiser-ME-3-II-Headmic-Wireless-for-rent-at-Digital-Azul.jpg","type":"image\/jpeg"}],"twitter_card":"summary_large_image","twitter_misc":{"Est. reading time":"1 minute"},"schema":{"@context":"https:\/\/schema.org","@graph":[{"@type":"WebPage","@id":"https:\/\/rental.digitalazul.pt\/en\/produto\/headset-sennheiser-me-3-ii\/","url":"https:\/\/rental.digitalazul.pt\/en\/produto\/headset-sennheiser-me-3-ii\/","name":"Microfone Headset Sennheiser ME 3-II \u2014 para aluguer na Digital Azul","isPartOf":{"@id":"https:\/\/rental.digitalazul.pt\/en\/#website"},"primaryImageOfPage":{"@id":"https:\/\/rental.digitalazul.pt\/en\/produto\/headset-sennheiser-me-3-ii\/#primaryimage"},"image":{"@id":"https:\/\/rental.digitalazul.pt\/en\/produto\/headset-sennheiser-me-3-ii\/#primaryimage"},"thumbnailUrl":"https:\/\/rental.digitalazul.pt\/wp-content\/uploads\/2020\/01\/Sennheiser-ME-3-II-Headmic-Wireless-for-rent-at-Digital-Azul.jpg","datePublished":"2020-01-10T18:20:23+00:00","dateModified":"2025-05-13T14:41:20+00:00","description":"Microfone Headset aconselhado para actividades que envolvam muito movimento, ou actividade f\u00edsica intensa \u2014 para aluguer na Digital Azul.","breadcrumb":{"@id":"https:\/\/rental.digitalazul.pt\/en\/produto\/headset-sennheiser-me-3-ii\/#breadcrumb"},"inLanguage":"en-US","potentialAction":[{"@type":"ReadAction","target":["https:\/\/rental.digitalazul.pt\/en\/produto\/headset-sennheiser-me-3-ii\/"]}]},{"@type":"ImageObject","inLanguage":"en-US","@id":"https:\/\/rental.digitalazul.pt\/en\/produto\/headset-sennheiser-me-3-ii\/#primaryimage","url":"https:\/\/rental.digitalazul.pt\/wp-content\/uploads\/2020\/01\/Sennheiser-ME-3-II-Headmic-Wireless-for-rent-at-Digital-Azul.jpg","contentUrl":"https:\/\/rental.digitalazul.pt\/wp-content\/uploads\/2020\/01\/Sennheiser-ME-3-II-Headmic-Wireless-for-rent-at-Digital-Azul.jpg","width":1600,"height":1600},{"@type":"BreadcrumbList","@id":"https:\/\/rental.digitalazul.pt\/en\/produto\/headset-sennheiser-me-3-ii\/#breadcrumb","itemListElement":[{"@type":"ListItem","position":1,"name":"Home","item":"https:\/\/rental.digitalazul.pt\/en\/"},{"@type":"ListItem","position":2,"name":"Categories","item":"https:\/\/rental.digitalazul.pt\/en\/categories\/"},{"@type":"ListItem","position":3,"name":"Headset Sennheiser ME 3-II"}]},{"@type":"WebSite","@id":"https:\/\/rental.digitalazul.pt\/en\/#website","url":"https:\/\/rental.digitalazul.pt\/en\/","name":"Digital Azul","description":"Rental Catalogue","potentialAction":[{"@type":"SearchAction","target":{"@type":"EntryPoint","urlTemplate":"https:\/\/rental.digitalazul.pt\/en\/?s={search_term_string}"},"query-input":"required name=search_term_string"}],"inLanguage":"en-US"}]}},"_links":{"self":[{"href":"https:\/\/rental.digitalazul.pt\/en\/wp-json\/wp\/v2\/product\/5461"}],"collection":[{"href":"https:\/\/rental.digitalazul.pt\/en\/wp-json\/wp\/v2\/product"}],"about":[{"href":"https:\/\/rental.digitalazul.pt\/en\/wp-json\/wp\/v2\/types\/product"}],"wp:featuredmedia":[{"embeddable":true,"href":"https:\/\/rental.digitalazul.pt\/en\/wp-json\/wp\/v2\/media\/5463"}],"wp:attachment":[{"href":"https:\/\/rental.digitalazul.pt\/en\/wp-json\/wp\/v2\/media?parent=5461"}],"wp:term":[{"taxonomy":"product_cat","embeddable":true,"href":"https:\/\/rental.digitalazul.pt\/en\/wp-json\/wp\/v2\/product_cat?post=5461"},{"taxonomy":"product_tag","embeddable":true,"href":"https:\/\/rental.digitalazul.pt\/en\/wp-json\/wp\/v2\/product_tag?post=5461"}],"curies":[{"name":"wp","href":"https:\/\/api.w.org\/{rel}","templated":true}]}}