{"id":5556,"date":"2020-01-20T16:13:43","date_gmt":"2020-01-20T16:13:43","guid":{"rendered":"https:\/\/rental.digitalazul.pt\/en\/category\/lighting\/aputure-fresnel-2x-attachment\/"},"modified":"2022-06-02T18:20:32","modified_gmt":"2022-06-02T17:20:32","slug":"aputure-fresnel-2x-attachment","status":"publish","type":"product","link":"https:\/\/rental.digitalazul.pt\/en\/produto\/aputure-fresnel-2x-attachment\/","title":{"rendered":"Aputure Fresnel 2X Attachment"},"content":{"rendered":"","protected":false},"excerpt":{"rendered":"<div class=\"title_3Dx0bIfIE-IxSQhNjp7-Yp\" data-selenium=\"sellingPointsTitle\">Made exclusively for <b>Aputure<\/b> LS C120d, LS C120d II, LS C300d, the <b>Fresnel 2X Attachment<\/b> offers a beam spread that&#8217;s variable from 12 to 40 degrees. A valuable bi-product of this enhanced design is its ability to intensify the output of the light! Aputure&#8217;s LS 120d II, for example, is capable of outputting up to 14x its standard power thanks to the Fresnel&#8217;s dual lens design. The Fresnel 2X comes with a padded case for storage and transport.<\/div>\n","protected":false},"featured_media":5558,"template":"","meta":[],"product_cat":[397],"product_tag":[],"class_list":{"0":"post-5556","1":"product","2":"type-product","3":"status-publish","4":"has-post-thumbnail","6":"product_cat-lighting-tripods-grips","8":"first","9":"instock","10":"taxable","11":"shipping-taxable","12":"purchasable","13":"product-type-simple"},"acf":[],"yoast_head":"<!-- This site is optimized with the Yoast SEO plugin v23.2 - https:\/\/yoast.com\/wordpress\/plugins\/seo\/ -->\n<title>Aluguer - Aputure Fresnel 2X Attachment - Digital Azul, Portugal<\/title>\n<meta name=\"description\" content=\"O Aputure Fresnel 2X \u00e9 um acess\u00f3rio do Aputure Light Storm C300d c\/ um feixe de ilumina\u00e7\u00e3o vari\u00e1vel entre 12 a 40\u00ba, dispon\u00edvel para aluguer na Digital Azul.\" \/>\n<meta name=\"robots\" content=\"index, follow, max-snippet:-1, max-image-preview:large, max-video-preview:-1\" \/>\n<link rel=\"canonical\" href=\"https:\/\/rental.digitalazul.pt\/en\/produto\/aputure-fresnel-2x-attachment\/\" \/>\n<meta property=\"og:locale\" content=\"en_US\" \/>\n<meta property=\"og:type\" content=\"article\" \/>\n<meta property=\"og:title\" content=\"Aluguer - Aputure Fresnel 2X Attachment - Digital Azul, Portugal\" \/>\n<meta property=\"og:description\" content=\"O Aputure Fresnel 2X \u00e9 um acess\u00f3rio do Aputure Light Storm C300d c\/ um feixe de ilumina\u00e7\u00e3o vari\u00e1vel entre 12 a 40\u00ba, dispon\u00edvel para aluguer na Digital Azul.\" \/>\n<meta property=\"og:url\" content=\"https:\/\/rental.digitalazul.pt\/en\/produto\/aputure-fresnel-2x-attachment\/\" \/>\n<meta property=\"og:site_name\" content=\"Digital Azul\" \/>\n<meta property=\"article:publisher\" content=\"https:\/\/www.facebook.com\/DigitalAzul\" \/>\n<meta property=\"article:modified_time\" content=\"2022-06-02T17:20:32+00:00\" \/>\n<meta property=\"og:image\" content=\"https:\/\/rental.digitalazul.pt\/wp-content\/uploads\/2020\/01\/Aputure-Fresnel-2X-Attachment-\u2013-for-rent-at-Digital-Azul-\u2013-Portugal_0014_A.jpg\" \/>\n\t<meta property=\"og:image:width\" content=\"1200\" \/>\n\t<meta property=\"og:image:height\" content=\"1200\" \/>\n\t<meta property=\"og:image:type\" content=\"image\/jpeg\" \/>\n<meta name=\"twitter:card\" content=\"summary_large_image\" \/>\n<script type=\"application\/ld+json\" class=\"yoast-schema-graph\">{\"@context\":\"https:\/\/schema.org\",\"@graph\":[{\"@type\":\"WebPage\",\"@id\":\"https:\/\/rental.digitalazul.pt\/en\/produto\/aputure-fresnel-2x-attachment\/\",\"url\":\"https:\/\/rental.digitalazul.pt\/en\/produto\/aputure-fresnel-2x-attachment\/\",\"name\":\"Aluguer - Aputure Fresnel 2X Attachment - Digital Azul, Portugal\",\"isPartOf\":{\"@id\":\"https:\/\/rental.digitalazul.pt\/en\/#website\"},\"primaryImageOfPage\":{\"@id\":\"https:\/\/rental.digitalazul.pt\/en\/produto\/aputure-fresnel-2x-attachment\/#primaryimage\"},\"image\":{\"@id\":\"https:\/\/rental.digitalazul.pt\/en\/produto\/aputure-fresnel-2x-attachment\/#primaryimage\"},\"thumbnailUrl\":\"https:\/\/rental.digitalazul.pt\/wp-content\/uploads\/2020\/01\/Aputure-Fresnel-2X-Attachment-\u2013-for-rent-at-Digital-Azul-\u2013-Portugal_0014_A.jpg\",\"datePublished\":\"2020-01-20T16:13:43+00:00\",\"dateModified\":\"2022-06-02T17:20:32+00:00\",\"description\":\"O Aputure Fresnel 2X \u00e9 um acess\u00f3rio do Aputure Light Storm C300d c\/ um feixe de ilumina\u00e7\u00e3o vari\u00e1vel entre 12 a 40\u00ba, dispon\u00edvel para aluguer na Digital Azul.\",\"breadcrumb\":{\"@id\":\"https:\/\/rental.digitalazul.pt\/en\/produto\/aputure-fresnel-2x-attachment\/#breadcrumb\"},\"inLanguage\":\"en-US\",\"potentialAction\":[{\"@type\":\"ReadAction\",\"target\":[\"https:\/\/rental.digitalazul.pt\/en\/produto\/aputure-fresnel-2x-attachment\/\"]}]},{\"@type\":\"ImageObject\",\"inLanguage\":\"en-US\",\"@id\":\"https:\/\/rental.digitalazul.pt\/en\/produto\/aputure-fresnel-2x-attachment\/#primaryimage\",\"url\":\"https:\/\/rental.digitalazul.pt\/wp-content\/uploads\/2020\/01\/Aputure-Fresnel-2X-Attachment-\u2013-for-rent-at-Digital-Azul-\u2013-Portugal_0014_A.jpg\",\"contentUrl\":\"https:\/\/rental.digitalazul.pt\/wp-content\/uploads\/2020\/01\/Aputure-Fresnel-2X-Attachment-\u2013-for-rent-at-Digital-Azul-\u2013-Portugal_0014_A.jpg\",\"width\":1200,\"height\":1200},{\"@type\":\"BreadcrumbList\",\"@id\":\"https:\/\/rental.digitalazul.pt\/en\/produto\/aputure-fresnel-2x-attachment\/#breadcrumb\",\"itemListElement\":[{\"@type\":\"ListItem\",\"position\":1,\"name\":\"Home\",\"item\":\"https:\/\/rental.digitalazul.pt\/en\/\"},{\"@type\":\"ListItem\",\"position\":2,\"name\":\"Categories\",\"item\":\"https:\/\/rental.digitalazul.pt\/en\/categories\/\"},{\"@type\":\"ListItem\",\"position\":3,\"name\":\"Aputure Fresnel 2X Attachment\"}]},{\"@type\":\"WebSite\",\"@id\":\"https:\/\/rental.digitalazul.pt\/en\/#website\",\"url\":\"https:\/\/rental.digitalazul.pt\/en\/\",\"name\":\"Digital Azul\",\"description\":\"Rental Catalogue\",\"potentialAction\":[{\"@type\":\"SearchAction\",\"target\":{\"@type\":\"EntryPoint\",\"urlTemplate\":\"https:\/\/rental.digitalazul.pt\/en\/?s={search_term_string}\"},\"query-input\":\"required name=search_term_string\"}],\"inLanguage\":\"en-US\"}]}<\/script>\n<!-- \/ Yoast SEO plugin. -->","yoast_head_json":{"title":"Aluguer - Aputure Fresnel 2X Attachment - Digital Azul, Portugal","description":"O Aputure Fresnel 2X \u00e9 um acess\u00f3rio do Aputure Light Storm C300d c\/ um feixe de ilumina\u00e7\u00e3o vari\u00e1vel entre 12 a 40\u00ba, dispon\u00edvel para aluguer na Digital Azul.","robots":{"index":"index","follow":"follow","max-snippet":"max-snippet:-1","max-image-preview":"max-image-preview:large","max-video-preview":"max-video-preview:-1"},"canonical":"https:\/\/rental.digitalazul.pt\/en\/produto\/aputure-fresnel-2x-attachment\/","og_locale":"en_US","og_type":"article","og_title":"Aluguer - Aputure Fresnel 2X Attachment - Digital Azul, Portugal","og_description":"O Aputure Fresnel 2X \u00e9 um acess\u00f3rio do Aputure Light Storm C300d c\/ um feixe de ilumina\u00e7\u00e3o vari\u00e1vel entre 12 a 40\u00ba, dispon\u00edvel para aluguer na Digital Azul.","og_url":"https:\/\/rental.digitalazul.pt\/en\/produto\/aputure-fresnel-2x-attachment\/","og_site_name":"Digital Azul","article_publisher":"https:\/\/www.facebook.com\/DigitalAzul","article_modified_time":"2022-06-02T17:20:32+00:00","og_image":[{"width":1200,"height":1200,"url":"https:\/\/rental.digitalazul.pt\/wp-content\/uploads\/2020\/01\/Aputure-Fresnel-2X-Attachment-\u2013-for-rent-at-Digital-Azul-\u2013-Portugal_0014_A.jpg","type":"image\/jpeg"}],"twitter_card":"summary_large_image","schema":{"@context":"https:\/\/schema.org","@graph":[{"@type":"WebPage","@id":"https:\/\/rental.digitalazul.pt\/en\/produto\/aputure-fresnel-2x-attachment\/","url":"https:\/\/rental.digitalazul.pt\/en\/produto\/aputure-fresnel-2x-attachment\/","name":"Aluguer - Aputure Fresnel 2X Attachment - Digital Azul, Portugal","isPartOf":{"@id":"https:\/\/rental.digitalazul.pt\/en\/#website"},"primaryImageOfPage":{"@id":"https:\/\/rental.digitalazul.pt\/en\/produto\/aputure-fresnel-2x-attachment\/#primaryimage"},"image":{"@id":"https:\/\/rental.digitalazul.pt\/en\/produto\/aputure-fresnel-2x-attachment\/#primaryimage"},"thumbnailUrl":"https:\/\/rental.digitalazul.pt\/wp-content\/uploads\/2020\/01\/Aputure-Fresnel-2X-Attachment-\u2013-for-rent-at-Digital-Azul-\u2013-Portugal_0014_A.jpg","datePublished":"2020-01-20T16:13:43+00:00","dateModified":"2022-06-02T17:20:32+00:00","description":"O Aputure Fresnel 2X \u00e9 um acess\u00f3rio do Aputure Light Storm C300d c\/ um feixe de ilumina\u00e7\u00e3o vari\u00e1vel entre 12 a 40\u00ba, dispon\u00edvel para aluguer na Digital Azul.","breadcrumb":{"@id":"https:\/\/rental.digitalazul.pt\/en\/produto\/aputure-fresnel-2x-attachment\/#breadcrumb"},"inLanguage":"en-US","potentialAction":[{"@type":"ReadAction","target":["https:\/\/rental.digitalazul.pt\/en\/produto\/aputure-fresnel-2x-attachment\/"]}]},{"@type":"ImageObject","inLanguage":"en-US","@id":"https:\/\/rental.digitalazul.pt\/en\/produto\/aputure-fresnel-2x-attachment\/#primaryimage","url":"https:\/\/rental.digitalazul.pt\/wp-content\/uploads\/2020\/01\/Aputure-Fresnel-2X-Attachment-\u2013-for-rent-at-Digital-Azul-\u2013-Portugal_0014_A.jpg","contentUrl":"https:\/\/rental.digitalazul.pt\/wp-content\/uploads\/2020\/01\/Aputure-Fresnel-2X-Attachment-\u2013-for-rent-at-Digital-Azul-\u2013-Portugal_0014_A.jpg","width":1200,"height":1200},{"@type":"BreadcrumbList","@id":"https:\/\/rental.digitalazul.pt\/en\/produto\/aputure-fresnel-2x-attachment\/#breadcrumb","itemListElement":[{"@type":"ListItem","position":1,"name":"Home","item":"https:\/\/rental.digitalazul.pt\/en\/"},{"@type":"ListItem","position":2,"name":"Categories","item":"https:\/\/rental.digitalazul.pt\/en\/categories\/"},{"@type":"ListItem","position":3,"name":"Aputure Fresnel 2X Attachment"}]},{"@type":"WebSite","@id":"https:\/\/rental.digitalazul.pt\/en\/#website","url":"https:\/\/rental.digitalazul.pt\/en\/","name":"Digital Azul","description":"Rental Catalogue","potentialAction":[{"@type":"SearchAction","target":{"@type":"EntryPoint","urlTemplate":"https:\/\/rental.digitalazul.pt\/en\/?s={search_term_string}"},"query-input":"required name=search_term_string"}],"inLanguage":"en-US"}]}},"_links":{"self":[{"href":"https:\/\/rental.digitalazul.pt\/en\/wp-json\/wp\/v2\/product\/5556"}],"collection":[{"href":"https:\/\/rental.digitalazul.pt\/en\/wp-json\/wp\/v2\/product"}],"about":[{"href":"https:\/\/rental.digitalazul.pt\/en\/wp-json\/wp\/v2\/types\/product"}],"wp:featuredmedia":[{"embeddable":true,"href":"https:\/\/rental.digitalazul.pt\/en\/wp-json\/wp\/v2\/media\/5558"}],"wp:attachment":[{"href":"https:\/\/rental.digitalazul.pt\/en\/wp-json\/wp\/v2\/media?parent=5556"}],"wp:term":[{"taxonomy":"product_cat","embeddable":true,"href":"https:\/\/rental.digitalazul.pt\/en\/wp-json\/wp\/v2\/product_cat?post=5556"},{"taxonomy":"product_tag","embeddable":true,"href":"https:\/\/rental.digitalazul.pt\/en\/wp-json\/wp\/v2\/product_tag?post=5556"}],"curies":[{"name":"wp","href":"https:\/\/api.w.org\/{rel}","templated":true}]}}