{"id":6117,"date":"2020-03-02T16:05:04","date_gmt":"2020-03-02T16:05:04","guid":{"rendered":"https:\/\/rental.digitalazul.pt\/?post_type=product&#038;p=6117"},"modified":"2025-05-12T16:55:37","modified_gmt":"2025-05-12T15:55:37","slug":"kit-sony-fx9-3-objectivas-canon-cn-e-cine-prime-ef","status":"publish","type":"product","link":"https:\/\/rental.digitalazul.pt\/en\/produto\/kit-sony-fx9-3-objectivas-canon-cn-e-cine-prime-ef\/","title":{"rendered":"Kit Sony FX9 + 3 Objectivas Canon CN-E Cine Prime &#8211; EF"},"content":{"rendered":"","protected":false},"excerpt":{"rendered":"","protected":false},"featured_media":6119,"template":"","meta":[],"product_cat":[529],"product_tag":[449,450,451,452,447,448,116],"class_list":{"0":"post-6117","1":"product","2":"type-product","3":"status-publish","4":"has-post-thumbnail","6":"product_cat-kits-en","7":"product_tag-fs7m2-en","8":"product_tag-selp-18110g-en","9":"product_tag-selp18110g-en","10":"product_tag-fs7-ii-en","11":"product_tag-fs7-en","12":"product_tag-gm-en","13":"product_tag-sony-en","15":"first","16":"instock","17":"featured","18":"taxable","19":"shipping-taxable","20":"purchasable","21":"product-type-simple"},"acf":[],"yoast_head":"<!-- This site is optimized with the Yoast SEO plugin v23.2 - https:\/\/yoast.com\/wordpress\/plugins\/seo\/ -->\n<title>Aluguer Sony FX9 + 3 Objectivas Canon CN-E Cine Prime EF- Digital Azul<\/title>\n<meta name=\"description\" content=\"A Sony FX9 \u00e9 a c\u00e2mara ideal para document\u00e1rios, publicidade e institucionais dispon\u00edvel para aluguer na Digital Azul, com 6 objectivas Canon CN-E Cine Prime\" \/>\n<meta name=\"robots\" content=\"index, follow, max-snippet:-1, max-image-preview:large, max-video-preview:-1\" \/>\n<link rel=\"canonical\" href=\"https:\/\/rental.digitalazul.pt\/en\/produto\/kit-sony-fx9-3-objectivas-canon-cn-e-cine-prime-ef\/\" \/>\n<meta property=\"og:locale\" content=\"en_US\" \/>\n<meta property=\"og:type\" content=\"article\" \/>\n<meta property=\"og:title\" content=\"Aluguer Sony FX9 + 3 Objectivas Canon CN-E Cine Prime EF- Digital Azul\" \/>\n<meta property=\"og:description\" content=\"A Sony FX9 \u00e9 a c\u00e2mara ideal para document\u00e1rios, publicidade e institucionais dispon\u00edvel para aluguer na Digital Azul, com 6 objectivas Canon CN-E Cine Prime\" \/>\n<meta property=\"og:url\" content=\"https:\/\/rental.digitalazul.pt\/en\/produto\/kit-sony-fx9-3-objectivas-canon-cn-e-cine-prime-ef\/\" \/>\n<meta property=\"og:site_name\" content=\"Digital Azul\" \/>\n<meta property=\"article:publisher\" content=\"https:\/\/www.facebook.com\/DigitalAzul\" \/>\n<meta property=\"article:modified_time\" content=\"2025-05-12T15:55:37+00:00\" \/>\n<meta property=\"og:image\" content=\"https:\/\/rental.digitalazul.pt\/wp-content\/uploads\/2020\/03\/Kit-Sony-FX9-3-Lenses-Canon-CN-E-Cine-Prime-EF-\u2013-for-rent-at-Digital-Azul-\u2013-Portugal.jpg\" \/>\n\t<meta property=\"og:image:width\" content=\"1600\" \/>\n\t<meta property=\"og:image:height\" content=\"1600\" \/>\n\t<meta property=\"og:image:type\" content=\"image\/jpeg\" \/>\n<meta name=\"twitter:card\" content=\"summary_large_image\" \/>\n<meta name=\"twitter:label1\" content=\"Est. reading time\" \/>\n\t<meta name=\"twitter:data1\" content=\"1 minute\" \/>\n<script type=\"application\/ld+json\" class=\"yoast-schema-graph\">{\"@context\":\"https:\/\/schema.org\",\"@graph\":[{\"@type\":\"WebPage\",\"@id\":\"https:\/\/rental.digitalazul.pt\/en\/produto\/kit-sony-fx9-3-objectivas-canon-cn-e-cine-prime-ef\/\",\"url\":\"https:\/\/rental.digitalazul.pt\/en\/produto\/kit-sony-fx9-3-objectivas-canon-cn-e-cine-prime-ef\/\",\"name\":\"Aluguer Sony FX9 + 3 Objectivas Canon CN-E Cine Prime EF- Digital Azul\",\"isPartOf\":{\"@id\":\"https:\/\/rental.digitalazul.pt\/en\/#website\"},\"primaryImageOfPage\":{\"@id\":\"https:\/\/rental.digitalazul.pt\/en\/produto\/kit-sony-fx9-3-objectivas-canon-cn-e-cine-prime-ef\/#primaryimage\"},\"image\":{\"@id\":\"https:\/\/rental.digitalazul.pt\/en\/produto\/kit-sony-fx9-3-objectivas-canon-cn-e-cine-prime-ef\/#primaryimage\"},\"thumbnailUrl\":\"https:\/\/rental.digitalazul.pt\/wp-content\/uploads\/2020\/03\/Kit-Sony-FX9-3-Lenses-Canon-CN-E-Cine-Prime-EF-\u2013-for-rent-at-Digital-Azul-\u2013-Portugal.jpg\",\"datePublished\":\"2020-03-02T16:05:04+00:00\",\"dateModified\":\"2025-05-12T15:55:37+00:00\",\"description\":\"A Sony FX9 \u00e9 a c\u00e2mara ideal para document\u00e1rios, publicidade e institucionais dispon\u00edvel para aluguer na Digital Azul, com 6 objectivas Canon CN-E Cine Prime\",\"breadcrumb\":{\"@id\":\"https:\/\/rental.digitalazul.pt\/en\/produto\/kit-sony-fx9-3-objectivas-canon-cn-e-cine-prime-ef\/#breadcrumb\"},\"inLanguage\":\"en-US\",\"potentialAction\":[{\"@type\":\"ReadAction\",\"target\":[\"https:\/\/rental.digitalazul.pt\/en\/produto\/kit-sony-fx9-3-objectivas-canon-cn-e-cine-prime-ef\/\"]}]},{\"@type\":\"ImageObject\",\"inLanguage\":\"en-US\",\"@id\":\"https:\/\/rental.digitalazul.pt\/en\/produto\/kit-sony-fx9-3-objectivas-canon-cn-e-cine-prime-ef\/#primaryimage\",\"url\":\"https:\/\/rental.digitalazul.pt\/wp-content\/uploads\/2020\/03\/Kit-Sony-FX9-3-Lenses-Canon-CN-E-Cine-Prime-EF-\u2013-for-rent-at-Digital-Azul-\u2013-Portugal.jpg\",\"contentUrl\":\"https:\/\/rental.digitalazul.pt\/wp-content\/uploads\/2020\/03\/Kit-Sony-FX9-3-Lenses-Canon-CN-E-Cine-Prime-EF-\u2013-for-rent-at-Digital-Azul-\u2013-Portugal.jpg\",\"width\":1600,\"height\":1600},{\"@type\":\"BreadcrumbList\",\"@id\":\"https:\/\/rental.digitalazul.pt\/en\/produto\/kit-sony-fx9-3-objectivas-canon-cn-e-cine-prime-ef\/#breadcrumb\",\"itemListElement\":[{\"@type\":\"ListItem\",\"position\":1,\"name\":\"Home\",\"item\":\"https:\/\/rental.digitalazul.pt\/en\/\"},{\"@type\":\"ListItem\",\"position\":2,\"name\":\"Categories\",\"item\":\"https:\/\/rental.digitalazul.pt\/en\/categories\/\"},{\"@type\":\"ListItem\",\"position\":3,\"name\":\"Kit Sony FX9 + 3 Objectivas Canon CN-E Cine Prime &#8211; EF\"}]},{\"@type\":\"WebSite\",\"@id\":\"https:\/\/rental.digitalazul.pt\/en\/#website\",\"url\":\"https:\/\/rental.digitalazul.pt\/en\/\",\"name\":\"Digital Azul\",\"description\":\"Rental Catalogue\",\"potentialAction\":[{\"@type\":\"SearchAction\",\"target\":{\"@type\":\"EntryPoint\",\"urlTemplate\":\"https:\/\/rental.digitalazul.pt\/en\/?s={search_term_string}\"},\"query-input\":\"required name=search_term_string\"}],\"inLanguage\":\"en-US\"}]}<\/script>\n<!-- \/ Yoast SEO plugin. -->","yoast_head_json":{"title":"Aluguer Sony FX9 + 3 Objectivas Canon CN-E Cine Prime EF- Digital Azul","description":"A Sony FX9 \u00e9 a c\u00e2mara ideal para document\u00e1rios, publicidade e institucionais dispon\u00edvel para aluguer na Digital Azul, com 6 objectivas Canon CN-E Cine Prime","robots":{"index":"index","follow":"follow","max-snippet":"max-snippet:-1","max-image-preview":"max-image-preview:large","max-video-preview":"max-video-preview:-1"},"canonical":"https:\/\/rental.digitalazul.pt\/en\/produto\/kit-sony-fx9-3-objectivas-canon-cn-e-cine-prime-ef\/","og_locale":"en_US","og_type":"article","og_title":"Aluguer Sony FX9 + 3 Objectivas Canon CN-E Cine Prime EF- Digital Azul","og_description":"A Sony FX9 \u00e9 a c\u00e2mara ideal para document\u00e1rios, publicidade e institucionais dispon\u00edvel para aluguer na Digital Azul, com 6 objectivas Canon CN-E Cine Prime","og_url":"https:\/\/rental.digitalazul.pt\/en\/produto\/kit-sony-fx9-3-objectivas-canon-cn-e-cine-prime-ef\/","og_site_name":"Digital Azul","article_publisher":"https:\/\/www.facebook.com\/DigitalAzul","article_modified_time":"2025-05-12T15:55:37+00:00","og_image":[{"width":1600,"height":1600,"url":"https:\/\/rental.digitalazul.pt\/wp-content\/uploads\/2020\/03\/Kit-Sony-FX9-3-Lenses-Canon-CN-E-Cine-Prime-EF-\u2013-for-rent-at-Digital-Azul-\u2013-Portugal.jpg","type":"image\/jpeg"}],"twitter_card":"summary_large_image","twitter_misc":{"Est. reading time":"1 minute"},"schema":{"@context":"https:\/\/schema.org","@graph":[{"@type":"WebPage","@id":"https:\/\/rental.digitalazul.pt\/en\/produto\/kit-sony-fx9-3-objectivas-canon-cn-e-cine-prime-ef\/","url":"https:\/\/rental.digitalazul.pt\/en\/produto\/kit-sony-fx9-3-objectivas-canon-cn-e-cine-prime-ef\/","name":"Aluguer Sony FX9 + 3 Objectivas Canon CN-E Cine Prime EF- Digital Azul","isPartOf":{"@id":"https:\/\/rental.digitalazul.pt\/en\/#website"},"primaryImageOfPage":{"@id":"https:\/\/rental.digitalazul.pt\/en\/produto\/kit-sony-fx9-3-objectivas-canon-cn-e-cine-prime-ef\/#primaryimage"},"image":{"@id":"https:\/\/rental.digitalazul.pt\/en\/produto\/kit-sony-fx9-3-objectivas-canon-cn-e-cine-prime-ef\/#primaryimage"},"thumbnailUrl":"https:\/\/rental.digitalazul.pt\/wp-content\/uploads\/2020\/03\/Kit-Sony-FX9-3-Lenses-Canon-CN-E-Cine-Prime-EF-\u2013-for-rent-at-Digital-Azul-\u2013-Portugal.jpg","datePublished":"2020-03-02T16:05:04+00:00","dateModified":"2025-05-12T15:55:37+00:00","description":"A Sony FX9 \u00e9 a c\u00e2mara ideal para document\u00e1rios, publicidade e institucionais dispon\u00edvel para aluguer na Digital Azul, com 6 objectivas Canon CN-E Cine Prime","breadcrumb":{"@id":"https:\/\/rental.digitalazul.pt\/en\/produto\/kit-sony-fx9-3-objectivas-canon-cn-e-cine-prime-ef\/#breadcrumb"},"inLanguage":"en-US","potentialAction":[{"@type":"ReadAction","target":["https:\/\/rental.digitalazul.pt\/en\/produto\/kit-sony-fx9-3-objectivas-canon-cn-e-cine-prime-ef\/"]}]},{"@type":"ImageObject","inLanguage":"en-US","@id":"https:\/\/rental.digitalazul.pt\/en\/produto\/kit-sony-fx9-3-objectivas-canon-cn-e-cine-prime-ef\/#primaryimage","url":"https:\/\/rental.digitalazul.pt\/wp-content\/uploads\/2020\/03\/Kit-Sony-FX9-3-Lenses-Canon-CN-E-Cine-Prime-EF-\u2013-for-rent-at-Digital-Azul-\u2013-Portugal.jpg","contentUrl":"https:\/\/rental.digitalazul.pt\/wp-content\/uploads\/2020\/03\/Kit-Sony-FX9-3-Lenses-Canon-CN-E-Cine-Prime-EF-\u2013-for-rent-at-Digital-Azul-\u2013-Portugal.jpg","width":1600,"height":1600},{"@type":"BreadcrumbList","@id":"https:\/\/rental.digitalazul.pt\/en\/produto\/kit-sony-fx9-3-objectivas-canon-cn-e-cine-prime-ef\/#breadcrumb","itemListElement":[{"@type":"ListItem","position":1,"name":"Home","item":"https:\/\/rental.digitalazul.pt\/en\/"},{"@type":"ListItem","position":2,"name":"Categories","item":"https:\/\/rental.digitalazul.pt\/en\/categories\/"},{"@type":"ListItem","position":3,"name":"Kit Sony FX9 + 3 Objectivas Canon CN-E Cine Prime &#8211; EF"}]},{"@type":"WebSite","@id":"https:\/\/rental.digitalazul.pt\/en\/#website","url":"https:\/\/rental.digitalazul.pt\/en\/","name":"Digital Azul","description":"Rental Catalogue","potentialAction":[{"@type":"SearchAction","target":{"@type":"EntryPoint","urlTemplate":"https:\/\/rental.digitalazul.pt\/en\/?s={search_term_string}"},"query-input":"required name=search_term_string"}],"inLanguage":"en-US"}]}},"_links":{"self":[{"href":"https:\/\/rental.digitalazul.pt\/en\/wp-json\/wp\/v2\/product\/6117"}],"collection":[{"href":"https:\/\/rental.digitalazul.pt\/en\/wp-json\/wp\/v2\/product"}],"about":[{"href":"https:\/\/rental.digitalazul.pt\/en\/wp-json\/wp\/v2\/types\/product"}],"wp:featuredmedia":[{"embeddable":true,"href":"https:\/\/rental.digitalazul.pt\/en\/wp-json\/wp\/v2\/media\/6119"}],"wp:attachment":[{"href":"https:\/\/rental.digitalazul.pt\/en\/wp-json\/wp\/v2\/media?parent=6117"}],"wp:term":[{"taxonomy":"product_cat","embeddable":true,"href":"https:\/\/rental.digitalazul.pt\/en\/wp-json\/wp\/v2\/product_cat?post=6117"},{"taxonomy":"product_tag","embeddable":true,"href":"https:\/\/rental.digitalazul.pt\/en\/wp-json\/wp\/v2\/product_tag?post=6117"}],"curies":[{"name":"wp","href":"https:\/\/api.w.org\/{rel}","templated":true}]}}