{"id":7392,"date":"2021-08-03T16:12:04","date_gmt":"2021-08-03T15:12:04","guid":{"rendered":"https:\/\/rental.digitalazul.pt\/?post_type=product&#038;p=7392"},"modified":"2025-04-30T11:49:04","modified_gmt":"2025-04-30T10:49:04","slug":"lu4000-servidor-de-recepcao-4x-canais-hd-ou-1x-4k-liveu","status":"publish","type":"product","link":"https:\/\/rental.digitalazul.pt\/en\/produto\/lu4000-servidor-de-recepcao-4x-canais-hd-ou-1x-4k-liveu\/","title":{"rendered":"LU4000 Servidor de Recep\u00e7\u00e3o: 4x Canais HD ou 1x 4K &#8211; LiveU"},"content":{"rendered":"","protected":false},"excerpt":{"rendered":"<p>O LU4000 da LiveU \u00e9 um decoder de H.265 (HEVC) e H.264 de rack que permite receber at\u00e9 4 sinais HD s\u00edncronos e em simult\u00e2neo.<\/p>\n<p>Al\u00e9m de poder ser alugado para opera\u00e7\u00f5es no exterior, o LU4000 tamb\u00e9m pode ser utilizado remotamente atrav\u00e9s do Data Center da Digital Azul, o qual est\u00e1 conectado \u00e0 internet atrav\u00e9s de uma liga\u00e7\u00e3o redundante de alta capacidade.<\/p>\n<p>Os sinais recepcionados no LU4000 podem ser enviados para um player de Live Streaming e\/ou para redes sociais.<\/p>\n<p>Esta \u00e9 uma solu\u00e7\u00e3o Premium para garantir um transmiss\u00e3o de streaming com alta-qualidade e fiabilidade.<\/p>\n<p>Os sinais recepcionados podem tamb\u00e9m ser encaminhados para a nossa r\u00e9gie de produ\u00e7\u00e3o remota, a qual disp\u00f5em de um sistemas de realiza\u00e7\u00e3o multi-c\u00e2mara e de intercomunica\u00e7\u00e3o.<\/p>\n<p>A LiveU \u00e9 a marca mais utilizada por broadcasters para transmitir v\u00eddeo de alta qualidade desde qualquer parte do mundo.<\/p>\n<p>Single 4K\/Quad HD Decoder, for the Highest Video Quality<\/p>\n<p>The LU4000 bonded video decoder is used to receive, decode and playout any HEVC\/H.264 video streams of up to 4Kp50\/60; supporting sports broadcasters and innovative news teams wishing to deliver content from the field in the highest video quality available today.<\/p>\n","protected":false},"featured_media":7443,"template":"","meta":[],"product_cat":[520],"product_tag":[92],"class_list":{"0":"post-7392","1":"product","2":"type-product","3":"status-publish","4":"has-post-thumbnail","6":"product_cat-remote-production","7":"product_tag-cisco-en","9":"first","10":"instock","11":"taxable","12":"shipping-taxable","13":"purchasable","14":"product-type-simple"},"acf":[],"yoast_head":"<!-- This site is optimized with the Yoast SEO plugin v23.2 - https:\/\/yoast.com\/wordpress\/plugins\/seo\/ -->\n<title>LU4000 Servidor de Recep\u00e7\u00e3o: 4x Canais HD ou 1x 4K - LiveU &#8212; dispon\u00edvel para aluguer &#8212; Digital Azul<\/title>\n<meta name=\"description\" content=\"Servidor da LiveU para a recep\u00e7\u00e3o de at\u00e9 4 sinais HD em simultan\u00eao. Dispon\u00edvel para aluguer.\" \/>\n<meta name=\"robots\" content=\"index, follow, max-snippet:-1, max-image-preview:large, max-video-preview:-1\" \/>\n<link rel=\"canonical\" href=\"https:\/\/rental.digitalazul.pt\/en\/produto\/lu4000-servidor-de-recepcao-4x-canais-hd-ou-1x-4k-liveu\/\" \/>\n<meta property=\"og:locale\" content=\"en_US\" \/>\n<meta property=\"og:type\" content=\"article\" \/>\n<meta property=\"og:title\" content=\"LU4000 Servidor de Recep\u00e7\u00e3o: 4x Canais HD ou 1x 4K - LiveU &#8212; dispon\u00edvel para aluguer &#8212; Digital Azul\" \/>\n<meta property=\"og:description\" content=\"Servidor da LiveU para a recep\u00e7\u00e3o de at\u00e9 4 sinais HD em simultan\u00eao. Dispon\u00edvel para aluguer.\" \/>\n<meta property=\"og:url\" content=\"https:\/\/rental.digitalazul.pt\/en\/produto\/lu4000-servidor-de-recepcao-4x-canais-hd-ou-1x-4k-liveu\/\" \/>\n<meta property=\"og:site_name\" content=\"Digital Azul\" \/>\n<meta property=\"article:publisher\" content=\"https:\/\/www.facebook.com\/DigitalAzul\" \/>\n<meta property=\"article:modified_time\" content=\"2025-04-30T10:49:04+00:00\" \/>\n<meta property=\"og:image\" content=\"https:\/\/rental.digitalazul.pt\/wp-content\/uploads\/2021\/08\/LU4000-LIVEU-DECODER.jpg\" \/>\n\t<meta property=\"og:image:width\" content=\"1200\" \/>\n\t<meta property=\"og:image:height\" content=\"1200\" \/>\n\t<meta property=\"og:image:type\" content=\"image\/jpeg\" \/>\n<meta name=\"twitter:card\" content=\"summary_large_image\" \/>\n<meta name=\"twitter:label1\" content=\"Est. reading time\" \/>\n\t<meta name=\"twitter:data1\" content=\"1 minute\" \/>\n<script type=\"application\/ld+json\" class=\"yoast-schema-graph\">{\"@context\":\"https:\/\/schema.org\",\"@graph\":[{\"@type\":\"WebPage\",\"@id\":\"https:\/\/rental.digitalazul.pt\/en\/produto\/lu4000-servidor-de-recepcao-4x-canais-hd-ou-1x-4k-liveu\/\",\"url\":\"https:\/\/rental.digitalazul.pt\/en\/produto\/lu4000-servidor-de-recepcao-4x-canais-hd-ou-1x-4k-liveu\/\",\"name\":\"LU4000 Servidor de Recep\u00e7\u00e3o: 4x Canais HD ou 1x 4K - LiveU &#8212; dispon\u00edvel para aluguer &#8212; Digital Azul\",\"isPartOf\":{\"@id\":\"https:\/\/rental.digitalazul.pt\/en\/#website\"},\"primaryImageOfPage\":{\"@id\":\"https:\/\/rental.digitalazul.pt\/en\/produto\/lu4000-servidor-de-recepcao-4x-canais-hd-ou-1x-4k-liveu\/#primaryimage\"},\"image\":{\"@id\":\"https:\/\/rental.digitalazul.pt\/en\/produto\/lu4000-servidor-de-recepcao-4x-canais-hd-ou-1x-4k-liveu\/#primaryimage\"},\"thumbnailUrl\":\"https:\/\/rental.digitalazul.pt\/wp-content\/uploads\/2021\/08\/LU4000-LIVEU-DECODER.jpg\",\"datePublished\":\"2021-08-03T15:12:04+00:00\",\"dateModified\":\"2025-04-30T10:49:04+00:00\",\"description\":\"Servidor da LiveU para a recep\u00e7\u00e3o de at\u00e9 4 sinais HD em simultan\u00eao. Dispon\u00edvel para aluguer.\",\"breadcrumb\":{\"@id\":\"https:\/\/rental.digitalazul.pt\/en\/produto\/lu4000-servidor-de-recepcao-4x-canais-hd-ou-1x-4k-liveu\/#breadcrumb\"},\"inLanguage\":\"en-US\",\"potentialAction\":[{\"@type\":\"ReadAction\",\"target\":[\"https:\/\/rental.digitalazul.pt\/en\/produto\/lu4000-servidor-de-recepcao-4x-canais-hd-ou-1x-4k-liveu\/\"]}]},{\"@type\":\"ImageObject\",\"inLanguage\":\"en-US\",\"@id\":\"https:\/\/rental.digitalazul.pt\/en\/produto\/lu4000-servidor-de-recepcao-4x-canais-hd-ou-1x-4k-liveu\/#primaryimage\",\"url\":\"https:\/\/rental.digitalazul.pt\/wp-content\/uploads\/2021\/08\/LU4000-LIVEU-DECODER.jpg\",\"contentUrl\":\"https:\/\/rental.digitalazul.pt\/wp-content\/uploads\/2021\/08\/LU4000-LIVEU-DECODER.jpg\",\"width\":1200,\"height\":1200,\"caption\":\"LU4000 LiveU decoder\"},{\"@type\":\"BreadcrumbList\",\"@id\":\"https:\/\/rental.digitalazul.pt\/en\/produto\/lu4000-servidor-de-recepcao-4x-canais-hd-ou-1x-4k-liveu\/#breadcrumb\",\"itemListElement\":[{\"@type\":\"ListItem\",\"position\":1,\"name\":\"Home\",\"item\":\"https:\/\/rental.digitalazul.pt\/en\/\"},{\"@type\":\"ListItem\",\"position\":2,\"name\":\"Categories\",\"item\":\"https:\/\/rental.digitalazul.pt\/en\/categories\/\"},{\"@type\":\"ListItem\",\"position\":3,\"name\":\"LU4000 Servidor de Recep\u00e7\u00e3o: 4x Canais HD ou 1x 4K &#8211; LiveU\"}]},{\"@type\":\"WebSite\",\"@id\":\"https:\/\/rental.digitalazul.pt\/en\/#website\",\"url\":\"https:\/\/rental.digitalazul.pt\/en\/\",\"name\":\"Digital Azul\",\"description\":\"Rental Catalogue\",\"potentialAction\":[{\"@type\":\"SearchAction\",\"target\":{\"@type\":\"EntryPoint\",\"urlTemplate\":\"https:\/\/rental.digitalazul.pt\/en\/?s={search_term_string}\"},\"query-input\":\"required name=search_term_string\"}],\"inLanguage\":\"en-US\"}]}<\/script>\n<!-- \/ Yoast SEO plugin. -->","yoast_head_json":{"title":"LU4000 Servidor de Recep\u00e7\u00e3o: 4x Canais HD ou 1x 4K - LiveU &#8212; dispon\u00edvel para aluguer &#8212; Digital Azul","description":"Servidor da LiveU para a recep\u00e7\u00e3o de at\u00e9 4 sinais HD em simultan\u00eao. Dispon\u00edvel para aluguer.","robots":{"index":"index","follow":"follow","max-snippet":"max-snippet:-1","max-image-preview":"max-image-preview:large","max-video-preview":"max-video-preview:-1"},"canonical":"https:\/\/rental.digitalazul.pt\/en\/produto\/lu4000-servidor-de-recepcao-4x-canais-hd-ou-1x-4k-liveu\/","og_locale":"en_US","og_type":"article","og_title":"LU4000 Servidor de Recep\u00e7\u00e3o: 4x Canais HD ou 1x 4K - LiveU &#8212; dispon\u00edvel para aluguer &#8212; Digital Azul","og_description":"Servidor da LiveU para a recep\u00e7\u00e3o de at\u00e9 4 sinais HD em simultan\u00eao. Dispon\u00edvel para aluguer.","og_url":"https:\/\/rental.digitalazul.pt\/en\/produto\/lu4000-servidor-de-recepcao-4x-canais-hd-ou-1x-4k-liveu\/","og_site_name":"Digital Azul","article_publisher":"https:\/\/www.facebook.com\/DigitalAzul","article_modified_time":"2025-04-30T10:49:04+00:00","og_image":[{"width":1200,"height":1200,"url":"https:\/\/rental.digitalazul.pt\/wp-content\/uploads\/2021\/08\/LU4000-LIVEU-DECODER.jpg","type":"image\/jpeg"}],"twitter_card":"summary_large_image","twitter_misc":{"Est. reading time":"1 minute"},"schema":{"@context":"https:\/\/schema.org","@graph":[{"@type":"WebPage","@id":"https:\/\/rental.digitalazul.pt\/en\/produto\/lu4000-servidor-de-recepcao-4x-canais-hd-ou-1x-4k-liveu\/","url":"https:\/\/rental.digitalazul.pt\/en\/produto\/lu4000-servidor-de-recepcao-4x-canais-hd-ou-1x-4k-liveu\/","name":"LU4000 Servidor de Recep\u00e7\u00e3o: 4x Canais HD ou 1x 4K - LiveU &#8212; dispon\u00edvel para aluguer &#8212; Digital Azul","isPartOf":{"@id":"https:\/\/rental.digitalazul.pt\/en\/#website"},"primaryImageOfPage":{"@id":"https:\/\/rental.digitalazul.pt\/en\/produto\/lu4000-servidor-de-recepcao-4x-canais-hd-ou-1x-4k-liveu\/#primaryimage"},"image":{"@id":"https:\/\/rental.digitalazul.pt\/en\/produto\/lu4000-servidor-de-recepcao-4x-canais-hd-ou-1x-4k-liveu\/#primaryimage"},"thumbnailUrl":"https:\/\/rental.digitalazul.pt\/wp-content\/uploads\/2021\/08\/LU4000-LIVEU-DECODER.jpg","datePublished":"2021-08-03T15:12:04+00:00","dateModified":"2025-04-30T10:49:04+00:00","description":"Servidor da LiveU para a recep\u00e7\u00e3o de at\u00e9 4 sinais HD em simultan\u00eao. Dispon\u00edvel para aluguer.","breadcrumb":{"@id":"https:\/\/rental.digitalazul.pt\/en\/produto\/lu4000-servidor-de-recepcao-4x-canais-hd-ou-1x-4k-liveu\/#breadcrumb"},"inLanguage":"en-US","potentialAction":[{"@type":"ReadAction","target":["https:\/\/rental.digitalazul.pt\/en\/produto\/lu4000-servidor-de-recepcao-4x-canais-hd-ou-1x-4k-liveu\/"]}]},{"@type":"ImageObject","inLanguage":"en-US","@id":"https:\/\/rental.digitalazul.pt\/en\/produto\/lu4000-servidor-de-recepcao-4x-canais-hd-ou-1x-4k-liveu\/#primaryimage","url":"https:\/\/rental.digitalazul.pt\/wp-content\/uploads\/2021\/08\/LU4000-LIVEU-DECODER.jpg","contentUrl":"https:\/\/rental.digitalazul.pt\/wp-content\/uploads\/2021\/08\/LU4000-LIVEU-DECODER.jpg","width":1200,"height":1200,"caption":"LU4000 LiveU decoder"},{"@type":"BreadcrumbList","@id":"https:\/\/rental.digitalazul.pt\/en\/produto\/lu4000-servidor-de-recepcao-4x-canais-hd-ou-1x-4k-liveu\/#breadcrumb","itemListElement":[{"@type":"ListItem","position":1,"name":"Home","item":"https:\/\/rental.digitalazul.pt\/en\/"},{"@type":"ListItem","position":2,"name":"Categories","item":"https:\/\/rental.digitalazul.pt\/en\/categories\/"},{"@type":"ListItem","position":3,"name":"LU4000 Servidor de Recep\u00e7\u00e3o: 4x Canais HD ou 1x 4K &#8211; LiveU"}]},{"@type":"WebSite","@id":"https:\/\/rental.digitalazul.pt\/en\/#website","url":"https:\/\/rental.digitalazul.pt\/en\/","name":"Digital Azul","description":"Rental Catalogue","potentialAction":[{"@type":"SearchAction","target":{"@type":"EntryPoint","urlTemplate":"https:\/\/rental.digitalazul.pt\/en\/?s={search_term_string}"},"query-input":"required name=search_term_string"}],"inLanguage":"en-US"}]}},"_links":{"self":[{"href":"https:\/\/rental.digitalazul.pt\/en\/wp-json\/wp\/v2\/product\/7392"}],"collection":[{"href":"https:\/\/rental.digitalazul.pt\/en\/wp-json\/wp\/v2\/product"}],"about":[{"href":"https:\/\/rental.digitalazul.pt\/en\/wp-json\/wp\/v2\/types\/product"}],"wp:featuredmedia":[{"embeddable":true,"href":"https:\/\/rental.digitalazul.pt\/en\/wp-json\/wp\/v2\/media\/7443"}],"wp:attachment":[{"href":"https:\/\/rental.digitalazul.pt\/en\/wp-json\/wp\/v2\/media?parent=7392"}],"wp:term":[{"taxonomy":"product_cat","embeddable":true,"href":"https:\/\/rental.digitalazul.pt\/en\/wp-json\/wp\/v2\/product_cat?post=7392"},{"taxonomy":"product_tag","embeddable":true,"href":"https:\/\/rental.digitalazul.pt\/en\/wp-json\/wp\/v2\/product_tag?post=7392"}],"curies":[{"name":"wp","href":"https:\/\/api.w.org\/{rel}","templated":true}]}}