{"id":7401,"date":"2021-08-05T16:34:29","date_gmt":"2021-08-05T15:34:29","guid":{"rendered":"https:\/\/rental.digitalazul.pt\/?post_type=product&#038;p=7401"},"modified":"2021-08-05T17:07:50","modified_gmt":"2021-08-05T16:07:50","slug":"kit-2-objectivas-fujinon-mk-t2-9-lens-e-mount-18-55mm-e-50-135mm","status":"publish","type":"product","link":"https:\/\/rental.digitalazul.pt\/en\/produto\/kit-2-objectivas-fujinon-mk-t2-9-lens-e-mount-18-55mm-e-50-135mm\/","title":{"rendered":"Kit 2 Fujinon MK T2.9 Lenses &#8211; E Mount (18-55mm e 50-135mm)"},"content":{"rendered":"","protected":false},"excerpt":{"rendered":"","protected":false},"featured_media":7403,"template":"","meta":[],"product_cat":[77],"product_tag":[91],"class_list":{"0":"post-7401","1":"product","2":"type-product","3":"status-publish","4":"has-post-thumbnail","6":"product_cat-cinema-video-lenses-for-rent-hire-in-lisbon-portugal-at-digital-azul","7":"product_tag-canon-en","9":"first","10":"instock","11":"taxable","12":"shipping-taxable","13":"purchasable","14":"product-type-simple"},"acf":[],"yoast_head":"<!-- This site is optimized with the Yoast SEO plugin v23.2 - https:\/\/yoast.com\/wordpress\/plugins\/seo\/ -->\n<title>Aluguer de 2 objectivas Fujinon MK T2.9 (18-55mm e 50-135mm) \u2014 Digital Azul<\/title>\n<meta name=\"description\" content=\"As objectivas Fujinon MK T2.9 s\u00e3o lentes zoom de cinema para c\u00e2maras E-mount com um sensor de tamanho Super 35mm, dispon\u00edveis para alugar na Digital Azul.\" \/>\n<meta name=\"robots\" content=\"index, follow, max-snippet:-1, max-image-preview:large, max-video-preview:-1\" \/>\n<link rel=\"canonical\" href=\"https:\/\/rental.digitalazul.pt\/en\/produto\/kit-2-objectivas-fujinon-mk-t2-9-lens-e-mount-18-55mm-e-50-135mm\/\" \/>\n<meta property=\"og:locale\" content=\"en_US\" \/>\n<meta property=\"og:type\" content=\"article\" \/>\n<meta property=\"og:title\" content=\"Aluguer de 2 objectivas Fujinon MK T2.9 (18-55mm e 50-135mm) \u2014 Digital Azul\" \/>\n<meta property=\"og:description\" content=\"As objectivas Fujinon MK T2.9 s\u00e3o lentes zoom de cinema para c\u00e2maras E-mount com um sensor de tamanho Super 35mm, dispon\u00edveis para alugar na Digital Azul.\" \/>\n<meta property=\"og:url\" content=\"https:\/\/rental.digitalazul.pt\/en\/produto\/kit-2-objectivas-fujinon-mk-t2-9-lens-e-mount-18-55mm-e-50-135mm\/\" \/>\n<meta property=\"og:site_name\" content=\"Digital Azul\" \/>\n<meta property=\"article:publisher\" content=\"https:\/\/www.facebook.com\/DigitalAzul\" \/>\n<meta property=\"article:modified_time\" content=\"2021-08-05T16:07:50+00:00\" \/>\n<meta property=\"og:image\" content=\"https:\/\/rental.digitalazul.pt\/wp-content\/uploads\/2021\/08\/Kit_Fujinon-MK.jpg\" \/>\n\t<meta property=\"og:image:width\" content=\"1200\" \/>\n\t<meta property=\"og:image:height\" content=\"1200\" \/>\n\t<meta property=\"og:image:type\" content=\"image\/jpeg\" \/>\n<meta name=\"twitter:card\" content=\"summary_large_image\" \/>\n<script type=\"application\/ld+json\" class=\"yoast-schema-graph\">{\"@context\":\"https:\/\/schema.org\",\"@graph\":[{\"@type\":\"WebPage\",\"@id\":\"https:\/\/rental.digitalazul.pt\/en\/produto\/kit-2-objectivas-fujinon-mk-t2-9-lens-e-mount-18-55mm-e-50-135mm\/\",\"url\":\"https:\/\/rental.digitalazul.pt\/en\/produto\/kit-2-objectivas-fujinon-mk-t2-9-lens-e-mount-18-55mm-e-50-135mm\/\",\"name\":\"Aluguer de 2 objectivas Fujinon MK T2.9 (18-55mm e 50-135mm) \u2014 Digital Azul\",\"isPartOf\":{\"@id\":\"https:\/\/rental.digitalazul.pt\/en\/#website\"},\"primaryImageOfPage\":{\"@id\":\"https:\/\/rental.digitalazul.pt\/en\/produto\/kit-2-objectivas-fujinon-mk-t2-9-lens-e-mount-18-55mm-e-50-135mm\/#primaryimage\"},\"image\":{\"@id\":\"https:\/\/rental.digitalazul.pt\/en\/produto\/kit-2-objectivas-fujinon-mk-t2-9-lens-e-mount-18-55mm-e-50-135mm\/#primaryimage\"},\"thumbnailUrl\":\"https:\/\/rental.digitalazul.pt\/wp-content\/uploads\/2021\/08\/Kit_Fujinon-MK.jpg\",\"datePublished\":\"2021-08-05T15:34:29+00:00\",\"dateModified\":\"2021-08-05T16:07:50+00:00\",\"description\":\"As objectivas Fujinon MK T2.9 s\u00e3o lentes zoom de cinema para c\u00e2maras E-mount com um sensor de tamanho Super 35mm, dispon\u00edveis para alugar na Digital Azul.\",\"breadcrumb\":{\"@id\":\"https:\/\/rental.digitalazul.pt\/en\/produto\/kit-2-objectivas-fujinon-mk-t2-9-lens-e-mount-18-55mm-e-50-135mm\/#breadcrumb\"},\"inLanguage\":\"en-US\",\"potentialAction\":[{\"@type\":\"ReadAction\",\"target\":[\"https:\/\/rental.digitalazul.pt\/en\/produto\/kit-2-objectivas-fujinon-mk-t2-9-lens-e-mount-18-55mm-e-50-135mm\/\"]}]},{\"@type\":\"ImageObject\",\"inLanguage\":\"en-US\",\"@id\":\"https:\/\/rental.digitalazul.pt\/en\/produto\/kit-2-objectivas-fujinon-mk-t2-9-lens-e-mount-18-55mm-e-50-135mm\/#primaryimage\",\"url\":\"https:\/\/rental.digitalazul.pt\/wp-content\/uploads\/2021\/08\/Kit_Fujinon-MK.jpg\",\"contentUrl\":\"https:\/\/rental.digitalazul.pt\/wp-content\/uploads\/2021\/08\/Kit_Fujinon-MK.jpg\",\"width\":1200,\"height\":1200},{\"@type\":\"BreadcrumbList\",\"@id\":\"https:\/\/rental.digitalazul.pt\/en\/produto\/kit-2-objectivas-fujinon-mk-t2-9-lens-e-mount-18-55mm-e-50-135mm\/#breadcrumb\",\"itemListElement\":[{\"@type\":\"ListItem\",\"position\":1,\"name\":\"Home\",\"item\":\"https:\/\/rental.digitalazul.pt\/en\/\"},{\"@type\":\"ListItem\",\"position\":2,\"name\":\"Categories\",\"item\":\"https:\/\/rental.digitalazul.pt\/en\/categories\/\"},{\"@type\":\"ListItem\",\"position\":3,\"name\":\"Kit 2 Fujinon MK T2.9 Lenses &#8211; E Mount (18-55mm e 50-135mm)\"}]},{\"@type\":\"WebSite\",\"@id\":\"https:\/\/rental.digitalazul.pt\/en\/#website\",\"url\":\"https:\/\/rental.digitalazul.pt\/en\/\",\"name\":\"Digital Azul\",\"description\":\"Rental Catalogue\",\"potentialAction\":[{\"@type\":\"SearchAction\",\"target\":{\"@type\":\"EntryPoint\",\"urlTemplate\":\"https:\/\/rental.digitalazul.pt\/en\/?s={search_term_string}\"},\"query-input\":\"required name=search_term_string\"}],\"inLanguage\":\"en-US\"}]}<\/script>\n<!-- \/ Yoast SEO plugin. -->","yoast_head_json":{"title":"Aluguer de 2 objectivas Fujinon MK T2.9 (18-55mm e 50-135mm) \u2014 Digital Azul","description":"As objectivas Fujinon MK T2.9 s\u00e3o lentes zoom de cinema para c\u00e2maras E-mount com um sensor de tamanho Super 35mm, dispon\u00edveis para alugar na Digital Azul.","robots":{"index":"index","follow":"follow","max-snippet":"max-snippet:-1","max-image-preview":"max-image-preview:large","max-video-preview":"max-video-preview:-1"},"canonical":"https:\/\/rental.digitalazul.pt\/en\/produto\/kit-2-objectivas-fujinon-mk-t2-9-lens-e-mount-18-55mm-e-50-135mm\/","og_locale":"en_US","og_type":"article","og_title":"Aluguer de 2 objectivas Fujinon MK T2.9 (18-55mm e 50-135mm) \u2014 Digital Azul","og_description":"As objectivas Fujinon MK T2.9 s\u00e3o lentes zoom de cinema para c\u00e2maras E-mount com um sensor de tamanho Super 35mm, dispon\u00edveis para alugar na Digital Azul.","og_url":"https:\/\/rental.digitalazul.pt\/en\/produto\/kit-2-objectivas-fujinon-mk-t2-9-lens-e-mount-18-55mm-e-50-135mm\/","og_site_name":"Digital Azul","article_publisher":"https:\/\/www.facebook.com\/DigitalAzul","article_modified_time":"2021-08-05T16:07:50+00:00","og_image":[{"width":1200,"height":1200,"url":"https:\/\/rental.digitalazul.pt\/wp-content\/uploads\/2021\/08\/Kit_Fujinon-MK.jpg","type":"image\/jpeg"}],"twitter_card":"summary_large_image","schema":{"@context":"https:\/\/schema.org","@graph":[{"@type":"WebPage","@id":"https:\/\/rental.digitalazul.pt\/en\/produto\/kit-2-objectivas-fujinon-mk-t2-9-lens-e-mount-18-55mm-e-50-135mm\/","url":"https:\/\/rental.digitalazul.pt\/en\/produto\/kit-2-objectivas-fujinon-mk-t2-9-lens-e-mount-18-55mm-e-50-135mm\/","name":"Aluguer de 2 objectivas Fujinon MK T2.9 (18-55mm e 50-135mm) \u2014 Digital Azul","isPartOf":{"@id":"https:\/\/rental.digitalazul.pt\/en\/#website"},"primaryImageOfPage":{"@id":"https:\/\/rental.digitalazul.pt\/en\/produto\/kit-2-objectivas-fujinon-mk-t2-9-lens-e-mount-18-55mm-e-50-135mm\/#primaryimage"},"image":{"@id":"https:\/\/rental.digitalazul.pt\/en\/produto\/kit-2-objectivas-fujinon-mk-t2-9-lens-e-mount-18-55mm-e-50-135mm\/#primaryimage"},"thumbnailUrl":"https:\/\/rental.digitalazul.pt\/wp-content\/uploads\/2021\/08\/Kit_Fujinon-MK.jpg","datePublished":"2021-08-05T15:34:29+00:00","dateModified":"2021-08-05T16:07:50+00:00","description":"As objectivas Fujinon MK T2.9 s\u00e3o lentes zoom de cinema para c\u00e2maras E-mount com um sensor de tamanho Super 35mm, dispon\u00edveis para alugar na Digital Azul.","breadcrumb":{"@id":"https:\/\/rental.digitalazul.pt\/en\/produto\/kit-2-objectivas-fujinon-mk-t2-9-lens-e-mount-18-55mm-e-50-135mm\/#breadcrumb"},"inLanguage":"en-US","potentialAction":[{"@type":"ReadAction","target":["https:\/\/rental.digitalazul.pt\/en\/produto\/kit-2-objectivas-fujinon-mk-t2-9-lens-e-mount-18-55mm-e-50-135mm\/"]}]},{"@type":"ImageObject","inLanguage":"en-US","@id":"https:\/\/rental.digitalazul.pt\/en\/produto\/kit-2-objectivas-fujinon-mk-t2-9-lens-e-mount-18-55mm-e-50-135mm\/#primaryimage","url":"https:\/\/rental.digitalazul.pt\/wp-content\/uploads\/2021\/08\/Kit_Fujinon-MK.jpg","contentUrl":"https:\/\/rental.digitalazul.pt\/wp-content\/uploads\/2021\/08\/Kit_Fujinon-MK.jpg","width":1200,"height":1200},{"@type":"BreadcrumbList","@id":"https:\/\/rental.digitalazul.pt\/en\/produto\/kit-2-objectivas-fujinon-mk-t2-9-lens-e-mount-18-55mm-e-50-135mm\/#breadcrumb","itemListElement":[{"@type":"ListItem","position":1,"name":"Home","item":"https:\/\/rental.digitalazul.pt\/en\/"},{"@type":"ListItem","position":2,"name":"Categories","item":"https:\/\/rental.digitalazul.pt\/en\/categories\/"},{"@type":"ListItem","position":3,"name":"Kit 2 Fujinon MK T2.9 Lenses &#8211; E Mount (18-55mm e 50-135mm)"}]},{"@type":"WebSite","@id":"https:\/\/rental.digitalazul.pt\/en\/#website","url":"https:\/\/rental.digitalazul.pt\/en\/","name":"Digital Azul","description":"Rental Catalogue","potentialAction":[{"@type":"SearchAction","target":{"@type":"EntryPoint","urlTemplate":"https:\/\/rental.digitalazul.pt\/en\/?s={search_term_string}"},"query-input":"required name=search_term_string"}],"inLanguage":"en-US"}]}},"_links":{"self":[{"href":"https:\/\/rental.digitalazul.pt\/en\/wp-json\/wp\/v2\/product\/7401"}],"collection":[{"href":"https:\/\/rental.digitalazul.pt\/en\/wp-json\/wp\/v2\/product"}],"about":[{"href":"https:\/\/rental.digitalazul.pt\/en\/wp-json\/wp\/v2\/types\/product"}],"wp:featuredmedia":[{"embeddable":true,"href":"https:\/\/rental.digitalazul.pt\/en\/wp-json\/wp\/v2\/media\/7403"}],"wp:attachment":[{"href":"https:\/\/rental.digitalazul.pt\/en\/wp-json\/wp\/v2\/media?parent=7401"}],"wp:term":[{"taxonomy":"product_cat","embeddable":true,"href":"https:\/\/rental.digitalazul.pt\/en\/wp-json\/wp\/v2\/product_cat?post=7401"},{"taxonomy":"product_tag","embeddable":true,"href":"https:\/\/rental.digitalazul.pt\/en\/wp-json\/wp\/v2\/product_tag?post=7401"}],"curies":[{"name":"wp","href":"https:\/\/api.w.org\/{rel}","templated":true}]}}