{"id":8061,"date":"2022-01-19T19:12:15","date_gmt":"2022-01-19T19:12:15","guid":{"rendered":"https:\/\/rental.digitalazul.pt\/?post_type=product&#038;p=8061"},"modified":"2025-04-30T12:05:10","modified_gmt":"2025-04-30T11:05:10","slug":"sala-de-producao-remota","status":"publish","type":"product","link":"https:\/\/rental.digitalazul.pt\/en\/produto\/sala-de-producao-remota\/","title":{"rendered":"Sala de Produ\u00e7\u00e3o Remota"},"content":{"rendered":"","protected":false},"excerpt":{"rendered":"<p>A nossa r\u00e9gie est\u00e1 preparada para a cobertura multi-c\u00e2mara de eventos ao vivo, sejam eles concertos, desportivos, noticiosos, de entretenimento ou empresariais. O nosso servi\u00e7o de produ\u00e7\u00e3o remota garante que a audi\u00eancia n\u00e3o perca um segundo da a\u00e7\u00e3o.<br \/>\nDesenvolvemos uma estrutura de servidores escal\u00e1veis e liga\u00e7\u00f5es IP de alta performance, capaz de receber e gerir sinais multi-canal com mistura de diversos inputs (grafismo, v\u00eddeo, audio) para emiss\u00e3o em multi-plataforma, desde plataformas de streaming a redes sociais e sistemas de videoconfer\u00eancia.<br \/>\nA nossa r\u00e9gie permite 1080p em 3G e est\u00e1 constru\u00edda com as melhores solu\u00e7\u00f5es de transmiss\u00e3o profissional. A nossa sala de controlo suporta 16 canais de v\u00eddeo, 24 de \u00e1udio e 18 canais de replay EVS. A integra\u00e7\u00e3o perfeita com as instala\u00e7\u00f5es do pr\u00f3prio centro de transmiss\u00e3o dos nossos clientes e uma equipa de produ\u00e7\u00e3o altamente experiente significa que podemos lidar com suporte ao vivo de ponta a ponta, inser\u00e7\u00e3o de an\u00fancios ao vivo e feeds complementares.<br \/>\nEsta r\u00e9gie est\u00e1 pronta a usar para operar o seu evento online \u00e0 dist\u00e2ncia \u2014 do seu evento ao est\u00fadio at\u00e9 ao ecr\u00e3 final, asseguramos uma transmiss\u00e3o de v\u00eddeo de alta qualidade com zero de atraso.<\/p>\n<p>Gra\u00e7as ao nosso ambiente de nuvem privada e sala de produ\u00e7\u00e3o remota, podemos estender o nosso alcance para oferecer suporte \u00e0 produ\u00e7\u00e3o ao vivo em qualquer parte do mundo.<\/p>\n","protected":false},"featured_media":8077,"template":"","meta":[],"product_cat":[520],"product_tag":[92],"class_list":{"0":"post-8061","1":"product","2":"type-product","3":"status-publish","4":"has-post-thumbnail","6":"product_cat-remote-production","7":"product_tag-cisco-en","9":"first","10":"instock","11":"taxable","12":"shipping-taxable","13":"product-type-simple"},"acf":[],"yoast_head":"<!-- This site is optimized with the Yoast SEO plugin v23.2 - https:\/\/yoast.com\/wordpress\/plugins\/seo\/ -->\n<title>Sala de Produ\u00e7\u00e3o Remota &#8212; dispon\u00edvel para aluguer &#8212; Digital Azul<\/title>\n<meta name=\"description\" content=\"Sala de Produ\u00e7\u00e3o Remota &#8212; dispon\u00edvel para aluguer &#8212; Digital Azul A nossa r\u00e9gie est\u00e1 preparada para a cobertura multi-c\u00e2mara de eventos ao vivo\" \/>\n<meta name=\"robots\" content=\"index, follow, max-snippet:-1, max-image-preview:large, max-video-preview:-1\" \/>\n<link rel=\"canonical\" href=\"https:\/\/rental.digitalazul.pt\/en\/produto\/sala-de-producao-remota\/\" \/>\n<meta property=\"og:locale\" content=\"en_US\" \/>\n<meta property=\"og:type\" content=\"article\" \/>\n<meta property=\"og:title\" content=\"Sala de Produ\u00e7\u00e3o Remota &#8212; dispon\u00edvel para aluguer &#8212; Digital Azul\" \/>\n<meta property=\"og:description\" content=\"Sala de Produ\u00e7\u00e3o Remota &#8212; dispon\u00edvel para aluguer &#8212; Digital Azul A nossa r\u00e9gie est\u00e1 preparada para a cobertura multi-c\u00e2mara de eventos ao vivo\" \/>\n<meta property=\"og:url\" content=\"https:\/\/rental.digitalazul.pt\/en\/produto\/sala-de-producao-remota\/\" \/>\n<meta property=\"og:site_name\" content=\"Digital Azul\" \/>\n<meta property=\"article:publisher\" content=\"https:\/\/www.facebook.com\/DigitalAzul\" \/>\n<meta property=\"article:modified_time\" content=\"2025-04-30T11:05:10+00:00\" \/>\n<meta property=\"og:image\" content=\"https:\/\/rental.digitalazul.pt\/wp-content\/uploads\/2022\/01\/Remote-Production-Studio-Digital-Azul.jpg\" \/>\n\t<meta property=\"og:image:width\" content=\"1200\" \/>\n\t<meta property=\"og:image:height\" content=\"1200\" \/>\n\t<meta property=\"og:image:type\" content=\"image\/jpeg\" \/>\n<meta name=\"twitter:card\" content=\"summary_large_image\" \/>\n<meta name=\"twitter:label1\" content=\"Est. reading time\" \/>\n\t<meta name=\"twitter:data1\" content=\"1 minute\" \/>\n<script type=\"application\/ld+json\" class=\"yoast-schema-graph\">{\"@context\":\"https:\/\/schema.org\",\"@graph\":[{\"@type\":\"WebPage\",\"@id\":\"https:\/\/rental.digitalazul.pt\/en\/produto\/sala-de-producao-remota\/\",\"url\":\"https:\/\/rental.digitalazul.pt\/en\/produto\/sala-de-producao-remota\/\",\"name\":\"Sala de Produ\u00e7\u00e3o Remota &#8212; dispon\u00edvel para aluguer &#8212; Digital Azul\",\"isPartOf\":{\"@id\":\"https:\/\/rental.digitalazul.pt\/en\/#website\"},\"primaryImageOfPage\":{\"@id\":\"https:\/\/rental.digitalazul.pt\/en\/produto\/sala-de-producao-remota\/#primaryimage\"},\"image\":{\"@id\":\"https:\/\/rental.digitalazul.pt\/en\/produto\/sala-de-producao-remota\/#primaryimage\"},\"thumbnailUrl\":\"https:\/\/rental.digitalazul.pt\/wp-content\/uploads\/2022\/01\/Remote-Production-Studio-Digital-Azul.jpg\",\"datePublished\":\"2022-01-19T19:12:15+00:00\",\"dateModified\":\"2025-04-30T11:05:10+00:00\",\"description\":\"Sala de Produ\u00e7\u00e3o Remota &#8212; dispon\u00edvel para aluguer &#8212; Digital Azul A nossa r\u00e9gie est\u00e1 preparada para a cobertura multi-c\u00e2mara de eventos ao vivo\",\"breadcrumb\":{\"@id\":\"https:\/\/rental.digitalazul.pt\/en\/produto\/sala-de-producao-remota\/#breadcrumb\"},\"inLanguage\":\"en-US\",\"potentialAction\":[{\"@type\":\"ReadAction\",\"target\":[\"https:\/\/rental.digitalazul.pt\/en\/produto\/sala-de-producao-remota\/\"]}]},{\"@type\":\"ImageObject\",\"inLanguage\":\"en-US\",\"@id\":\"https:\/\/rental.digitalazul.pt\/en\/produto\/sala-de-producao-remota\/#primaryimage\",\"url\":\"https:\/\/rental.digitalazul.pt\/wp-content\/uploads\/2022\/01\/Remote-Production-Studio-Digital-Azul.jpg\",\"contentUrl\":\"https:\/\/rental.digitalazul.pt\/wp-content\/uploads\/2022\/01\/Remote-Production-Studio-Digital-Azul.jpg\",\"width\":1200,\"height\":1200},{\"@type\":\"BreadcrumbList\",\"@id\":\"https:\/\/rental.digitalazul.pt\/en\/produto\/sala-de-producao-remota\/#breadcrumb\",\"itemListElement\":[{\"@type\":\"ListItem\",\"position\":1,\"name\":\"Home\",\"item\":\"https:\/\/rental.digitalazul.pt\/en\/\"},{\"@type\":\"ListItem\",\"position\":2,\"name\":\"Categories\",\"item\":\"https:\/\/rental.digitalazul.pt\/en\/categories\/\"},{\"@type\":\"ListItem\",\"position\":3,\"name\":\"Sala de Produ\u00e7\u00e3o Remota\"}]},{\"@type\":\"WebSite\",\"@id\":\"https:\/\/rental.digitalazul.pt\/en\/#website\",\"url\":\"https:\/\/rental.digitalazul.pt\/en\/\",\"name\":\"Digital Azul\",\"description\":\"Rental Catalogue\",\"potentialAction\":[{\"@type\":\"SearchAction\",\"target\":{\"@type\":\"EntryPoint\",\"urlTemplate\":\"https:\/\/rental.digitalazul.pt\/en\/?s={search_term_string}\"},\"query-input\":\"required name=search_term_string\"}],\"inLanguage\":\"en-US\"}]}<\/script>\n<!-- \/ Yoast SEO plugin. -->","yoast_head_json":{"title":"Sala de Produ\u00e7\u00e3o Remota &#8212; dispon\u00edvel para aluguer &#8212; Digital Azul","description":"Sala de Produ\u00e7\u00e3o Remota &#8212; dispon\u00edvel para aluguer &#8212; Digital Azul A nossa r\u00e9gie est\u00e1 preparada para a cobertura multi-c\u00e2mara de eventos ao vivo","robots":{"index":"index","follow":"follow","max-snippet":"max-snippet:-1","max-image-preview":"max-image-preview:large","max-video-preview":"max-video-preview:-1"},"canonical":"https:\/\/rental.digitalazul.pt\/en\/produto\/sala-de-producao-remota\/","og_locale":"en_US","og_type":"article","og_title":"Sala de Produ\u00e7\u00e3o Remota &#8212; dispon\u00edvel para aluguer &#8212; Digital Azul","og_description":"Sala de Produ\u00e7\u00e3o Remota &#8212; dispon\u00edvel para aluguer &#8212; Digital Azul A nossa r\u00e9gie est\u00e1 preparada para a cobertura multi-c\u00e2mara de eventos ao vivo","og_url":"https:\/\/rental.digitalazul.pt\/en\/produto\/sala-de-producao-remota\/","og_site_name":"Digital Azul","article_publisher":"https:\/\/www.facebook.com\/DigitalAzul","article_modified_time":"2025-04-30T11:05:10+00:00","og_image":[{"width":1200,"height":1200,"url":"https:\/\/rental.digitalazul.pt\/wp-content\/uploads\/2022\/01\/Remote-Production-Studio-Digital-Azul.jpg","type":"image\/jpeg"}],"twitter_card":"summary_large_image","twitter_misc":{"Est. reading time":"1 minute"},"schema":{"@context":"https:\/\/schema.org","@graph":[{"@type":"WebPage","@id":"https:\/\/rental.digitalazul.pt\/en\/produto\/sala-de-producao-remota\/","url":"https:\/\/rental.digitalazul.pt\/en\/produto\/sala-de-producao-remota\/","name":"Sala de Produ\u00e7\u00e3o Remota &#8212; dispon\u00edvel para aluguer &#8212; Digital Azul","isPartOf":{"@id":"https:\/\/rental.digitalazul.pt\/en\/#website"},"primaryImageOfPage":{"@id":"https:\/\/rental.digitalazul.pt\/en\/produto\/sala-de-producao-remota\/#primaryimage"},"image":{"@id":"https:\/\/rental.digitalazul.pt\/en\/produto\/sala-de-producao-remota\/#primaryimage"},"thumbnailUrl":"https:\/\/rental.digitalazul.pt\/wp-content\/uploads\/2022\/01\/Remote-Production-Studio-Digital-Azul.jpg","datePublished":"2022-01-19T19:12:15+00:00","dateModified":"2025-04-30T11:05:10+00:00","description":"Sala de Produ\u00e7\u00e3o Remota &#8212; dispon\u00edvel para aluguer &#8212; Digital Azul A nossa r\u00e9gie est\u00e1 preparada para a cobertura multi-c\u00e2mara de eventos ao vivo","breadcrumb":{"@id":"https:\/\/rental.digitalazul.pt\/en\/produto\/sala-de-producao-remota\/#breadcrumb"},"inLanguage":"en-US","potentialAction":[{"@type":"ReadAction","target":["https:\/\/rental.digitalazul.pt\/en\/produto\/sala-de-producao-remota\/"]}]},{"@type":"ImageObject","inLanguage":"en-US","@id":"https:\/\/rental.digitalazul.pt\/en\/produto\/sala-de-producao-remota\/#primaryimage","url":"https:\/\/rental.digitalazul.pt\/wp-content\/uploads\/2022\/01\/Remote-Production-Studio-Digital-Azul.jpg","contentUrl":"https:\/\/rental.digitalazul.pt\/wp-content\/uploads\/2022\/01\/Remote-Production-Studio-Digital-Azul.jpg","width":1200,"height":1200},{"@type":"BreadcrumbList","@id":"https:\/\/rental.digitalazul.pt\/en\/produto\/sala-de-producao-remota\/#breadcrumb","itemListElement":[{"@type":"ListItem","position":1,"name":"Home","item":"https:\/\/rental.digitalazul.pt\/en\/"},{"@type":"ListItem","position":2,"name":"Categories","item":"https:\/\/rental.digitalazul.pt\/en\/categories\/"},{"@type":"ListItem","position":3,"name":"Sala de Produ\u00e7\u00e3o Remota"}]},{"@type":"WebSite","@id":"https:\/\/rental.digitalazul.pt\/en\/#website","url":"https:\/\/rental.digitalazul.pt\/en\/","name":"Digital Azul","description":"Rental Catalogue","potentialAction":[{"@type":"SearchAction","target":{"@type":"EntryPoint","urlTemplate":"https:\/\/rental.digitalazul.pt\/en\/?s={search_term_string}"},"query-input":"required name=search_term_string"}],"inLanguage":"en-US"}]}},"_links":{"self":[{"href":"https:\/\/rental.digitalazul.pt\/en\/wp-json\/wp\/v2\/product\/8061"}],"collection":[{"href":"https:\/\/rental.digitalazul.pt\/en\/wp-json\/wp\/v2\/product"}],"about":[{"href":"https:\/\/rental.digitalazul.pt\/en\/wp-json\/wp\/v2\/types\/product"}],"wp:featuredmedia":[{"embeddable":true,"href":"https:\/\/rental.digitalazul.pt\/en\/wp-json\/wp\/v2\/media\/8077"}],"wp:attachment":[{"href":"https:\/\/rental.digitalazul.pt\/en\/wp-json\/wp\/v2\/media?parent=8061"}],"wp:term":[{"taxonomy":"product_cat","embeddable":true,"href":"https:\/\/rental.digitalazul.pt\/en\/wp-json\/wp\/v2\/product_cat?post=8061"},{"taxonomy":"product_tag","embeddable":true,"href":"https:\/\/rental.digitalazul.pt\/en\/wp-json\/wp\/v2\/product_tag?post=8061"}],"curies":[{"name":"wp","href":"https:\/\/api.w.org\/{rel}","templated":true}]}}