{"id":8113,"date":"2022-02-02T12:44:51","date_gmt":"2022-02-02T12:44:51","guid":{"rendered":"https:\/\/rental.digitalazul.pt\/?post_type=product&#038;p=8113"},"modified":"2025-05-07T14:53:57","modified_gmt":"2025-05-07T13:53:57","slug":"frame-110-x-200cm-36-x-66","status":"publish","type":"product","link":"https:\/\/rental.digitalazul.pt\/en\/produto\/frame-110-x-200cm-36-x-66\/","title":{"rendered":"Frame 110 \u00d7 200cm (3,6 x 6,6&#8242;)"},"content":{"rendered":"","protected":false},"excerpt":{"rendered":"","protected":false},"featured_media":8384,"template":"","meta":[],"product_cat":[397],"product_tag":[557],"class_list":{"0":"post-8113","1":"product","2":"type-product","3":"status-publish","4":"has-post-thumbnail","6":"product_cat-lighting-tripods-grips","7":"product_tag-lastolite-en","9":"first","10":"instock","11":"taxable","12":"shipping-taxable","13":"purchasable","14":"product-type-simple"},"acf":[],"yoast_head":"<!-- This site is optimized with the Yoast SEO plugin v23.2 - https:\/\/yoast.com\/wordpress\/plugins\/seo\/ -->\n<title>Frame 110 \u00d7 200cm (3,6 x 6,6&#039;) c\/ seda branca \u2014 alugue na Digital Azul<\/title>\n<meta name=\"description\" content=\"Esta estrutura fornece rapidamente uma arma\u00e7\u00e3o est\u00e1vel para sedas, de v\u00e1rios tamanhos e inclui uma seda branca de 1,1 x 2m. Para aluguer na Digital Azul\" \/>\n<meta name=\"robots\" content=\"index, follow, max-snippet:-1, max-image-preview:large, max-video-preview:-1\" \/>\n<link rel=\"canonical\" href=\"https:\/\/rental.digitalazul.pt\/en\/produto\/frame-110-x-200cm-36-x-66\/\" \/>\n<meta property=\"og:locale\" content=\"en_US\" \/>\n<meta property=\"og:type\" content=\"article\" \/>\n<meta property=\"og:title\" content=\"Frame 110 \u00d7 200cm (3,6 x 6,6&#039;) c\/ seda branca \u2014 alugue na Digital Azul\" \/>\n<meta property=\"og:description\" content=\"Esta estrutura fornece rapidamente uma arma\u00e7\u00e3o est\u00e1vel para sedas, de v\u00e1rios tamanhos e inclui uma seda branca de 1,1 x 2m. Para aluguer na Digital Azul\" \/>\n<meta property=\"og:url\" content=\"https:\/\/rental.digitalazul.pt\/en\/produto\/frame-110-x-200cm-36-x-66\/\" \/>\n<meta property=\"og:site_name\" content=\"Digital Azul\" \/>\n<meta property=\"article:publisher\" content=\"https:\/\/www.facebook.com\/DigitalAzul\" \/>\n<meta property=\"article:modified_time\" content=\"2025-05-07T13:53:57+00:00\" \/>\n<meta property=\"og:image\" content=\"https:\/\/rental.digitalazul.pt\/wp-content\/uploads\/2022\/02\/Kit-Difusor-Reflector-2x1m-2.jpg\" \/>\n\t<meta property=\"og:image:width\" content=\"960\" \/>\n\t<meta property=\"og:image:height\" content=\"960\" \/>\n\t<meta property=\"og:image:type\" content=\"image\/jpeg\" \/>\n<meta name=\"twitter:card\" content=\"summary_large_image\" \/>\n<meta name=\"twitter:label1\" content=\"Est. reading time\" \/>\n\t<meta name=\"twitter:data1\" content=\"1 minute\" \/>\n<script type=\"application\/ld+json\" class=\"yoast-schema-graph\">{\"@context\":\"https:\/\/schema.org\",\"@graph\":[{\"@type\":\"WebPage\",\"@id\":\"https:\/\/rental.digitalazul.pt\/en\/produto\/frame-110-x-200cm-36-x-66\/\",\"url\":\"https:\/\/rental.digitalazul.pt\/en\/produto\/frame-110-x-200cm-36-x-66\/\",\"name\":\"Frame 110 \u00d7 200cm (3,6 x 6,6') c\/ seda branca \u2014 alugue na Digital Azul\",\"isPartOf\":{\"@id\":\"https:\/\/rental.digitalazul.pt\/en\/#website\"},\"primaryImageOfPage\":{\"@id\":\"https:\/\/rental.digitalazul.pt\/en\/produto\/frame-110-x-200cm-36-x-66\/#primaryimage\"},\"image\":{\"@id\":\"https:\/\/rental.digitalazul.pt\/en\/produto\/frame-110-x-200cm-36-x-66\/#primaryimage\"},\"thumbnailUrl\":\"https:\/\/rental.digitalazul.pt\/wp-content\/uploads\/2022\/02\/Kit-Difusor-Reflector-2x1m-2.jpg\",\"datePublished\":\"2022-02-02T12:44:51+00:00\",\"dateModified\":\"2025-05-07T13:53:57+00:00\",\"description\":\"Esta estrutura fornece rapidamente uma arma\u00e7\u00e3o est\u00e1vel para sedas, de v\u00e1rios tamanhos e inclui uma seda branca de 1,1 x 2m. Para aluguer na Digital Azul\",\"breadcrumb\":{\"@id\":\"https:\/\/rental.digitalazul.pt\/en\/produto\/frame-110-x-200cm-36-x-66\/#breadcrumb\"},\"inLanguage\":\"en-US\",\"potentialAction\":[{\"@type\":\"ReadAction\",\"target\":[\"https:\/\/rental.digitalazul.pt\/en\/produto\/frame-110-x-200cm-36-x-66\/\"]}]},{\"@type\":\"ImageObject\",\"inLanguage\":\"en-US\",\"@id\":\"https:\/\/rental.digitalazul.pt\/en\/produto\/frame-110-x-200cm-36-x-66\/#primaryimage\",\"url\":\"https:\/\/rental.digitalazul.pt\/wp-content\/uploads\/2022\/02\/Kit-Difusor-Reflector-2x1m-2.jpg\",\"contentUrl\":\"https:\/\/rental.digitalazul.pt\/wp-content\/uploads\/2022\/02\/Kit-Difusor-Reflector-2x1m-2.jpg\",\"width\":960,\"height\":960},{\"@type\":\"BreadcrumbList\",\"@id\":\"https:\/\/rental.digitalazul.pt\/en\/produto\/frame-110-x-200cm-36-x-66\/#breadcrumb\",\"itemListElement\":[{\"@type\":\"ListItem\",\"position\":1,\"name\":\"Home\",\"item\":\"https:\/\/rental.digitalazul.pt\/en\/\"},{\"@type\":\"ListItem\",\"position\":2,\"name\":\"Categories\",\"item\":\"https:\/\/rental.digitalazul.pt\/en\/categories\/\"},{\"@type\":\"ListItem\",\"position\":3,\"name\":\"Frame 110 \u00d7 200cm (3,6 x 6,6&#8242;)\"}]},{\"@type\":\"WebSite\",\"@id\":\"https:\/\/rental.digitalazul.pt\/en\/#website\",\"url\":\"https:\/\/rental.digitalazul.pt\/en\/\",\"name\":\"Digital Azul\",\"description\":\"Rental Catalogue\",\"potentialAction\":[{\"@type\":\"SearchAction\",\"target\":{\"@type\":\"EntryPoint\",\"urlTemplate\":\"https:\/\/rental.digitalazul.pt\/en\/?s={search_term_string}\"},\"query-input\":\"required name=search_term_string\"}],\"inLanguage\":\"en-US\"}]}<\/script>\n<!-- \/ Yoast SEO plugin. -->","yoast_head_json":{"title":"Frame 110 \u00d7 200cm (3,6 x 6,6') c\/ seda branca \u2014 alugue na Digital Azul","description":"Esta estrutura fornece rapidamente uma arma\u00e7\u00e3o est\u00e1vel para sedas, de v\u00e1rios tamanhos e inclui uma seda branca de 1,1 x 2m. Para aluguer na Digital Azul","robots":{"index":"index","follow":"follow","max-snippet":"max-snippet:-1","max-image-preview":"max-image-preview:large","max-video-preview":"max-video-preview:-1"},"canonical":"https:\/\/rental.digitalazul.pt\/en\/produto\/frame-110-x-200cm-36-x-66\/","og_locale":"en_US","og_type":"article","og_title":"Frame 110 \u00d7 200cm (3,6 x 6,6') c\/ seda branca \u2014 alugue na Digital Azul","og_description":"Esta estrutura fornece rapidamente uma arma\u00e7\u00e3o est\u00e1vel para sedas, de v\u00e1rios tamanhos e inclui uma seda branca de 1,1 x 2m. Para aluguer na Digital Azul","og_url":"https:\/\/rental.digitalazul.pt\/en\/produto\/frame-110-x-200cm-36-x-66\/","og_site_name":"Digital Azul","article_publisher":"https:\/\/www.facebook.com\/DigitalAzul","article_modified_time":"2025-05-07T13:53:57+00:00","og_image":[{"width":960,"height":960,"url":"https:\/\/rental.digitalazul.pt\/wp-content\/uploads\/2022\/02\/Kit-Difusor-Reflector-2x1m-2.jpg","type":"image\/jpeg"}],"twitter_card":"summary_large_image","twitter_misc":{"Est. reading time":"1 minute"},"schema":{"@context":"https:\/\/schema.org","@graph":[{"@type":"WebPage","@id":"https:\/\/rental.digitalazul.pt\/en\/produto\/frame-110-x-200cm-36-x-66\/","url":"https:\/\/rental.digitalazul.pt\/en\/produto\/frame-110-x-200cm-36-x-66\/","name":"Frame 110 \u00d7 200cm (3,6 x 6,6') c\/ seda branca \u2014 alugue na Digital Azul","isPartOf":{"@id":"https:\/\/rental.digitalazul.pt\/en\/#website"},"primaryImageOfPage":{"@id":"https:\/\/rental.digitalazul.pt\/en\/produto\/frame-110-x-200cm-36-x-66\/#primaryimage"},"image":{"@id":"https:\/\/rental.digitalazul.pt\/en\/produto\/frame-110-x-200cm-36-x-66\/#primaryimage"},"thumbnailUrl":"https:\/\/rental.digitalazul.pt\/wp-content\/uploads\/2022\/02\/Kit-Difusor-Reflector-2x1m-2.jpg","datePublished":"2022-02-02T12:44:51+00:00","dateModified":"2025-05-07T13:53:57+00:00","description":"Esta estrutura fornece rapidamente uma arma\u00e7\u00e3o est\u00e1vel para sedas, de v\u00e1rios tamanhos e inclui uma seda branca de 1,1 x 2m. Para aluguer na Digital Azul","breadcrumb":{"@id":"https:\/\/rental.digitalazul.pt\/en\/produto\/frame-110-x-200cm-36-x-66\/#breadcrumb"},"inLanguage":"en-US","potentialAction":[{"@type":"ReadAction","target":["https:\/\/rental.digitalazul.pt\/en\/produto\/frame-110-x-200cm-36-x-66\/"]}]},{"@type":"ImageObject","inLanguage":"en-US","@id":"https:\/\/rental.digitalazul.pt\/en\/produto\/frame-110-x-200cm-36-x-66\/#primaryimage","url":"https:\/\/rental.digitalazul.pt\/wp-content\/uploads\/2022\/02\/Kit-Difusor-Reflector-2x1m-2.jpg","contentUrl":"https:\/\/rental.digitalazul.pt\/wp-content\/uploads\/2022\/02\/Kit-Difusor-Reflector-2x1m-2.jpg","width":960,"height":960},{"@type":"BreadcrumbList","@id":"https:\/\/rental.digitalazul.pt\/en\/produto\/frame-110-x-200cm-36-x-66\/#breadcrumb","itemListElement":[{"@type":"ListItem","position":1,"name":"Home","item":"https:\/\/rental.digitalazul.pt\/en\/"},{"@type":"ListItem","position":2,"name":"Categories","item":"https:\/\/rental.digitalazul.pt\/en\/categories\/"},{"@type":"ListItem","position":3,"name":"Frame 110 \u00d7 200cm (3,6 x 6,6&#8242;)"}]},{"@type":"WebSite","@id":"https:\/\/rental.digitalazul.pt\/en\/#website","url":"https:\/\/rental.digitalazul.pt\/en\/","name":"Digital Azul","description":"Rental Catalogue","potentialAction":[{"@type":"SearchAction","target":{"@type":"EntryPoint","urlTemplate":"https:\/\/rental.digitalazul.pt\/en\/?s={search_term_string}"},"query-input":"required name=search_term_string"}],"inLanguage":"en-US"}]}},"_links":{"self":[{"href":"https:\/\/rental.digitalazul.pt\/en\/wp-json\/wp\/v2\/product\/8113"}],"collection":[{"href":"https:\/\/rental.digitalazul.pt\/en\/wp-json\/wp\/v2\/product"}],"about":[{"href":"https:\/\/rental.digitalazul.pt\/en\/wp-json\/wp\/v2\/types\/product"}],"wp:featuredmedia":[{"embeddable":true,"href":"https:\/\/rental.digitalazul.pt\/en\/wp-json\/wp\/v2\/media\/8384"}],"wp:attachment":[{"href":"https:\/\/rental.digitalazul.pt\/en\/wp-json\/wp\/v2\/media?parent=8113"}],"wp:term":[{"taxonomy":"product_cat","embeddable":true,"href":"https:\/\/rental.digitalazul.pt\/en\/wp-json\/wp\/v2\/product_cat?post=8113"},{"taxonomy":"product_tag","embeddable":true,"href":"https:\/\/rental.digitalazul.pt\/en\/wp-json\/wp\/v2\/product_tag?post=8113"}],"curies":[{"name":"wp","href":"https:\/\/api.w.org\/{rel}","templated":true}]}}