{"id":9177,"date":"2023-01-19T17:03:15","date_gmt":"2023-01-19T17:03:15","guid":{"rendered":"https:\/\/rental.digitalazul.pt\/?post_type=product&#038;p=9177"},"modified":"2023-12-26T10:32:11","modified_gmt":"2023-12-26T10:32:11","slug":"es802-db-technologies-column-pa-system","status":"publish","type":"product","link":"https:\/\/rental.digitalazul.pt\/en\/produto\/es802-db-technologies-column-pa-system\/","title":{"rendered":"ES802 dB Technologies Column PA System"},"content":{"rendered":"","protected":false},"excerpt":{"rendered":"<p>A coluna ES602 da DB Technologies \u00e9 um sistema de PA port\u00e1til extremamente potente, compacto e leve, composto por um sistema passivo superior e subwoofer ativo, que abriga tamb\u00e9m a se\u00e7\u00e3o de amplifica\u00e7\u00e3o para os altifalantes superiores. O subwoofer apresenta um m\u00f3dulo de amplifica\u00e7\u00e3o de pot\u00eancia de pico de 800 W com PSU de alcance autom\u00e1tico. Um poderoso DSP faz a gest\u00e3o tanto da cobertura como das fun\u00e7\u00f5es do sistema, tornando a ES602 uma verdadeira p\u00e9rola em termos de desempenho sonoro e versatilidade.<\/p>\n<p>Quantidade dispon\u00edvel &#8211; 2 (caso necessite de mais unidades contacte-nos)<\/p>\n","protected":false},"featured_media":9179,"template":"","meta":[],"product_cat":[67],"product_tag":[],"class_list":{"0":"post-9177","1":"product","2":"type-product","3":"status-publish","4":"has-post-thumbnail","6":"product_cat-audio-en","8":"first","9":"instock","10":"taxable","11":"shipping-taxable","12":"purchasable","13":"product-type-simple"},"acf":[],"yoast_head":"<!-- This site is optimized with the Yoast SEO plugin v23.2 - https:\/\/yoast.com\/wordpress\/plugins\/seo\/ -->\n<title>ES802 dB Technologies Column PA System - Digital Azul<\/title>\n<meta name=\"description\" content=\"ES802 dB Technologies Column PA System, available for rent at Digital Azul.\" \/>\n<meta name=\"robots\" content=\"index, follow, max-snippet:-1, max-image-preview:large, max-video-preview:-1\" \/>\n<link rel=\"canonical\" href=\"https:\/\/rental.digitalazul.pt\/en\/produto\/es802-db-technologies-column-pa-system\/\" \/>\n<meta property=\"og:locale\" content=\"en_US\" \/>\n<meta property=\"og:type\" content=\"article\" \/>\n<meta property=\"og:title\" content=\"ES802 dB Technologies Column PA System - Digital Azul\" \/>\n<meta property=\"og:description\" content=\"ES802 dB Technologies Column PA System, available for rent at Digital Azul.\" \/>\n<meta property=\"og:url\" content=\"https:\/\/rental.digitalazul.pt\/en\/produto\/es802-db-technologies-column-pa-system\/\" \/>\n<meta property=\"og:site_name\" content=\"Digital Azul\" \/>\n<meta property=\"article:publisher\" content=\"https:\/\/www.facebook.com\/DigitalAzul\" \/>\n<meta property=\"article:modified_time\" content=\"2023-12-26T10:32:11+00:00\" \/>\n<meta property=\"og:image\" content=\"https:\/\/rental.digitalazul.pt\/wp-content\/uploads\/2023\/01\/ES802_threefourths_top_left-dbtechnologies-23052016.jpg\" \/>\n\t<meta property=\"og:image:width\" content=\"1200\" \/>\n\t<meta property=\"og:image:height\" content=\"1200\" \/>\n\t<meta property=\"og:image:type\" content=\"image\/jpeg\" \/>\n<meta name=\"twitter:card\" content=\"summary_large_image\" \/>\n<script type=\"application\/ld+json\" class=\"yoast-schema-graph\">{\"@context\":\"https:\/\/schema.org\",\"@graph\":[{\"@type\":\"WebPage\",\"@id\":\"https:\/\/rental.digitalazul.pt\/en\/produto\/es802-db-technologies-column-pa-system\/\",\"url\":\"https:\/\/rental.digitalazul.pt\/en\/produto\/es802-db-technologies-column-pa-system\/\",\"name\":\"ES802 dB Technologies Column PA System - Digital Azul\",\"isPartOf\":{\"@id\":\"https:\/\/rental.digitalazul.pt\/en\/#website\"},\"primaryImageOfPage\":{\"@id\":\"https:\/\/rental.digitalazul.pt\/en\/produto\/es802-db-technologies-column-pa-system\/#primaryimage\"},\"image\":{\"@id\":\"https:\/\/rental.digitalazul.pt\/en\/produto\/es802-db-technologies-column-pa-system\/#primaryimage\"},\"thumbnailUrl\":\"https:\/\/rental.digitalazul.pt\/wp-content\/uploads\/2023\/01\/ES802_threefourths_top_left-dbtechnologies-23052016.jpg\",\"datePublished\":\"2023-01-19T17:03:15+00:00\",\"dateModified\":\"2023-12-26T10:32:11+00:00\",\"description\":\"ES802 dB Technologies Column PA System, available for rent at Digital Azul.\",\"breadcrumb\":{\"@id\":\"https:\/\/rental.digitalazul.pt\/en\/produto\/es802-db-technologies-column-pa-system\/#breadcrumb\"},\"inLanguage\":\"en-US\",\"potentialAction\":[{\"@type\":\"ReadAction\",\"target\":[\"https:\/\/rental.digitalazul.pt\/en\/produto\/es802-db-technologies-column-pa-system\/\"]}]},{\"@type\":\"ImageObject\",\"inLanguage\":\"en-US\",\"@id\":\"https:\/\/rental.digitalazul.pt\/en\/produto\/es802-db-technologies-column-pa-system\/#primaryimage\",\"url\":\"https:\/\/rental.digitalazul.pt\/wp-content\/uploads\/2023\/01\/ES802_threefourths_top_left-dbtechnologies-23052016.jpg\",\"contentUrl\":\"https:\/\/rental.digitalazul.pt\/wp-content\/uploads\/2023\/01\/ES802_threefourths_top_left-dbtechnologies-23052016.jpg\",\"width\":1200,\"height\":1200},{\"@type\":\"BreadcrumbList\",\"@id\":\"https:\/\/rental.digitalazul.pt\/en\/produto\/es802-db-technologies-column-pa-system\/#breadcrumb\",\"itemListElement\":[{\"@type\":\"ListItem\",\"position\":1,\"name\":\"Home\",\"item\":\"https:\/\/rental.digitalazul.pt\/en\/\"},{\"@type\":\"ListItem\",\"position\":2,\"name\":\"Categories\",\"item\":\"https:\/\/rental.digitalazul.pt\/en\/categories\/\"},{\"@type\":\"ListItem\",\"position\":3,\"name\":\"ES802 dB Technologies Column PA System\"}]},{\"@type\":\"WebSite\",\"@id\":\"https:\/\/rental.digitalazul.pt\/en\/#website\",\"url\":\"https:\/\/rental.digitalazul.pt\/en\/\",\"name\":\"Digital Azul\",\"description\":\"Rental Catalogue\",\"potentialAction\":[{\"@type\":\"SearchAction\",\"target\":{\"@type\":\"EntryPoint\",\"urlTemplate\":\"https:\/\/rental.digitalazul.pt\/en\/?s={search_term_string}\"},\"query-input\":\"required name=search_term_string\"}],\"inLanguage\":\"en-US\"}]}<\/script>\n<!-- \/ Yoast SEO plugin. -->","yoast_head_json":{"title":"ES802 dB Technologies Column PA System - Digital Azul","description":"ES802 dB Technologies Column PA System, available for rent at Digital Azul.","robots":{"index":"index","follow":"follow","max-snippet":"max-snippet:-1","max-image-preview":"max-image-preview:large","max-video-preview":"max-video-preview:-1"},"canonical":"https:\/\/rental.digitalazul.pt\/en\/produto\/es802-db-technologies-column-pa-system\/","og_locale":"en_US","og_type":"article","og_title":"ES802 dB Technologies Column PA System - Digital Azul","og_description":"ES802 dB Technologies Column PA System, available for rent at Digital Azul.","og_url":"https:\/\/rental.digitalazul.pt\/en\/produto\/es802-db-technologies-column-pa-system\/","og_site_name":"Digital Azul","article_publisher":"https:\/\/www.facebook.com\/DigitalAzul","article_modified_time":"2023-12-26T10:32:11+00:00","og_image":[{"width":1200,"height":1200,"url":"https:\/\/rental.digitalazul.pt\/wp-content\/uploads\/2023\/01\/ES802_threefourths_top_left-dbtechnologies-23052016.jpg","type":"image\/jpeg"}],"twitter_card":"summary_large_image","schema":{"@context":"https:\/\/schema.org","@graph":[{"@type":"WebPage","@id":"https:\/\/rental.digitalazul.pt\/en\/produto\/es802-db-technologies-column-pa-system\/","url":"https:\/\/rental.digitalazul.pt\/en\/produto\/es802-db-technologies-column-pa-system\/","name":"ES802 dB Technologies Column PA System - Digital Azul","isPartOf":{"@id":"https:\/\/rental.digitalazul.pt\/en\/#website"},"primaryImageOfPage":{"@id":"https:\/\/rental.digitalazul.pt\/en\/produto\/es802-db-technologies-column-pa-system\/#primaryimage"},"image":{"@id":"https:\/\/rental.digitalazul.pt\/en\/produto\/es802-db-technologies-column-pa-system\/#primaryimage"},"thumbnailUrl":"https:\/\/rental.digitalazul.pt\/wp-content\/uploads\/2023\/01\/ES802_threefourths_top_left-dbtechnologies-23052016.jpg","datePublished":"2023-01-19T17:03:15+00:00","dateModified":"2023-12-26T10:32:11+00:00","description":"ES802 dB Technologies Column PA System, available for rent at Digital Azul.","breadcrumb":{"@id":"https:\/\/rental.digitalazul.pt\/en\/produto\/es802-db-technologies-column-pa-system\/#breadcrumb"},"inLanguage":"en-US","potentialAction":[{"@type":"ReadAction","target":["https:\/\/rental.digitalazul.pt\/en\/produto\/es802-db-technologies-column-pa-system\/"]}]},{"@type":"ImageObject","inLanguage":"en-US","@id":"https:\/\/rental.digitalazul.pt\/en\/produto\/es802-db-technologies-column-pa-system\/#primaryimage","url":"https:\/\/rental.digitalazul.pt\/wp-content\/uploads\/2023\/01\/ES802_threefourths_top_left-dbtechnologies-23052016.jpg","contentUrl":"https:\/\/rental.digitalazul.pt\/wp-content\/uploads\/2023\/01\/ES802_threefourths_top_left-dbtechnologies-23052016.jpg","width":1200,"height":1200},{"@type":"BreadcrumbList","@id":"https:\/\/rental.digitalazul.pt\/en\/produto\/es802-db-technologies-column-pa-system\/#breadcrumb","itemListElement":[{"@type":"ListItem","position":1,"name":"Home","item":"https:\/\/rental.digitalazul.pt\/en\/"},{"@type":"ListItem","position":2,"name":"Categories","item":"https:\/\/rental.digitalazul.pt\/en\/categories\/"},{"@type":"ListItem","position":3,"name":"ES802 dB Technologies Column PA System"}]},{"@type":"WebSite","@id":"https:\/\/rental.digitalazul.pt\/en\/#website","url":"https:\/\/rental.digitalazul.pt\/en\/","name":"Digital Azul","description":"Rental Catalogue","potentialAction":[{"@type":"SearchAction","target":{"@type":"EntryPoint","urlTemplate":"https:\/\/rental.digitalazul.pt\/en\/?s={search_term_string}"},"query-input":"required name=search_term_string"}],"inLanguage":"en-US"}]}},"_links":{"self":[{"href":"https:\/\/rental.digitalazul.pt\/en\/wp-json\/wp\/v2\/product\/9177"}],"collection":[{"href":"https:\/\/rental.digitalazul.pt\/en\/wp-json\/wp\/v2\/product"}],"about":[{"href":"https:\/\/rental.digitalazul.pt\/en\/wp-json\/wp\/v2\/types\/product"}],"wp:featuredmedia":[{"embeddable":true,"href":"https:\/\/rental.digitalazul.pt\/en\/wp-json\/wp\/v2\/media\/9179"}],"wp:attachment":[{"href":"https:\/\/rental.digitalazul.pt\/en\/wp-json\/wp\/v2\/media?parent=9177"}],"wp:term":[{"taxonomy":"product_cat","embeddable":true,"href":"https:\/\/rental.digitalazul.pt\/en\/wp-json\/wp\/v2\/product_cat?post=9177"},{"taxonomy":"product_tag","embeddable":true,"href":"https:\/\/rental.digitalazul.pt\/en\/wp-json\/wp\/v2\/product_tag?post=9177"}],"curies":[{"name":"wp","href":"https:\/\/api.w.org\/{rel}","templated":true}]}}