{"id":934,"date":"2016-09-20T07:14:44","date_gmt":"2016-09-20T07:14:44","guid":{"rendered":"https:\/\/rental.digitalazul.pt\/en\/category\/sem%20categoria\/colunas-de-som-p-a-400w\/"},"modified":"2025-05-14T15:19:45","modified_gmt":"2025-05-14T14:19:45","slug":"pa-800w","status":"publish","type":"product","link":"https:\/\/rental.digitalazul.pt\/en\/produto\/pa-800w\/","title":{"rendered":"PA 800W"},"content":{"rendered":"","protected":false},"excerpt":{"rendered":"<p>A coluna ES602 da DB Technologies \u00e9 um sistema de PA port\u00e1til extremamente potente, compacto e leve, composto por um sistema passivo superior e subwoofer ativo, que abriga tamb\u00e9m a se\u00e7\u00e3o de amplifica\u00e7\u00e3o para os altifalantes superiores. O subwoofer apresenta um m\u00f3dulo de amplifica\u00e7\u00e3o de pot\u00eancia de pico de 800 W com PSU de alcance autom\u00e1tico. Um poderoso DSP faz a gest\u00e3o tanto da cobertura como das fun\u00e7\u00f5es do sistema, tornando a ES602 uma verdadeira p\u00e9rola em termos de desempenho sonoro e versatilidade.<\/p>\n<p>Quantidade dispon\u00edvel &#8211; 2 (caso necessite de mais unidades contacte-nos)<\/p>\n","protected":false},"featured_media":1888,"template":"","meta":[],"product_cat":[67],"product_tag":[],"class_list":{"0":"post-934","1":"product","2":"type-product","3":"status-publish","4":"has-post-thumbnail","6":"product_cat-audio-en","8":"first","9":"instock","10":"taxable","11":"shipping-taxable","12":"purchasable","13":"product-type-simple"},"acf":[],"yoast_head":"<!-- This site is optimized with the Yoast SEO plugin v23.2 - https:\/\/yoast.com\/wordpress\/plugins\/seo\/ -->\n<title>Coluna de Som P.A. - 800W<\/title>\n<meta name=\"description\" content=\"Dispon\u00edvel para alugar na Digital Azul, coluna de som PA de 800W, DB Technologies ES 602. Consulte tamb\u00e9m os kits com 2 colunas, mics e mesa de mistura.\" \/>\n<meta name=\"robots\" content=\"index, follow, max-snippet:-1, max-image-preview:large, max-video-preview:-1\" \/>\n<link rel=\"canonical\" href=\"https:\/\/rental.digitalazul.pt\/en\/produto\/pa-800w\/\" \/>\n<meta property=\"og:locale\" content=\"en_US\" \/>\n<meta property=\"og:type\" content=\"article\" \/>\n<meta property=\"og:title\" content=\"Coluna de Som P.A. - 800W\" \/>\n<meta property=\"og:description\" content=\"Dispon\u00edvel para alugar na Digital Azul, coluna de som PA de 800W, DB Technologies ES 602. Consulte tamb\u00e9m os kits com 2 colunas, mics e mesa de mistura.\" \/>\n<meta property=\"og:url\" content=\"https:\/\/rental.digitalazul.pt\/en\/produto\/pa-800w\/\" \/>\n<meta property=\"og:site_name\" content=\"Digital Azul\" \/>\n<meta property=\"article:publisher\" content=\"https:\/\/www.facebook.com\/DigitalAzul\" \/>\n<meta property=\"article:modified_time\" content=\"2025-05-14T14:19:45+00:00\" \/>\n<meta property=\"og:image\" content=\"https:\/\/rental.digitalazul.pt\/wp-content\/uploads\/2016\/09\/front-db.jpg\" \/>\n\t<meta property=\"og:image:width\" content=\"1500\" \/>\n\t<meta property=\"og:image:height\" content=\"1438\" \/>\n\t<meta property=\"og:image:type\" content=\"image\/jpeg\" \/>\n<meta name=\"twitter:card\" content=\"summary_large_image\" \/>\n<meta name=\"twitter:label1\" content=\"Est. reading time\" \/>\n\t<meta name=\"twitter:data1\" content=\"1 minute\" \/>\n<script type=\"application\/ld+json\" class=\"yoast-schema-graph\">{\"@context\":\"https:\/\/schema.org\",\"@graph\":[{\"@type\":\"WebPage\",\"@id\":\"https:\/\/rental.digitalazul.pt\/en\/produto\/pa-800w\/\",\"url\":\"https:\/\/rental.digitalazul.pt\/en\/produto\/pa-800w\/\",\"name\":\"Coluna de Som P.A. - 800W\",\"isPartOf\":{\"@id\":\"https:\/\/rental.digitalazul.pt\/en\/#website\"},\"primaryImageOfPage\":{\"@id\":\"https:\/\/rental.digitalazul.pt\/en\/produto\/pa-800w\/#primaryimage\"},\"image\":{\"@id\":\"https:\/\/rental.digitalazul.pt\/en\/produto\/pa-800w\/#primaryimage\"},\"thumbnailUrl\":\"https:\/\/rental.digitalazul.pt\/wp-content\/uploads\/2016\/09\/front-db.jpg\",\"datePublished\":\"2016-09-20T07:14:44+00:00\",\"dateModified\":\"2025-05-14T14:19:45+00:00\",\"description\":\"Dispon\u00edvel para alugar na Digital Azul, coluna de som PA de 800W, DB Technologies ES 602. Consulte tamb\u00e9m os kits com 2 colunas, mics e mesa de mistura.\",\"breadcrumb\":{\"@id\":\"https:\/\/rental.digitalazul.pt\/en\/produto\/pa-800w\/#breadcrumb\"},\"inLanguage\":\"en-US\",\"potentialAction\":[{\"@type\":\"ReadAction\",\"target\":[\"https:\/\/rental.digitalazul.pt\/en\/produto\/pa-800w\/\"]}]},{\"@type\":\"ImageObject\",\"inLanguage\":\"en-US\",\"@id\":\"https:\/\/rental.digitalazul.pt\/en\/produto\/pa-800w\/#primaryimage\",\"url\":\"https:\/\/rental.digitalazul.pt\/wp-content\/uploads\/2016\/09\/front-db.jpg\",\"contentUrl\":\"https:\/\/rental.digitalazul.pt\/wp-content\/uploads\/2016\/09\/front-db.jpg\",\"width\":1500,\"height\":1438},{\"@type\":\"BreadcrumbList\",\"@id\":\"https:\/\/rental.digitalazul.pt\/en\/produto\/pa-800w\/#breadcrumb\",\"itemListElement\":[{\"@type\":\"ListItem\",\"position\":1,\"name\":\"Home\",\"item\":\"https:\/\/rental.digitalazul.pt\/en\/\"},{\"@type\":\"ListItem\",\"position\":2,\"name\":\"Categories\",\"item\":\"https:\/\/rental.digitalazul.pt\/en\/categories\/\"},{\"@type\":\"ListItem\",\"position\":3,\"name\":\"PA 800W\"}]},{\"@type\":\"WebSite\",\"@id\":\"https:\/\/rental.digitalazul.pt\/en\/#website\",\"url\":\"https:\/\/rental.digitalazul.pt\/en\/\",\"name\":\"Digital Azul\",\"description\":\"Rental Catalogue\",\"potentialAction\":[{\"@type\":\"SearchAction\",\"target\":{\"@type\":\"EntryPoint\",\"urlTemplate\":\"https:\/\/rental.digitalazul.pt\/en\/?s={search_term_string}\"},\"query-input\":\"required name=search_term_string\"}],\"inLanguage\":\"en-US\"}]}<\/script>\n<!-- \/ Yoast SEO plugin. -->","yoast_head_json":{"title":"Coluna de Som P.A. - 800W","description":"Dispon\u00edvel para alugar na Digital Azul, coluna de som PA de 800W, DB Technologies ES 602. Consulte tamb\u00e9m os kits com 2 colunas, mics e mesa de mistura.","robots":{"index":"index","follow":"follow","max-snippet":"max-snippet:-1","max-image-preview":"max-image-preview:large","max-video-preview":"max-video-preview:-1"},"canonical":"https:\/\/rental.digitalazul.pt\/en\/produto\/pa-800w\/","og_locale":"en_US","og_type":"article","og_title":"Coluna de Som P.A. - 800W","og_description":"Dispon\u00edvel para alugar na Digital Azul, coluna de som PA de 800W, DB Technologies ES 602. Consulte tamb\u00e9m os kits com 2 colunas, mics e mesa de mistura.","og_url":"https:\/\/rental.digitalazul.pt\/en\/produto\/pa-800w\/","og_site_name":"Digital Azul","article_publisher":"https:\/\/www.facebook.com\/DigitalAzul","article_modified_time":"2025-05-14T14:19:45+00:00","og_image":[{"width":1500,"height":1438,"url":"https:\/\/rental.digitalazul.pt\/wp-content\/uploads\/2016\/09\/front-db.jpg","type":"image\/jpeg"}],"twitter_card":"summary_large_image","twitter_misc":{"Est. reading time":"1 minute"},"schema":{"@context":"https:\/\/schema.org","@graph":[{"@type":"WebPage","@id":"https:\/\/rental.digitalazul.pt\/en\/produto\/pa-800w\/","url":"https:\/\/rental.digitalazul.pt\/en\/produto\/pa-800w\/","name":"Coluna de Som P.A. - 800W","isPartOf":{"@id":"https:\/\/rental.digitalazul.pt\/en\/#website"},"primaryImageOfPage":{"@id":"https:\/\/rental.digitalazul.pt\/en\/produto\/pa-800w\/#primaryimage"},"image":{"@id":"https:\/\/rental.digitalazul.pt\/en\/produto\/pa-800w\/#primaryimage"},"thumbnailUrl":"https:\/\/rental.digitalazul.pt\/wp-content\/uploads\/2016\/09\/front-db.jpg","datePublished":"2016-09-20T07:14:44+00:00","dateModified":"2025-05-14T14:19:45+00:00","description":"Dispon\u00edvel para alugar na Digital Azul, coluna de som PA de 800W, DB Technologies ES 602. Consulte tamb\u00e9m os kits com 2 colunas, mics e mesa de mistura.","breadcrumb":{"@id":"https:\/\/rental.digitalazul.pt\/en\/produto\/pa-800w\/#breadcrumb"},"inLanguage":"en-US","potentialAction":[{"@type":"ReadAction","target":["https:\/\/rental.digitalazul.pt\/en\/produto\/pa-800w\/"]}]},{"@type":"ImageObject","inLanguage":"en-US","@id":"https:\/\/rental.digitalazul.pt\/en\/produto\/pa-800w\/#primaryimage","url":"https:\/\/rental.digitalazul.pt\/wp-content\/uploads\/2016\/09\/front-db.jpg","contentUrl":"https:\/\/rental.digitalazul.pt\/wp-content\/uploads\/2016\/09\/front-db.jpg","width":1500,"height":1438},{"@type":"BreadcrumbList","@id":"https:\/\/rental.digitalazul.pt\/en\/produto\/pa-800w\/#breadcrumb","itemListElement":[{"@type":"ListItem","position":1,"name":"Home","item":"https:\/\/rental.digitalazul.pt\/en\/"},{"@type":"ListItem","position":2,"name":"Categories","item":"https:\/\/rental.digitalazul.pt\/en\/categories\/"},{"@type":"ListItem","position":3,"name":"PA 800W"}]},{"@type":"WebSite","@id":"https:\/\/rental.digitalazul.pt\/en\/#website","url":"https:\/\/rental.digitalazul.pt\/en\/","name":"Digital Azul","description":"Rental Catalogue","potentialAction":[{"@type":"SearchAction","target":{"@type":"EntryPoint","urlTemplate":"https:\/\/rental.digitalazul.pt\/en\/?s={search_term_string}"},"query-input":"required name=search_term_string"}],"inLanguage":"en-US"}]}},"_links":{"self":[{"href":"https:\/\/rental.digitalazul.pt\/en\/wp-json\/wp\/v2\/product\/934"}],"collection":[{"href":"https:\/\/rental.digitalazul.pt\/en\/wp-json\/wp\/v2\/product"}],"about":[{"href":"https:\/\/rental.digitalazul.pt\/en\/wp-json\/wp\/v2\/types\/product"}],"wp:featuredmedia":[{"embeddable":true,"href":"https:\/\/rental.digitalazul.pt\/en\/wp-json\/wp\/v2\/media\/1888"}],"wp:attachment":[{"href":"https:\/\/rental.digitalazul.pt\/en\/wp-json\/wp\/v2\/media?parent=934"}],"wp:term":[{"taxonomy":"product_cat","embeddable":true,"href":"https:\/\/rental.digitalazul.pt\/en\/wp-json\/wp\/v2\/product_cat?post=934"},{"taxonomy":"product_tag","embeddable":true,"href":"https:\/\/rental.digitalazul.pt\/en\/wp-json\/wp\/v2\/product_tag?post=934"}],"curies":[{"name":"wp","href":"https:\/\/api.w.org\/{rel}","templated":true}]}}