{"id":984,"date":"2016-09-18T03:35:33","date_gmt":"2016-09-18T03:35:33","guid":{"rendered":"https:\/\/rental.digitalazul.pt\/en\/category\/sem%20categoria\/kit-dslr-5d-mark-iii-com-3-objetivas-cine-prime\/"},"modified":"2025-05-12T17:11:33","modified_gmt":"2025-05-12T16:11:33","slug":"kit-dslr-5d-mark-iii-com-3-objetivas-cine-prime","status":"publish","type":"product","link":"https:\/\/rental.digitalazul.pt\/en\/produto\/kit-dslr-5d-mark-iii-com-3-objetivas-cine-prime\/","title":{"rendered":"KIT \u2013 5D Mark III w\/ 3 Cine-Prime Lenses"},"content":{"rendered":"","protected":false},"excerpt":{"rendered":"","protected":false},"featured_media":1730,"template":"","meta":[],"product_cat":[529],"product_tag":[91],"class_list":{"0":"post-984","1":"product","2":"type-product","3":"status-publish","4":"has-post-thumbnail","6":"product_cat-kits-en","7":"product_tag-canon-en","9":"first","10":"instock","11":"taxable","12":"shipping-taxable","13":"purchasable","14":"product-type-simple"},"acf":[],"yoast_head":"<!-- This site is optimized with the Yoast SEO plugin v23.2 - https:\/\/yoast.com\/wordpress\/plugins\/seo\/ -->\n<title>Aluguer KIT \u2013 5D Mark III com 3 Objetivas Cine-Prime - Digital Azul<\/title>\n<meta name=\"description\" content=\"Kit de Cinema Digital com a c\u00e2mara 5d MK III e com 3 objetivas cine-prime Rokinon e trip\u00e9 dispon\u00edvel para aluguer na Digital Azul\" \/>\n<meta name=\"robots\" content=\"index, follow, max-snippet:-1, max-image-preview:large, max-video-preview:-1\" \/>\n<link rel=\"canonical\" href=\"https:\/\/rental.digitalazul.pt\/en\/produto\/kit-dslr-5d-mark-iii-com-3-objetivas-cine-prime\/\" \/>\n<meta property=\"og:locale\" content=\"en_US\" \/>\n<meta property=\"og:type\" content=\"article\" \/>\n<meta property=\"og:title\" content=\"Aluguer KIT \u2013 5D Mark III com 3 Objetivas Cine-Prime - Digital Azul\" \/>\n<meta property=\"og:description\" content=\"Kit de Cinema Digital com a c\u00e2mara 5d MK III e com 3 objetivas cine-prime Rokinon e trip\u00e9 dispon\u00edvel para aluguer na Digital Azul\" \/>\n<meta property=\"og:url\" content=\"https:\/\/rental.digitalazul.pt\/en\/produto\/kit-dslr-5d-mark-iii-com-3-objetivas-cine-prime\/\" \/>\n<meta property=\"og:site_name\" content=\"Digital Azul\" \/>\n<meta property=\"article:publisher\" content=\"https:\/\/www.facebook.com\/DigitalAzul\" \/>\n<meta property=\"article:modified_time\" content=\"2025-05-12T16:11:33+00:00\" \/>\n<meta property=\"og:image\" content=\"https:\/\/rental.digitalazul.pt\/wp-content\/uploads\/2016\/09\/KIT-\u2013-5D-Mark-III-com-3-Objetivas-Cine-Prime-THUMB-Digital-Azul.jpg\" \/>\n\t<meta property=\"og:image:width\" content=\"1200\" \/>\n\t<meta property=\"og:image:height\" content=\"1200\" \/>\n\t<meta property=\"og:image:type\" content=\"image\/jpeg\" \/>\n<meta name=\"twitter:card\" content=\"summary_large_image\" \/>\n<meta name=\"twitter:label1\" content=\"Est. reading time\" \/>\n\t<meta name=\"twitter:data1\" content=\"1 minute\" \/>\n<script type=\"application\/ld+json\" class=\"yoast-schema-graph\">{\"@context\":\"https:\/\/schema.org\",\"@graph\":[{\"@type\":\"WebPage\",\"@id\":\"https:\/\/rental.digitalazul.pt\/en\/produto\/kit-dslr-5d-mark-iii-com-3-objetivas-cine-prime\/\",\"url\":\"https:\/\/rental.digitalazul.pt\/en\/produto\/kit-dslr-5d-mark-iii-com-3-objetivas-cine-prime\/\",\"name\":\"Aluguer KIT \u2013 5D Mark III com 3 Objetivas Cine-Prime - Digital Azul\",\"isPartOf\":{\"@id\":\"https:\/\/rental.digitalazul.pt\/en\/#website\"},\"primaryImageOfPage\":{\"@id\":\"https:\/\/rental.digitalazul.pt\/en\/produto\/kit-dslr-5d-mark-iii-com-3-objetivas-cine-prime\/#primaryimage\"},\"image\":{\"@id\":\"https:\/\/rental.digitalazul.pt\/en\/produto\/kit-dslr-5d-mark-iii-com-3-objetivas-cine-prime\/#primaryimage\"},\"thumbnailUrl\":\"https:\/\/rental.digitalazul.pt\/wp-content\/uploads\/2016\/09\/KIT-\u2013-5D-Mark-III-com-3-Objetivas-Cine-Prime-THUMB-Digital-Azul.jpg\",\"datePublished\":\"2016-09-18T03:35:33+00:00\",\"dateModified\":\"2025-05-12T16:11:33+00:00\",\"description\":\"Kit de Cinema Digital com a c\u00e2mara 5d MK III e com 3 objetivas cine-prime Rokinon e trip\u00e9 dispon\u00edvel para aluguer na Digital Azul\",\"breadcrumb\":{\"@id\":\"https:\/\/rental.digitalazul.pt\/en\/produto\/kit-dslr-5d-mark-iii-com-3-objetivas-cine-prime\/#breadcrumb\"},\"inLanguage\":\"en-US\",\"potentialAction\":[{\"@type\":\"ReadAction\",\"target\":[\"https:\/\/rental.digitalazul.pt\/en\/produto\/kit-dslr-5d-mark-iii-com-3-objetivas-cine-prime\/\"]}]},{\"@type\":\"ImageObject\",\"inLanguage\":\"en-US\",\"@id\":\"https:\/\/rental.digitalazul.pt\/en\/produto\/kit-dslr-5d-mark-iii-com-3-objetivas-cine-prime\/#primaryimage\",\"url\":\"https:\/\/rental.digitalazul.pt\/wp-content\/uploads\/2016\/09\/KIT-\u2013-5D-Mark-III-com-3-Objetivas-Cine-Prime-THUMB-Digital-Azul.jpg\",\"contentUrl\":\"https:\/\/rental.digitalazul.pt\/wp-content\/uploads\/2016\/09\/KIT-\u2013-5D-Mark-III-com-3-Objetivas-Cine-Prime-THUMB-Digital-Azul.jpg\",\"width\":1200,\"height\":1200},{\"@type\":\"BreadcrumbList\",\"@id\":\"https:\/\/rental.digitalazul.pt\/en\/produto\/kit-dslr-5d-mark-iii-com-3-objetivas-cine-prime\/#breadcrumb\",\"itemListElement\":[{\"@type\":\"ListItem\",\"position\":1,\"name\":\"Home\",\"item\":\"https:\/\/rental.digitalazul.pt\/en\/\"},{\"@type\":\"ListItem\",\"position\":2,\"name\":\"Categories\",\"item\":\"https:\/\/rental.digitalazul.pt\/en\/categories\/\"},{\"@type\":\"ListItem\",\"position\":3,\"name\":\"KIT \u2013 5D Mark III w\/ 3 Cine-Prime Lenses\"}]},{\"@type\":\"WebSite\",\"@id\":\"https:\/\/rental.digitalazul.pt\/en\/#website\",\"url\":\"https:\/\/rental.digitalazul.pt\/en\/\",\"name\":\"Digital Azul\",\"description\":\"Rental Catalogue\",\"potentialAction\":[{\"@type\":\"SearchAction\",\"target\":{\"@type\":\"EntryPoint\",\"urlTemplate\":\"https:\/\/rental.digitalazul.pt\/en\/?s={search_term_string}\"},\"query-input\":\"required name=search_term_string\"}],\"inLanguage\":\"en-US\"}]}<\/script>\n<!-- \/ Yoast SEO plugin. -->","yoast_head_json":{"title":"Aluguer KIT \u2013 5D Mark III com 3 Objetivas Cine-Prime - Digital Azul","description":"Kit de Cinema Digital com a c\u00e2mara 5d MK III e com 3 objetivas cine-prime Rokinon e trip\u00e9 dispon\u00edvel para aluguer na Digital Azul","robots":{"index":"index","follow":"follow","max-snippet":"max-snippet:-1","max-image-preview":"max-image-preview:large","max-video-preview":"max-video-preview:-1"},"canonical":"https:\/\/rental.digitalazul.pt\/en\/produto\/kit-dslr-5d-mark-iii-com-3-objetivas-cine-prime\/","og_locale":"en_US","og_type":"article","og_title":"Aluguer KIT \u2013 5D Mark III com 3 Objetivas Cine-Prime - Digital Azul","og_description":"Kit de Cinema Digital com a c\u00e2mara 5d MK III e com 3 objetivas cine-prime Rokinon e trip\u00e9 dispon\u00edvel para aluguer na Digital Azul","og_url":"https:\/\/rental.digitalazul.pt\/en\/produto\/kit-dslr-5d-mark-iii-com-3-objetivas-cine-prime\/","og_site_name":"Digital Azul","article_publisher":"https:\/\/www.facebook.com\/DigitalAzul","article_modified_time":"2025-05-12T16:11:33+00:00","og_image":[{"width":1200,"height":1200,"url":"https:\/\/rental.digitalazul.pt\/wp-content\/uploads\/2016\/09\/KIT-\u2013-5D-Mark-III-com-3-Objetivas-Cine-Prime-THUMB-Digital-Azul.jpg","type":"image\/jpeg"}],"twitter_card":"summary_large_image","twitter_misc":{"Est. reading time":"1 minute"},"schema":{"@context":"https:\/\/schema.org","@graph":[{"@type":"WebPage","@id":"https:\/\/rental.digitalazul.pt\/en\/produto\/kit-dslr-5d-mark-iii-com-3-objetivas-cine-prime\/","url":"https:\/\/rental.digitalazul.pt\/en\/produto\/kit-dslr-5d-mark-iii-com-3-objetivas-cine-prime\/","name":"Aluguer KIT \u2013 5D Mark III com 3 Objetivas Cine-Prime - Digital Azul","isPartOf":{"@id":"https:\/\/rental.digitalazul.pt\/en\/#website"},"primaryImageOfPage":{"@id":"https:\/\/rental.digitalazul.pt\/en\/produto\/kit-dslr-5d-mark-iii-com-3-objetivas-cine-prime\/#primaryimage"},"image":{"@id":"https:\/\/rental.digitalazul.pt\/en\/produto\/kit-dslr-5d-mark-iii-com-3-objetivas-cine-prime\/#primaryimage"},"thumbnailUrl":"https:\/\/rental.digitalazul.pt\/wp-content\/uploads\/2016\/09\/KIT-\u2013-5D-Mark-III-com-3-Objetivas-Cine-Prime-THUMB-Digital-Azul.jpg","datePublished":"2016-09-18T03:35:33+00:00","dateModified":"2025-05-12T16:11:33+00:00","description":"Kit de Cinema Digital com a c\u00e2mara 5d MK III e com 3 objetivas cine-prime Rokinon e trip\u00e9 dispon\u00edvel para aluguer na Digital Azul","breadcrumb":{"@id":"https:\/\/rental.digitalazul.pt\/en\/produto\/kit-dslr-5d-mark-iii-com-3-objetivas-cine-prime\/#breadcrumb"},"inLanguage":"en-US","potentialAction":[{"@type":"ReadAction","target":["https:\/\/rental.digitalazul.pt\/en\/produto\/kit-dslr-5d-mark-iii-com-3-objetivas-cine-prime\/"]}]},{"@type":"ImageObject","inLanguage":"en-US","@id":"https:\/\/rental.digitalazul.pt\/en\/produto\/kit-dslr-5d-mark-iii-com-3-objetivas-cine-prime\/#primaryimage","url":"https:\/\/rental.digitalazul.pt\/wp-content\/uploads\/2016\/09\/KIT-\u2013-5D-Mark-III-com-3-Objetivas-Cine-Prime-THUMB-Digital-Azul.jpg","contentUrl":"https:\/\/rental.digitalazul.pt\/wp-content\/uploads\/2016\/09\/KIT-\u2013-5D-Mark-III-com-3-Objetivas-Cine-Prime-THUMB-Digital-Azul.jpg","width":1200,"height":1200},{"@type":"BreadcrumbList","@id":"https:\/\/rental.digitalazul.pt\/en\/produto\/kit-dslr-5d-mark-iii-com-3-objetivas-cine-prime\/#breadcrumb","itemListElement":[{"@type":"ListItem","position":1,"name":"Home","item":"https:\/\/rental.digitalazul.pt\/en\/"},{"@type":"ListItem","position":2,"name":"Categories","item":"https:\/\/rental.digitalazul.pt\/en\/categories\/"},{"@type":"ListItem","position":3,"name":"KIT \u2013 5D Mark III w\/ 3 Cine-Prime Lenses"}]},{"@type":"WebSite","@id":"https:\/\/rental.digitalazul.pt\/en\/#website","url":"https:\/\/rental.digitalazul.pt\/en\/","name":"Digital Azul","description":"Rental Catalogue","potentialAction":[{"@type":"SearchAction","target":{"@type":"EntryPoint","urlTemplate":"https:\/\/rental.digitalazul.pt\/en\/?s={search_term_string}"},"query-input":"required name=search_term_string"}],"inLanguage":"en-US"}]}},"_links":{"self":[{"href":"https:\/\/rental.digitalazul.pt\/en\/wp-json\/wp\/v2\/product\/984"}],"collection":[{"href":"https:\/\/rental.digitalazul.pt\/en\/wp-json\/wp\/v2\/product"}],"about":[{"href":"https:\/\/rental.digitalazul.pt\/en\/wp-json\/wp\/v2\/types\/product"}],"wp:featuredmedia":[{"embeddable":true,"href":"https:\/\/rental.digitalazul.pt\/en\/wp-json\/wp\/v2\/media\/1730"}],"wp:attachment":[{"href":"https:\/\/rental.digitalazul.pt\/en\/wp-json\/wp\/v2\/media?parent=984"}],"wp:term":[{"taxonomy":"product_cat","embeddable":true,"href":"https:\/\/rental.digitalazul.pt\/en\/wp-json\/wp\/v2\/product_cat?post=984"},{"taxonomy":"product_tag","embeddable":true,"href":"https:\/\/rental.digitalazul.pt\/en\/wp-json\/wp\/v2\/product_tag?post=984"}],"curies":[{"name":"wp","href":"https:\/\/api.w.org\/{rel}","templated":true}]}}