{"id":9890,"date":"2023-05-19T11:51:44","date_gmt":"2023-05-19T10:51:44","guid":{"rendered":"https:\/\/rental.digitalazul.pt\/?post_type=product&#038;p=9890"},"modified":"2025-06-23T16:20:28","modified_gmt":"2025-06-23T15:20:28","slug":"tv-led-65-4k-uhd-copia","status":"publish","type":"product","link":"https:\/\/rental.digitalazul.pt\/en\/produto\/tv-led-65-4k-uhd-copia\/","title":{"rendered":"TV LED 50&#8243; 4K UHD"},"content":{"rendered":"","protected":false},"excerpt":{"rendered":"<p>Advertise your product or business digitally with the\u00a0<b>NEC E657Q 65&#8243; Class 4K UHD Commercial LED TV<\/b>. It has up to a 350 cd\/m\u00b2 brightness output with a 4000:1 contrast ratio to help enhance visibility in bright environments. The TV features a 4K UHD native resolution, allowing you to display highly detailed signage with compatible content.<\/p>\n<p>The TV has a VGA, RCA component\/composite video combo, and three HDMI inputs to provide a variety of connectivity options. The USB port and onboard media player allow for the playback of compatible photo, video, and audio formats. For added convenience, the E657Q includes a remote control and an HDMI cable for instant connectivity.<\/p>\n","protected":false},"featured_media":9892,"template":"","meta":[],"product_cat":[216,398],"product_tag":[],"class_list":{"0":"post-9890","1":"product","2":"type-product","3":"status-publish","4":"has-post-thumbnail","6":"product_cat-monitors-recorders-for-rent-hire-in-lisbon-portugal-at-digital-azul","7":"product_cat-screens-and-video-projectors","9":"first","10":"instock","11":"taxable","12":"shipping-taxable","13":"purchasable","14":"product-type-simple"},"acf":[],"yoast_head":"<!-- This site is optimized with the Yoast SEO plugin v23.2 - https:\/\/yoast.com\/wordpress\/plugins\/seo\/ -->\n<title>Tela de proje\u00e7\u00e3o com 2.66 x 1.50m com montagem em Lisboa - DigitalAzul<\/title>\n<meta name=\"description\" content=\"Tela de proje\u00e7\u00e3o com 2.66 x 1.50m com montagem em Lisboa for rent at Digital Azul.\" \/>\n<meta name=\"robots\" content=\"index, follow, max-snippet:-1, max-image-preview:large, max-video-preview:-1\" \/>\n<link rel=\"canonical\" href=\"https:\/\/rental.digitalazul.pt\/en\/produto\/tv-led-65-4k-uhd-copia\/\" \/>\n<meta property=\"og:locale\" content=\"en_US\" \/>\n<meta property=\"og:type\" content=\"article\" \/>\n<meta property=\"og:title\" content=\"Tela de proje\u00e7\u00e3o com 2.66 x 1.50m com montagem em Lisboa - DigitalAzul\" \/>\n<meta property=\"og:description\" content=\"Tela de proje\u00e7\u00e3o com 2.66 x 1.50m com montagem em Lisboa for rent at Digital Azul.\" \/>\n<meta property=\"og:url\" content=\"https:\/\/rental.digitalazul.pt\/en\/produto\/tv-led-65-4k-uhd-copia\/\" \/>\n<meta property=\"og:site_name\" content=\"Digital Azul\" \/>\n<meta property=\"article:publisher\" content=\"https:\/\/www.facebook.com\/DigitalAzul\" \/>\n<meta property=\"article:modified_time\" content=\"2025-06-23T15:20:28+00:00\" \/>\n<meta property=\"og:image\" content=\"https:\/\/rental.digitalazul.pt\/wp-content\/uploads\/2023\/05\/TV-LED-50-copy.jpg\" \/>\n\t<meta property=\"og:image:width\" content=\"1200\" \/>\n\t<meta property=\"og:image:height\" content=\"1200\" \/>\n\t<meta property=\"og:image:type\" content=\"image\/jpeg\" \/>\n<meta name=\"twitter:card\" content=\"summary_large_image\" \/>\n<meta name=\"twitter:label1\" content=\"Est. reading time\" \/>\n\t<meta name=\"twitter:data1\" content=\"1 minute\" \/>\n<script type=\"application\/ld+json\" class=\"yoast-schema-graph\">{\"@context\":\"https:\/\/schema.org\",\"@graph\":[{\"@type\":\"WebPage\",\"@id\":\"https:\/\/rental.digitalazul.pt\/en\/produto\/tv-led-65-4k-uhd-copia\/\",\"url\":\"https:\/\/rental.digitalazul.pt\/en\/produto\/tv-led-65-4k-uhd-copia\/\",\"name\":\"Tela de proje\u00e7\u00e3o com 2.66 x 1.50m com montagem em Lisboa - DigitalAzul\",\"isPartOf\":{\"@id\":\"https:\/\/rental.digitalazul.pt\/en\/#website\"},\"primaryImageOfPage\":{\"@id\":\"https:\/\/rental.digitalazul.pt\/en\/produto\/tv-led-65-4k-uhd-copia\/#primaryimage\"},\"image\":{\"@id\":\"https:\/\/rental.digitalazul.pt\/en\/produto\/tv-led-65-4k-uhd-copia\/#primaryimage\"},\"thumbnailUrl\":\"https:\/\/rental.digitalazul.pt\/wp-content\/uploads\/2023\/05\/TV-LED-50-copy.jpg\",\"datePublished\":\"2023-05-19T10:51:44+00:00\",\"dateModified\":\"2025-06-23T15:20:28+00:00\",\"description\":\"Tela de proje\u00e7\u00e3o com 2.66 x 1.50m com montagem em Lisboa for rent at Digital Azul.\",\"breadcrumb\":{\"@id\":\"https:\/\/rental.digitalazul.pt\/en\/produto\/tv-led-65-4k-uhd-copia\/#breadcrumb\"},\"inLanguage\":\"en-US\",\"potentialAction\":[{\"@type\":\"ReadAction\",\"target\":[\"https:\/\/rental.digitalazul.pt\/en\/produto\/tv-led-65-4k-uhd-copia\/\"]}]},{\"@type\":\"ImageObject\",\"inLanguage\":\"en-US\",\"@id\":\"https:\/\/rental.digitalazul.pt\/en\/produto\/tv-led-65-4k-uhd-copia\/#primaryimage\",\"url\":\"https:\/\/rental.digitalazul.pt\/wp-content\/uploads\/2023\/05\/TV-LED-50-copy.jpg\",\"contentUrl\":\"https:\/\/rental.digitalazul.pt\/wp-content\/uploads\/2023\/05\/TV-LED-50-copy.jpg\",\"width\":1200,\"height\":1200},{\"@type\":\"BreadcrumbList\",\"@id\":\"https:\/\/rental.digitalazul.pt\/en\/produto\/tv-led-65-4k-uhd-copia\/#breadcrumb\",\"itemListElement\":[{\"@type\":\"ListItem\",\"position\":1,\"name\":\"Home\",\"item\":\"https:\/\/rental.digitalazul.pt\/en\/\"},{\"@type\":\"ListItem\",\"position\":2,\"name\":\"Categories\",\"item\":\"https:\/\/rental.digitalazul.pt\/en\/categories\/\"},{\"@type\":\"ListItem\",\"position\":3,\"name\":\"TV LED 50&#8243; 4K UHD\"}]},{\"@type\":\"WebSite\",\"@id\":\"https:\/\/rental.digitalazul.pt\/en\/#website\",\"url\":\"https:\/\/rental.digitalazul.pt\/en\/\",\"name\":\"Digital Azul\",\"description\":\"Rental Catalogue\",\"potentialAction\":[{\"@type\":\"SearchAction\",\"target\":{\"@type\":\"EntryPoint\",\"urlTemplate\":\"https:\/\/rental.digitalazul.pt\/en\/?s={search_term_string}\"},\"query-input\":\"required name=search_term_string\"}],\"inLanguage\":\"en-US\"}]}<\/script>\n<!-- \/ Yoast SEO plugin. -->","yoast_head_json":{"title":"Tela de proje\u00e7\u00e3o com 2.66 x 1.50m com montagem em Lisboa - DigitalAzul","description":"Tela de proje\u00e7\u00e3o com 2.66 x 1.50m com montagem em Lisboa for rent at Digital Azul.","robots":{"index":"index","follow":"follow","max-snippet":"max-snippet:-1","max-image-preview":"max-image-preview:large","max-video-preview":"max-video-preview:-1"},"canonical":"https:\/\/rental.digitalazul.pt\/en\/produto\/tv-led-65-4k-uhd-copia\/","og_locale":"en_US","og_type":"article","og_title":"Tela de proje\u00e7\u00e3o com 2.66 x 1.50m com montagem em Lisboa - DigitalAzul","og_description":"Tela de proje\u00e7\u00e3o com 2.66 x 1.50m com montagem em Lisboa for rent at Digital Azul.","og_url":"https:\/\/rental.digitalazul.pt\/en\/produto\/tv-led-65-4k-uhd-copia\/","og_site_name":"Digital Azul","article_publisher":"https:\/\/www.facebook.com\/DigitalAzul","article_modified_time":"2025-06-23T15:20:28+00:00","og_image":[{"width":1200,"height":1200,"url":"https:\/\/rental.digitalazul.pt\/wp-content\/uploads\/2023\/05\/TV-LED-50-copy.jpg","type":"image\/jpeg"}],"twitter_card":"summary_large_image","twitter_misc":{"Est. reading time":"1 minute"},"schema":{"@context":"https:\/\/schema.org","@graph":[{"@type":"WebPage","@id":"https:\/\/rental.digitalazul.pt\/en\/produto\/tv-led-65-4k-uhd-copia\/","url":"https:\/\/rental.digitalazul.pt\/en\/produto\/tv-led-65-4k-uhd-copia\/","name":"Tela de proje\u00e7\u00e3o com 2.66 x 1.50m com montagem em Lisboa - DigitalAzul","isPartOf":{"@id":"https:\/\/rental.digitalazul.pt\/en\/#website"},"primaryImageOfPage":{"@id":"https:\/\/rental.digitalazul.pt\/en\/produto\/tv-led-65-4k-uhd-copia\/#primaryimage"},"image":{"@id":"https:\/\/rental.digitalazul.pt\/en\/produto\/tv-led-65-4k-uhd-copia\/#primaryimage"},"thumbnailUrl":"https:\/\/rental.digitalazul.pt\/wp-content\/uploads\/2023\/05\/TV-LED-50-copy.jpg","datePublished":"2023-05-19T10:51:44+00:00","dateModified":"2025-06-23T15:20:28+00:00","description":"Tela de proje\u00e7\u00e3o com 2.66 x 1.50m com montagem em Lisboa for rent at Digital Azul.","breadcrumb":{"@id":"https:\/\/rental.digitalazul.pt\/en\/produto\/tv-led-65-4k-uhd-copia\/#breadcrumb"},"inLanguage":"en-US","potentialAction":[{"@type":"ReadAction","target":["https:\/\/rental.digitalazul.pt\/en\/produto\/tv-led-65-4k-uhd-copia\/"]}]},{"@type":"ImageObject","inLanguage":"en-US","@id":"https:\/\/rental.digitalazul.pt\/en\/produto\/tv-led-65-4k-uhd-copia\/#primaryimage","url":"https:\/\/rental.digitalazul.pt\/wp-content\/uploads\/2023\/05\/TV-LED-50-copy.jpg","contentUrl":"https:\/\/rental.digitalazul.pt\/wp-content\/uploads\/2023\/05\/TV-LED-50-copy.jpg","width":1200,"height":1200},{"@type":"BreadcrumbList","@id":"https:\/\/rental.digitalazul.pt\/en\/produto\/tv-led-65-4k-uhd-copia\/#breadcrumb","itemListElement":[{"@type":"ListItem","position":1,"name":"Home","item":"https:\/\/rental.digitalazul.pt\/en\/"},{"@type":"ListItem","position":2,"name":"Categories","item":"https:\/\/rental.digitalazul.pt\/en\/categories\/"},{"@type":"ListItem","position":3,"name":"TV LED 50&#8243; 4K UHD"}]},{"@type":"WebSite","@id":"https:\/\/rental.digitalazul.pt\/en\/#website","url":"https:\/\/rental.digitalazul.pt\/en\/","name":"Digital Azul","description":"Rental Catalogue","potentialAction":[{"@type":"SearchAction","target":{"@type":"EntryPoint","urlTemplate":"https:\/\/rental.digitalazul.pt\/en\/?s={search_term_string}"},"query-input":"required name=search_term_string"}],"inLanguage":"en-US"}]}},"_links":{"self":[{"href":"https:\/\/rental.digitalazul.pt\/en\/wp-json\/wp\/v2\/product\/9890"}],"collection":[{"href":"https:\/\/rental.digitalazul.pt\/en\/wp-json\/wp\/v2\/product"}],"about":[{"href":"https:\/\/rental.digitalazul.pt\/en\/wp-json\/wp\/v2\/types\/product"}],"wp:featuredmedia":[{"embeddable":true,"href":"https:\/\/rental.digitalazul.pt\/en\/wp-json\/wp\/v2\/media\/9892"}],"wp:attachment":[{"href":"https:\/\/rental.digitalazul.pt\/en\/wp-json\/wp\/v2\/media?parent=9890"}],"wp:term":[{"taxonomy":"product_cat","embeddable":true,"href":"https:\/\/rental.digitalazul.pt\/en\/wp-json\/wp\/v2\/product_cat?post=9890"},{"taxonomy":"product_tag","embeddable":true,"href":"https:\/\/rental.digitalazul.pt\/en\/wp-json\/wp\/v2\/product_tag?post=9890"}],"curies":[{"name":"wp","href":"https:\/\/api.w.org\/{rel}","templated":true}]}}